{"id":927,"date":"2024-09-14T02:14:04","date_gmt":"2024-09-14T02:14:04","guid":{"rendered":"https:\/\/lofimusic.com.es\/index.php\/producto\/b0d6yhy147_de\/"},"modified":"2024-09-14T02:14:04","modified_gmt":"2024-09-14T02:14:04","slug":"b0d6yhy147_de","status":"publish","type":"product","link":"https:\/\/lofimusic.com.es\/index.php\/producto\/b0d6yhy147_de\/","title":{"rendered":"B0D6YHY147_DE"},"content":{"rendered":"<p>&#8211; Gro\u00dfer effektiver Arbeitsbereich: Wenn ein Tier den Bereich betritt, wird ein Infrarotsensor ausgel\u00f6st. Der rechte und linke Winkel des Infrarotsensors betr\u00e4gt 110 Grad, effektive Entfernung: 6-8 Meter, je nach Gr\u00f6\u00dfe des Tieres. Um das bestm\u00f6gliche Ergebnis zu erzielen, empfehlen wir, bei Bodenfl\u00e4chen, die von Maulw\u00fcrfen frequentiert werden, 2 Ger\u00e4te alle 80 Fu\u00df zu installieren.<br \/>\n&#8211; Sicher f\u00fcr Haustiere: Der Maulwurfsvertreiber arbeitet mit Frequenzen, die f\u00fcr Haustiere sicher sind und unerw\u00fcnschte Besucher wie Maulw\u00fcrfe oder W\u00fchlm\u00e4use fernhalten.<br \/>\n&#8211; Professionelle Anwendung: Der Maulwurfvertreiber wurde von EdenGardens urspr\u00fcnglich f\u00fcr den Einsatz im Sport- und Golfplatzbau entwickelt. Aufgrund der hohen Nachfrage und Expertise im Privatgarten k\u00f6nnen wir dieses Produkt nun endlich auch f\u00fcr Privatkunden anbieten.<br \/>\n&#8211; Fortschrittliche Ultraschalltechnologie: Das Maulwurfsabwehrger\u00e4t verf\u00fcgt \u00fcber 3 Modi (Vibrationsmodus, Signaltonmodus, Vibrations- und Signaltonmodus). Der Vibrationsmodus unterscheidet sich von herk\u00f6mmlichen Maulwurfabwehrger\u00e4ten dadurch, dass er einen schwachen Ton abgibt, der keine Auswirkungen auf das t\u00e4gliche Leben der Menschen hat. Ein gelegentliches Umschalten zwischen den Modi erschwert die Einstellung der Maulw\u00fcrfe, was zu einem besseren Vertreibungseffekt f\u00fchrt.<br \/>\n&#8211; Advanced ultrasonic technology: The mole repeller has 3 modes (vibration mode, beep mode, vibration and beep mode). The vibration mode differs from conventional mole repellers in that it emits a weak sound that has no effect on people&#8217;s daily lives. Occasional switching between modes makes it more difficult to set the moles, resulting in a better repelling effect.<\/p>\n","protected":false},"excerpt":{"rendered":"<p>Werbung<br \/>\nWUGEIN Maulwurfschreck Ultraschall-solarbetriebenes Ameisenschutzmittel, M\u00fcckenschutzmittel und Sch\u00e4dlingsbek\u00e4mpfung f\u00fcr Rasen und G\u00e4rten, mit Einer wirksamen M\u00fcckenschutzfl\u00e4che von ca.<\/p>\n","protected":false},"featured_media":926,"comment_status":"open","ping_status":"closed","template":"","meta":[],"product_cat":[15],"product_tag":[],"class_list":{"0":"post-927","1":"product","2":"type-product","3":"status-publish","4":"has-post-thumbnail","6":"product_cat-sin-categorizar","7":"nodate","8":"item-wrap","10":"first","11":"instock","12":"shipping-taxable","13":"product-type-external"},"_links":{"self":[{"href":"https:\/\/lofimusic.com.es\/index.php\/wp-json\/wp\/v2\/product\/927","targetHints":{"allow":["GET"]}}],"collection":[{"href":"https:\/\/lofimusic.com.es\/index.php\/wp-json\/wp\/v2\/product"}],"about":[{"href":"https:\/\/lofimusic.com.es\/index.php\/wp-json\/wp\/v2\/types\/product"}],"replies":[{"embeddable":true,"href":"https:\/\/lofimusic.com.es\/index.php\/wp-json\/wp\/v2\/comments?post=927"}],"wp:featuredmedia":[{"embeddable":true,"href":"https:\/\/lofimusic.com.es\/index.php\/wp-json\/wp\/v2\/media\/926"}],"wp:attachment":[{"href":"https:\/\/lofimusic.com.es\/index.php\/wp-json\/wp\/v2\/media?parent=927"}],"wp:term":[{"taxonomy":"product_cat","embeddable":true,"href":"https:\/\/lofimusic.com.es\/index.php\/wp-json\/wp\/v2\/product_cat?post=927"},{"taxonomy":"product_tag","embeddable":true,"href":"https:\/\/lofimusic.com.es\/index.php\/wp-json\/wp\/v2\/product_tag?post=927"}],"curies":[{"name":"wp","href":"https:\/\/api.w.org\/{rel}","templated":true}]}}