{"id":917,"date":"2024-09-14T02:04:03","date_gmt":"2024-09-14T02:04:03","guid":{"rendered":"https:\/\/lofimusic.com.es\/index.php\/producto\/b0d6bkygwv_de\/"},"modified":"2024-09-14T02:04:03","modified_gmt":"2024-09-14T02:04:03","slug":"b0d6bkygwv_de","status":"publish","type":"product","link":"https:\/\/lofimusic.com.es\/index.php\/producto\/b0d6bkygwv_de\/","title":{"rendered":"B0D6BKYGWV_DE"},"content":{"rendered":"<p>&#8211; [ 4000V HOCHSPANNUNG &amp; EFFEKTIV ] Genie\u00dfen Sie Sch\u00e4dlingsbek\u00e4mpfung in kommerzieller Qualit\u00e4t mit dem elektrischen Hochspannungs-Insektenvernichter gepaart mit einer gro\u00dfen Kontaktfl\u00e4che von 7,87 * 11,4 Zoll. Ebenso wirksam gegen gro\u00dfe fliegende Insekten, sch\u00fctzen Sie Ihr Zuhause vor gro\u00dfen fliegenden Insekten und erschrecken. Schlie\u00dfen Sie das USB-C-Kabel an, um Ihre Umgebung vor Befall zu sch\u00fctzen.<br \/>\n&#8211; [ PHYSIKALISCHE M\u00dcCKENT\u00d6TUNG ] 2 * LED-UV-Lampen mit UV-Wellenl\u00e4ngen von 360-400nm, die Insekten wie M\u00fccken, Fliegen und Wespen auf einem hohen Niveau anzieht. Alternative zu chemischen Insektiziden auf dem Markt, keine giftige Substanz Gefahren und Geruch, sicherer f\u00fcr \u00e4ltere Menschen und Kinder zu Hause, sicherer f\u00fcr die Umwelt und mehr umweltfreundlich.<br \/>\n&#8211; [ LEICHT ZU REINIGEN ] An der Unterseite der M\u00fcckenlampe befindet sich ein wei\u00dfes Brett zum Auffangen von M\u00fcckenkadavern, das zum Absp\u00fclen einfach abgenommen werden kann. Das Sicherheitsnetz auf beiden Seiten kann zur einfachen Reinigung des inneren Metallgitters abgenommen werden, bitte denken Sie daran, vor der Reinigung den Strom abzuschalten.<br \/>\n&#8211; [SICHERHEIT] Beide Seiten sind nicht-elektrische Metallgitter, die Stromschlagverletzungen durch versehentlichen Kontakt bei der Verwendung verhindern und Ihre Kinder und Haustiere vor Gefahren sch\u00fctzen. USB-C-M\u00fcckenlampen sind sicherer und energieeffizienter als andere M\u00fcckenfalle auf dem Markt, k\u00f6nnen an eine mobile Stromversorgung angeschlossen werden und sind sehr bequem unterwegs zu verwenden.<br \/>\n&#8211; [ AUFH\u00c4NGBAR &amp; GER\u00c4USCHARM ] Die M\u00fcckenlampe kann nicht nur stehen, sondern auch in jeder Ecke aufgeh\u00e4ngt werden, da sie mit einer verdickten Metallkette ausgestattet ist, die bei verschiedenen Gelegenheiten verwendet werden kann, z. B. im Hof, im Schlafzimmer, in der K\u00fcche oder am Dachvorsprung. Effiziente Kontrolle M\u00fccken und Insekten mit geringem L\u00e4rm, so k\u00f6nnen Sie schlafen und studieren mit Seelenfrieden mit niedrigen Dezibel.<\/p>\n","protected":false},"excerpt":{"rendered":"<p>Werbung<br \/>\nPALONE Insektenvernichter Elektrisch, 4000V USB C M\u00fcckenlampe 2 UV LED Elektrischer M\u00fcckenfalle H\u00e4ngbar Insektenfalle Ungiftig Geruchsneutral f\u00fcr Innen &#8211; Mitte<\/p>\n","protected":false},"featured_media":916,"comment_status":"open","ping_status":"closed","template":"","meta":[],"product_cat":[15],"product_tag":[],"class_list":{"0":"post-917","1":"product","2":"type-product","3":"status-publish","4":"has-post-thumbnail","6":"product_cat-sin-categorizar","7":"nodate","8":"item-wrap","10":"first","11":"instock","12":"shipping-taxable","13":"product-type-external"},"_links":{"self":[{"href":"https:\/\/lofimusic.com.es\/index.php\/wp-json\/wp\/v2\/product\/917","targetHints":{"allow":["GET"]}}],"collection":[{"href":"https:\/\/lofimusic.com.es\/index.php\/wp-json\/wp\/v2\/product"}],"about":[{"href":"https:\/\/lofimusic.com.es\/index.php\/wp-json\/wp\/v2\/types\/product"}],"replies":[{"embeddable":true,"href":"https:\/\/lofimusic.com.es\/index.php\/wp-json\/wp\/v2\/comments?post=917"}],"wp:featuredmedia":[{"embeddable":true,"href":"https:\/\/lofimusic.com.es\/index.php\/wp-json\/wp\/v2\/media\/916"}],"wp:attachment":[{"href":"https:\/\/lofimusic.com.es\/index.php\/wp-json\/wp\/v2\/media?parent=917"}],"wp:term":[{"taxonomy":"product_cat","embeddable":true,"href":"https:\/\/lofimusic.com.es\/index.php\/wp-json\/wp\/v2\/product_cat?post=917"},{"taxonomy":"product_tag","embeddable":true,"href":"https:\/\/lofimusic.com.es\/index.php\/wp-json\/wp\/v2\/product_tag?post=917"}],"curies":[{"name":"wp","href":"https:\/\/api.w.org\/{rel}","templated":true}]}}