{"id":913,"date":"2024-09-14T01:59:03","date_gmt":"2024-09-14T01:59:03","guid":{"rendered":"https:\/\/lofimusic.com.es\/index.php\/producto\/b0d6bhz6qz_de\/"},"modified":"2024-09-14T01:59:03","modified_gmt":"2024-09-14T01:59:03","slug":"b0d6bhz6qz_de","status":"publish","type":"product","link":"https:\/\/lofimusic.com.es\/index.php\/producto\/b0d6bhz6qz_de\/","title":{"rendered":"B0D6BHZ6QZ_DE"},"content":{"rendered":"<p>&#8211; High Voltage Conductive: PAOLNE Insektenvernichter Elektrischer Ausgangsspannung ist 4000V, solange das Insekt ber\u00fchrt das Gitter, wird es leicht get\u00f6tet werden. Weit verbreitet im Garten, Schlafzimmer, Camping, Grillen und andere Innen- und Au\u00dfenaktivit\u00e4ten verwendet.<br \/>\n&#8211; Gro\u00dfe Batteriekapazit\u00e4t: Insektenvernichter Eingebaute Batteriekapazit\u00e4t ist 1200 mAh, kann durch 1,2M langes USB-Kabel aufgeladen werden, die Selbstbatterie ist geeignet f\u00fcr das Tragen im Freien, muss nur einmal vollst\u00e4ndig aufgeladen werden, kann es kontinuierlich f\u00fcr eine lange Zeit verwendet werden.<br \/>\n&#8211; LED-M\u00fcckenfallen-Perlen: 6 eingebaute LED-Birnen, 365nm t\u00f6dliche Moskito-Fallen-Lichtwellen finden, locken und t\u00f6ten nicht nur Insekten, sondern k\u00f6nnen auch als Nachtlicht in der Nacht verwendet werden.<br \/>\n&#8211; 2 Nutzungsm\u00f6glichkeiten: PALONE Insektenvernichter unterst\u00fctzt die freie Kombination der Nutzung, kann an der Wand oder flach auf dem Tisch aufgeh\u00e4ngt werden, geeignet f\u00fcr eine Vielzahl von Nutzungsszenarien.<br \/>\n&#8211; QUALIT\u00c4TSSICHERUNG: Das neue ABS-Material l\u00e4sst die M\u00fcckenlampe hell und klar erscheinen. Der robuste Rahmen sorgt f\u00fcr die Langlebigkeit der Leuchte.<\/p>\n","protected":false},"excerpt":{"rendered":"<p>Werbung<br \/>\nPALONE Elektrischer Insektenvernichter, 4000V USB C Elektrische M\u00fcckenlampe mit 1200mAh Akku, M\u00fcckenfalle mit 6 UV LED-Birnen Ungiftig Geruchsneutral f\u00fcr Innen und Au\u00dfen &#8211; H\u00e4ngbar<\/p>\n","protected":false},"featured_media":912,"comment_status":"open","ping_status":"closed","template":"","meta":[],"product_cat":[15],"product_tag":[],"class_list":{"0":"post-913","1":"product","2":"type-product","3":"status-publish","4":"has-post-thumbnail","6":"product_cat-sin-categorizar","7":"nodate","8":"item-wrap","10":"first","11":"instock","12":"shipping-taxable","13":"product-type-external"},"_links":{"self":[{"href":"https:\/\/lofimusic.com.es\/index.php\/wp-json\/wp\/v2\/product\/913","targetHints":{"allow":["GET"]}}],"collection":[{"href":"https:\/\/lofimusic.com.es\/index.php\/wp-json\/wp\/v2\/product"}],"about":[{"href":"https:\/\/lofimusic.com.es\/index.php\/wp-json\/wp\/v2\/types\/product"}],"replies":[{"embeddable":true,"href":"https:\/\/lofimusic.com.es\/index.php\/wp-json\/wp\/v2\/comments?post=913"}],"wp:featuredmedia":[{"embeddable":true,"href":"https:\/\/lofimusic.com.es\/index.php\/wp-json\/wp\/v2\/media\/912"}],"wp:attachment":[{"href":"https:\/\/lofimusic.com.es\/index.php\/wp-json\/wp\/v2\/media?parent=913"}],"wp:term":[{"taxonomy":"product_cat","embeddable":true,"href":"https:\/\/lofimusic.com.es\/index.php\/wp-json\/wp\/v2\/product_cat?post=913"},{"taxonomy":"product_tag","embeddable":true,"href":"https:\/\/lofimusic.com.es\/index.php\/wp-json\/wp\/v2\/product_tag?post=913"}],"curies":[{"name":"wp","href":"https:\/\/api.w.org\/{rel}","templated":true}]}}