{"id":91,"date":"2024-09-13T15:54:04","date_gmt":"2024-09-13T15:54:04","guid":{"rendered":"https:\/\/lofimusic.com.es\/index.php\/producto\/b0blxhrd6r_de\/"},"modified":"2024-09-13T15:54:04","modified_gmt":"2024-09-13T15:54:04","slug":"b0blxhrd6r_de","status":"publish","type":"product","link":"https:\/\/lofimusic.com.es\/index.php\/producto\/b0blxhrd6r_de\/","title":{"rendered":"B0BLXHRD6R_DE"},"content":{"rendered":"<p>&#8211; Bis zu 5 Jahre dickere Materialien \u2013 wir wissen, dass es entt\u00e4uschend ist, wenn Sie etwas zum Gebrauch und Ziehen kaufen. Deshalb liefern wir diese Tasche mit st\u00e4rkeren N\u00e4hten und dickeren Stoffen. Kaufen Sie nur einen Flug.<br \/>\n&#8211; Einfach zu bedienende Magnettasche: &#8211; Entwickelt, um in verschiedenen Aktivit\u00e4ten und Arbeiten auf die bequemste Weise verwendet zu werden.<br \/>\n&#8211; Perfekter Reisebegleiter mit 3 Taschen \u2013 3 Taschen, die jeweils eine andere Funktion erf\u00fcllen, um es zu verteilen und eine Ordnung Ihres Zubeh\u00f6rs an Ihren Transporttagen, Aktivit\u00e4ten oder Arbeit zu bringen.<br \/>\n&#8211; Anti-Schwei\u00df-Material: feuchtigkeitsabweisendes Material, perfekt f\u00fcr lange Tage, bringt jede Art von Erg\u00e4nzung sicher vor Regentropfen und Schwei\u00df in die gro\u00dfen Taschen. Super Grip Gurte f\u00fcr mehr Sicherheit auf der Stra\u00dfe oder im Arbeitsplatz. Weiche Verschl\u00fcsse<br \/>\n&#8211; Gr\u00f6\u00dfen (XS, S, M, L, XL, XXL, 3XL, 3XL, 3XL. Entwickelt, um super vielseitig zu sein, kann von einem 5-j\u00e4hrigen Kind bis zu einem gro\u00dfen Erwachsenen verwendet werden.<\/p>\n","protected":false},"excerpt":{"rendered":"<p>Werbung<br \/>\nSeitliche G\u00fcrteltasche f\u00fcr Motorrad &#8211; Dicker Stoff hohe Haltbarkeit Hippie-G\u00fcrteltasche f\u00fcr Damen Herren Motorrad schlanke und Elegante Beintasche<\/p>\n","protected":false},"featured_media":90,"comment_status":"open","ping_status":"closed","template":"","meta":[],"product_cat":[15],"product_tag":[],"class_list":{"0":"post-91","1":"product","2":"type-product","3":"status-publish","4":"has-post-thumbnail","6":"product_cat-sin-categorizar","7":"nodate","8":"item-wrap","10":"first","11":"instock","12":"shipping-taxable","13":"product-type-external"},"_links":{"self":[{"href":"https:\/\/lofimusic.com.es\/index.php\/wp-json\/wp\/v2\/product\/91","targetHints":{"allow":["GET"]}}],"collection":[{"href":"https:\/\/lofimusic.com.es\/index.php\/wp-json\/wp\/v2\/product"}],"about":[{"href":"https:\/\/lofimusic.com.es\/index.php\/wp-json\/wp\/v2\/types\/product"}],"replies":[{"embeddable":true,"href":"https:\/\/lofimusic.com.es\/index.php\/wp-json\/wp\/v2\/comments?post=91"}],"wp:featuredmedia":[{"embeddable":true,"href":"https:\/\/lofimusic.com.es\/index.php\/wp-json\/wp\/v2\/media\/90"}],"wp:attachment":[{"href":"https:\/\/lofimusic.com.es\/index.php\/wp-json\/wp\/v2\/media?parent=91"}],"wp:term":[{"taxonomy":"product_cat","embeddable":true,"href":"https:\/\/lofimusic.com.es\/index.php\/wp-json\/wp\/v2\/product_cat?post=91"},{"taxonomy":"product_tag","embeddable":true,"href":"https:\/\/lofimusic.com.es\/index.php\/wp-json\/wp\/v2\/product_tag?post=91"}],"curies":[{"name":"wp","href":"https:\/\/api.w.org\/{rel}","templated":true}]}}