{"id":909,"date":"2024-09-14T01:54:04","date_gmt":"2024-09-14T01:54:04","guid":{"rendered":"https:\/\/lofimusic.com.es\/index.php\/producto\/b0d9njzmnx_de\/"},"modified":"2024-09-14T01:54:04","modified_gmt":"2024-09-14T01:54:04","slug":"b0d9njzmnx_de","status":"publish","type":"product","link":"https:\/\/lofimusic.com.es\/index.php\/producto\/b0d9njzmnx_de\/","title":{"rendered":"B0D9NJZMNX_DE"},"content":{"rendered":"<p>&#8211; Verwenden Sie es jederzeit und \u00fcberall: Elektrostimulator f\u00fcr Bauchmuskeln ist sehr leicht und tragbar, Sie k\u00f6nnen es verwenden, wenn Sie lesen, Filme schauen, Einkaufen drau\u00dfen gehen und so weiter. Es kann ein Massagetherapeut sein, wenn Sie Ihren K\u00f6rper entspannen m\u00f6chten. Das stark durchdringende Haftgel sorgt f\u00fcr eine perfekte \u00dcbertragung der elektrischen Impulse der professionellen Massage auf die Haut.<br \/>\n&#8211; Wiederaufladbar und einfach zu bedienen&#8211; wendet USB-Aufladung an, wodurch endlose Batteriewechsel eliminiert werden. Bis zu 2 Stunden lange Arbeit nach voller Aufladung.<br \/>\n&#8211; Zufriedenstellender Service \u2013 Erf\u00fcllt alle g\u00fcltigen europ\u00e4ischen Standards \u2013 EMC, LVD, ROHS Wir haben 12 Monate Garantie genehmigt. Wenn es ein Problem mit dem Produkt gibt, kontaktieren Sie uns, wir bieten 24 Stunden am Tag Service, wir bieten 100% R\u00fcckerstattung oder kostenlosen Ersatz.<br \/>\n&#8211; Effiziente \u00dcbung \u2013 Unser Muskelstimulator kann Ihren K\u00f6rper effizient \u00fcberall und jederzeit st\u00e4rken. 6 Modi und 9 Intensit\u00e4ten sind vom niedrigen Niveau bis zum hohen Niveau, was sowohl den Menschen anspricht, wer sie in der Anfangsperiode des Trainings sind, aber auch den Menschen, die in der Berufszeit sind! 23 Minuten Nutzung pro Tag entspricht 2000M Laufen oder 40 Minuten Sit-ups, was Zeit und Energie f\u00fcr Bodybuilding spart.<br \/>\n&#8211; EMS Elektrostimulator Muskel &#8212; Dieser Bauchmuskel-Toner, der die EMS-Technologie nutzt, EMS (elektrische Muskelstimulationstechnologie) durch Stromstimulation, direkt am Muskelsignal, f\u00f6rdert die Muskelbewegung. Kein Schaden f\u00fcr den menschlichen K\u00f6rper und lassen Sie sich wissenschaftliche und gesunde Fitness genie\u00dfen.<\/p>\n","protected":false},"excerpt":{"rendered":"<p>Werbung<br \/>\nWARDBES EMS Bauchmuskeltrainer, EMS Trainingsger\u00e4t, USB Wiederaufladbar Muskelstimulator, Bauchtrainer Ganzk\u00f6rper ABS\/Bauch\/Arm\/Po Trainer, M\u00e4nner und Frauen<\/p>\n","protected":false},"featured_media":908,"comment_status":"open","ping_status":"closed","template":"","meta":[],"product_cat":[15],"product_tag":[],"class_list":{"0":"post-909","1":"product","2":"type-product","3":"status-publish","4":"has-post-thumbnail","6":"product_cat-sin-categorizar","7":"nodate","8":"item-wrap","10":"first","11":"instock","12":"shipping-taxable","13":"product-type-external"},"_links":{"self":[{"href":"https:\/\/lofimusic.com.es\/index.php\/wp-json\/wp\/v2\/product\/909","targetHints":{"allow":["GET"]}}],"collection":[{"href":"https:\/\/lofimusic.com.es\/index.php\/wp-json\/wp\/v2\/product"}],"about":[{"href":"https:\/\/lofimusic.com.es\/index.php\/wp-json\/wp\/v2\/types\/product"}],"replies":[{"embeddable":true,"href":"https:\/\/lofimusic.com.es\/index.php\/wp-json\/wp\/v2\/comments?post=909"}],"wp:featuredmedia":[{"embeddable":true,"href":"https:\/\/lofimusic.com.es\/index.php\/wp-json\/wp\/v2\/media\/908"}],"wp:attachment":[{"href":"https:\/\/lofimusic.com.es\/index.php\/wp-json\/wp\/v2\/media?parent=909"}],"wp:term":[{"taxonomy":"product_cat","embeddable":true,"href":"https:\/\/lofimusic.com.es\/index.php\/wp-json\/wp\/v2\/product_cat?post=909"},{"taxonomy":"product_tag","embeddable":true,"href":"https:\/\/lofimusic.com.es\/index.php\/wp-json\/wp\/v2\/product_tag?post=909"}],"curies":[{"name":"wp","href":"https:\/\/api.w.org\/{rel}","templated":true}]}}