{"id":901,"date":"2024-09-14T01:44:05","date_gmt":"2024-09-14T01:44:05","guid":{"rendered":"https:\/\/lofimusic.com.es\/index.php\/producto\/b0ctmkrb9d_de\/"},"modified":"2024-09-14T01:44:05","modified_gmt":"2024-09-14T01:44:05","slug":"b0ctmkrb9d_de","status":"publish","type":"product","link":"https:\/\/lofimusic.com.es\/index.php\/producto\/b0ctmkrb9d_de\/","title":{"rendered":"B0CTMKRB9D_DE"},"content":{"rendered":"<p>&#8211; Linderung von Fu\u00dfgew\u00f6lbeschmerzen: Die Kompressionsbandage ist eine Fu\u00dfgew\u00f6lbest\u00fctze. Das fu\u00dfgew\u00f6lbest\u00fctzband bietet halt und kompression, um schwellungen, schmerzen und m\u00fcdigkeit der f\u00fc\u00dfe zu lindern. Es ist f\u00fcr das Stehen oder Gehen f\u00fcr eine lange Zeit, perfekt f\u00fcr Plattf\u00fc\u00dfe, hohe Gew\u00f6lbe und Plantarfasziitis entwickelt. Sie k\u00f6nnen es mit zuversicht in Ihrem t\u00e4glichen leben verwenden.<br \/>\n&#8211; HUMAN DESIGHN: Die langlebige, rutschfeste Sohle und der sto\u00dfd\u00e4mpfende Kern sorgen den ganzen Tag f\u00fcr Komfort und Halt. Das ist bequem und atmungsaktiv, nicht leicht zu verformen, flexibel und verschlei\u00dffest und kann lange verwendet werden. Es kann machen Sie bequem an Ort und Stelle bleiben. Das Kompressionsband umarmt den Fu\u00df f\u00fcr maximale F\u00f6rderung Gleichgewicht und K\u00f6rperausrichtung.<br \/>\n&#8211; Gel Fu\u00dfbandage: Die mittelfu\u00dfbandage verf\u00fcgen \u00fcber gelpolster, die den druck und die kraftbelastende fl\u00e4che des fu\u00dfes ausgleichen k\u00f6nnen. Das gelpad passt sich Ihrem fu\u00dfgew\u00f6lbe perfekt an und ist sehr angenehm in der anwendung. Das kann Ihnen helfen, den druck auf vorfu\u00df und ferse zu verringern, fu\u00dfschmerzen zu lindern und Ihre f\u00fc\u00dfe gesund zu halten.<br \/>\n&#8211; Verstellbare Fussbandst\u00fctzen B\u00e4nder:Unsere Fu\u00dfgew\u00f6lbebandagen sind f\u00fcr verschiedene Fu\u00dfformen und -gr\u00f6\u00dfen einstellbar. Ob Ihre F\u00fc\u00dfe gro\u00df oder klein sind, k\u00f6nnen Sie die starke Unterst\u00fctzung und den Komfort genie\u00dfen, den unsere Fu\u00dfgew\u00f6lbest\u00fctzen bieten. Dar\u00fcber hinaus haben wir einen zus\u00e4tzlichen Riemen hinzugef\u00fcgt, um den Mittelfu\u00df zu straffen, damit Sie die Menge an Druck auf Ihre Bed\u00fcrfnisse f\u00fcr optimale Unterst\u00fctzung und Komfort anzupassen.<br \/>\n&#8211; \u3010Weite Anwendung\u3011Unsere Fu\u00dfgew\u00f6lbebandagen f\u00fcr Fu\u00dfschmerzen sind einstellbar und k\u00f6nnen an verschiedene Fu\u00dfgr\u00f6\u00dfen angepasst werden. Unabh\u00e4ngig von der Gr\u00f6\u00dfe Ihrer F\u00fc\u00dfe, k\u00f6nnen Sie die Vorteile unserer Eins\u00e4tze \u00ab\u00fcberlegene Unterst\u00fctzung und Komfort genie\u00dfen. Die leichten Fu\u00dfgew\u00f6lbebandagen tragen nicht auf, Sie k\u00f6nnen sie barfu\u00df oder mit den meisten Schuhen tragen, erm\u00f6glichen volle Bewegungsfreiheit. Es ist perfekt zum Laufen, Trainieren, Sport treiben oder einfach den ganzen Tag bei der Arbeit, zu Hause, im Stehen, faulenzen.<\/p>\n","protected":false},"excerpt":{"rendered":"<p>Werbung<br \/>\nHealrecux Fu\u00dfgew\u00f6lbe-Bandagen f\u00fcr Plantarfasziitis, Fu\u00dfgew\u00f6lbest\u00fctze Verstellbare Frauen M\u00e4nner, Fu\u00dfgew\u00f6lbe St\u00fctze, Plattfu\u00df Bandage Flache F\u00fc\u00dfe,Fu\u00dfgew\u00f6lbeschmerzen Schmerzlinderung<\/p>\n","protected":false},"featured_media":899,"comment_status":"open","ping_status":"closed","template":"","meta":[],"product_cat":[15],"product_tag":[],"class_list":{"0":"post-901","1":"product","2":"type-product","3":"status-publish","4":"has-post-thumbnail","6":"product_cat-sin-categorizar","7":"nodate","8":"item-wrap","10":"first","11":"instock","12":"shipping-taxable","13":"product-type-external"},"_links":{"self":[{"href":"https:\/\/lofimusic.com.es\/index.php\/wp-json\/wp\/v2\/product\/901","targetHints":{"allow":["GET"]}}],"collection":[{"href":"https:\/\/lofimusic.com.es\/index.php\/wp-json\/wp\/v2\/product"}],"about":[{"href":"https:\/\/lofimusic.com.es\/index.php\/wp-json\/wp\/v2\/types\/product"}],"replies":[{"embeddable":true,"href":"https:\/\/lofimusic.com.es\/index.php\/wp-json\/wp\/v2\/comments?post=901"}],"wp:featuredmedia":[{"embeddable":true,"href":"https:\/\/lofimusic.com.es\/index.php\/wp-json\/wp\/v2\/media\/899"}],"wp:attachment":[{"href":"https:\/\/lofimusic.com.es\/index.php\/wp-json\/wp\/v2\/media?parent=901"}],"wp:term":[{"taxonomy":"product_cat","embeddable":true,"href":"https:\/\/lofimusic.com.es\/index.php\/wp-json\/wp\/v2\/product_cat?post=901"},{"taxonomy":"product_tag","embeddable":true,"href":"https:\/\/lofimusic.com.es\/index.php\/wp-json\/wp\/v2\/product_tag?post=901"}],"curies":[{"name":"wp","href":"https:\/\/api.w.org\/{rel}","templated":true}]}}