{"id":895,"date":"2024-09-14T01:39:04","date_gmt":"2024-09-14T01:39:04","guid":{"rendered":"https:\/\/lofimusic.com.es\/index.php\/producto\/b0ctbpfz8s_de\/"},"modified":"2024-09-14T01:39:04","modified_gmt":"2024-09-14T01:39:04","slug":"b0ctbpfz8s_de","status":"publish","type":"product","link":"https:\/\/lofimusic.com.es\/index.php\/producto\/b0ctbpfz8s_de\/","title":{"rendered":"B0CTBPFZ8S_DE"},"content":{"rendered":"<p>&#8211; \ud83d\udeb4\u3010UV400 Schutz\u3011Sport Brille verwenden TAC polarisierte beschichtete Gl\u00e4ser, Anti-UV, blockieren das blendende Licht, um die Augen zu stimulieren und zu sch\u00e4digen, stellen die wahre Farbensicht wieder her, genie\u00dfen Sie den Spa\u00df am Sport.Die gebogene Aufweitungslinse kann Ihre Augen gut sch\u00fctzen Besch\u00e4digt durch starken Wind, Staub oder alles, was sch\u00e4dlicher ist als diese, wodurch es f\u00fcr den Alltag und das Fahren geeignet ist.<br \/>\n&#8211; \ud83d\udeb4\u3010Grosses Sichtfeld\u3011Schnelle brille Wrap Around und One-Piece Design, entschieden durch Mode und praktisch. Bietet eine weite Sicht, umh\u00fcllt Ihre Augen vollst\u00e4ndig und sch\u00fctzt Ihre Augen vor Verletzungen, Staub und Wind gut.Extragro\u00dfer Rahmen mit breitem Panoramablick sorgt daf\u00fcr, dass Sie auch in einer aggressiven Fahrposition nichts verpassen. Der ultraleichte Rahmen reduziert die Belastung von Nase und Ohrsteg und bietet maximalen Komfort und Flexibilit\u00e4t.<br \/>\n&#8211; \ud83d\udeb4\u3010F\u00fcr die Meisten Gelegenheiten Geeignet\u3011Sport-Sonnenbrillen f\u00fcr M\u00e4nner und Frauen sind sehr geeignet zum Laufen, Radfahren, Wandern, Fahren, Angeln, Rennen, Bergsteigen, Skifahren, Golf oder andere Outdoor-Aktivit\u00e4ten. Egal wohin du zu einer Party\/Karneval\/Bar\/Festival gehst\/diese super coole Brille tr\u00e4gst, du wirst definitiv von der Masse abheben.<br \/>\n&#8211; \ud83d\udeb4\u3010Hochwertige Fahrradbrille\u3011YQBFTC Sonnenbrille besteht aus leichtem, flexiblem und langlebigem TR90 Rahmen. Selbst wenn Sie es f\u00fcr eine lange Zeit tragen, werden Sie keine Beschwerden f\u00fchlen.Sie k\u00f6nnen sie einfach am Kragen oder an der Taille aufh\u00e4ngen und sind so leicht.<br \/>\n&#8211; \ud83d\udeb4\u3010Perfektes Geschenk f\u00fcr Freunde und Familie\u3011YQBFTC Sport-Sonnenbrille passt sich verschiedenen Gesichtsformen an, da das exquisite verstellbare B\u00fcgeldesign unsere Sport-Sonnenbrille bequemer zu tragen macht.Aufgrund seines perfekten Augen- und Sehschutzes ist es mit Sicherheit ein tolles Geschenk f\u00fcr alle, die die Natur lieben, und somit eine wunderbare und praktische Geschenkidee f\u00fcr Freunde und Familie.Wenn es irgendein Qualit\u00e4tsproblem gibt, kontaktieren Sie uns bitte umgehend.<\/p>\n","protected":false},"excerpt":{"rendered":"<p>Werbung<br \/>\nYQBFTC Sport Sonnenbrille Herren und Damen,Fahrradbrille,Schnelle Brille Sonnenbrille,Radbrille Radsportbrillen,Winddicht UV400 Schutzbrille f\u00fcr Outdooraktivit\u00e4ten Wie Radfahren Laufen Klettern Ski(C)<\/p>\n","protected":false},"featured_media":894,"comment_status":"open","ping_status":"closed","template":"","meta":[],"product_cat":[15],"product_tag":[],"class_list":{"0":"post-895","1":"product","2":"type-product","3":"status-publish","4":"has-post-thumbnail","6":"product_cat-sin-categorizar","7":"nodate","8":"item-wrap","10":"first","11":"instock","12":"shipping-taxable","13":"product-type-external"},"_links":{"self":[{"href":"https:\/\/lofimusic.com.es\/index.php\/wp-json\/wp\/v2\/product\/895","targetHints":{"allow":["GET"]}}],"collection":[{"href":"https:\/\/lofimusic.com.es\/index.php\/wp-json\/wp\/v2\/product"}],"about":[{"href":"https:\/\/lofimusic.com.es\/index.php\/wp-json\/wp\/v2\/types\/product"}],"replies":[{"embeddable":true,"href":"https:\/\/lofimusic.com.es\/index.php\/wp-json\/wp\/v2\/comments?post=895"}],"wp:featuredmedia":[{"embeddable":true,"href":"https:\/\/lofimusic.com.es\/index.php\/wp-json\/wp\/v2\/media\/894"}],"wp:attachment":[{"href":"https:\/\/lofimusic.com.es\/index.php\/wp-json\/wp\/v2\/media?parent=895"}],"wp:term":[{"taxonomy":"product_cat","embeddable":true,"href":"https:\/\/lofimusic.com.es\/index.php\/wp-json\/wp\/v2\/product_cat?post=895"},{"taxonomy":"product_tag","embeddable":true,"href":"https:\/\/lofimusic.com.es\/index.php\/wp-json\/wp\/v2\/product_tag?post=895"}],"curies":[{"name":"wp","href":"https:\/\/api.w.org\/{rel}","templated":true}]}}