{"id":891,"date":"2024-09-14T01:34:03","date_gmt":"2024-09-14T01:34:03","guid":{"rendered":"https:\/\/lofimusic.com.es\/index.php\/producto\/b0ctk6h91j_de\/"},"modified":"2024-09-14T01:34:03","modified_gmt":"2024-09-14T01:34:03","slug":"b0ctk6h91j_de","status":"publish","type":"product","link":"https:\/\/lofimusic.com.es\/index.php\/producto\/b0ctk6h91j_de\/","title":{"rendered":"B0CTK6H91J_DE"},"content":{"rendered":"<p>&#8211; [5,5 mm ultrad\u00fcnn und 1920P] Das weltweit ultrad\u00fcnne Objektiv mit nur 5,5 mm Durchmesser bietet eine 2,0-Megapixel-Kanalkamera und bietet Ihnen ein wunderbares Erlebnis bei der Aufnahme klarer HD-Videos und -Bilder im Nahbereich mit einer Aufl\u00f6sung von 1920 x 1440. 16,5 Fu\u00df (5 m) halbstarres Kabel, 360-Grad-Drehung zur einfachen Auswahl des Betrachtungswinkels.<br \/>\n&#8211; [Breite Kompatibilit\u00e4t] Die neueste Version des Endoskops funktioniert mit Android 4.4+ und iPhone mit iOS 9+. Im Lieferumfang ist au\u00dferdem ein iPhone\/Micro-USB-Adapter enthalten. Wichtiger Hinweis: Gilt nur f\u00fcr Android-Smartphones\/Tablets mit OTG- und USB-UVC-Funktion. Es wird empfohlen, die kostenlose App \u201eUSB OTG CHECKER\u201c zu installieren, um OTG vor dem Kauf zu \u00fcberpr\u00fcfen. iPhone einfach einstecken und loslegen. Passt nicht zum Computer.<br \/>\n&#8211; [Einfache Verbindung] Laden Sie die \u201eUseeplus\u201c-App herunter und installieren Sie sie auf Ihrem Ger\u00e4t. Lassen Sie uns das Endoskopkabel mit Ihrem Smartphone verbinden. Mit einfachen Bedienvorg\u00e4ngen k\u00f6nnen Sie Echtzeitbilder auf dem Bildschirm anzeigen. Bei Android-Smartphones\/-Tablets schalten Sie bitte zun\u00e4chst die \u201eOTG\u201c-Funktion ein.<br \/>\n&#8211; [Wasserdichtes Design] IP67 wasserdicht, Sonde mit 5,5 mm Durchmesser, 6 einstellbaren LED-Leuchten und d\u00fcnner wasserdichter Sonde. Dieses Endoskop eignet sich f\u00fcr verschiedene Arten von Umgebungen, z. B. schwach beleuchtete oder dunkle Bereiche, feuchte oder nasse Bereiche usw.<br \/>\n&#8211; [Ideales Heimwerkzeug] f\u00fcr Unterwasserkameras, wasserdichte Mikrokameras, Kraftfahrzeugdetektoren, Kanalrohrdetektoren, Such- und Rettungsdienste, kriminelle und kundenspezifische Detektoren, arch\u00e4ologische Erkennung, PCB-Erkennung, h\u00e4usliche Pflege, Luft- und Raumfahrtindustrie, Pflege- und Traktorenindustrie , Erd\u00f6lbohrindustrie, Baugewerbe und so weiter.<\/p>\n","protected":false},"excerpt":{"rendered":"<p>Werbung<br \/>\nPancellent 5,5MM 1920P Schlangen-Inspektions-Endoskop,Typ-C-Endoskop, Scope-Kamera mit 6 LED-Leuchten f\u00fcr Android- und iOS-Smartphones, iPhone, iPad, Samsung 5M<\/p>\n","protected":false},"featured_media":890,"comment_status":"open","ping_status":"closed","template":"","meta":[],"product_cat":[15],"product_tag":[],"class_list":{"0":"post-891","1":"product","2":"type-product","3":"status-publish","4":"has-post-thumbnail","6":"product_cat-sin-categorizar","7":"nodate","8":"item-wrap","10":"first","11":"instock","12":"shipping-taxable","13":"product-type-external"},"_links":{"self":[{"href":"https:\/\/lofimusic.com.es\/index.php\/wp-json\/wp\/v2\/product\/891","targetHints":{"allow":["GET"]}}],"collection":[{"href":"https:\/\/lofimusic.com.es\/index.php\/wp-json\/wp\/v2\/product"}],"about":[{"href":"https:\/\/lofimusic.com.es\/index.php\/wp-json\/wp\/v2\/types\/product"}],"replies":[{"embeddable":true,"href":"https:\/\/lofimusic.com.es\/index.php\/wp-json\/wp\/v2\/comments?post=891"}],"wp:featuredmedia":[{"embeddable":true,"href":"https:\/\/lofimusic.com.es\/index.php\/wp-json\/wp\/v2\/media\/890"}],"wp:attachment":[{"href":"https:\/\/lofimusic.com.es\/index.php\/wp-json\/wp\/v2\/media?parent=891"}],"wp:term":[{"taxonomy":"product_cat","embeddable":true,"href":"https:\/\/lofimusic.com.es\/index.php\/wp-json\/wp\/v2\/product_cat?post=891"},{"taxonomy":"product_tag","embeddable":true,"href":"https:\/\/lofimusic.com.es\/index.php\/wp-json\/wp\/v2\/product_tag?post=891"}],"curies":[{"name":"wp","href":"https:\/\/api.w.org\/{rel}","templated":true}]}}