{"id":887,"date":"2024-09-14T01:29:04","date_gmt":"2024-09-14T01:29:04","guid":{"rendered":"https:\/\/lofimusic.com.es\/index.php\/producto\/b0d14b6rcp_de\/"},"modified":"2024-09-14T01:29:04","modified_gmt":"2024-09-14T01:29:04","slug":"b0d14b6rcp_de","status":"publish","type":"product","link":"https:\/\/lofimusic.com.es\/index.php\/producto\/b0d14b6rcp_de\/","title":{"rendered":"B0D14B6RCP_DE"},"content":{"rendered":"<p>&#8211; \ud83d\udec0\u3010Automatisches Wasserspr\u00fchspielzeug\u3011 Dieses Wasserspr\u00fch Baby Badespielzeug Wasserspielzeug ist einfach zu bedienen. Legen Sie es einfach in die Badewanne, das Aquarium, das Bad oder in den Pool und lassen Sie es mit dem Wasser in Kontakt kommen, dann spr\u00fcht es Wasser und die bunten Lichter fangen an zu leuchten.<br \/>\n&#8211; \ud83d\udc76\u3010Kreatives Oktopus wasserspray-Spielzeug\u3011: Das Baby-Badespielzeug hat ein s\u00fc\u00dfes Cartoon Oktopus Aussehen. Es kann automatisch Wasser spr\u00fchen und mit buntem Licht blinken, wenn es auf das Wasser gelegt wird. Dies zieht die Aufmerksamkeit Ihres Kindes auf sich, macht das Baden lustiger und einfacher.<br \/>\n&#8211; \ud83d\udec0\u3010Einfach zu bedienen\u3011: Angetrieben von 3 AAA-Batterien (nicht im Lieferumfang enthalten), legen Sie einfach die Batterie ein und legen Sie sie auf das Wasser. Das Badespielzeug absorbiert automatisch Wasser vom Boden und spr\u00fcht Wasser.<br \/>\n&#8211; \ud83d\ude0b\u3010Hochwertige Sicherheitsmaterialien\u3011: Badewannenspielzeug f\u00fcr Kleinkinder besteht aus umweltfreundlichen ABS-Materialien. Die abgerundeten Kanten sind sicher, ungiftig, langlebig und bieten den intimsten Schutz f\u00fcr Kinder. Die Kanten der Wassersprinkler-Spielzeuge der Kinder sind glatt. Mit Dichtring und Schrauben im Batteriefach ausgestattet, haben Sie keine sich Sorgen machen, dass Babys verletzt werden.<br \/>\n&#8211; \ud83d\udc76\u30106 Monate kostenlose R\u00fcckgabe\u3011 Gilt f\u00fcr alle bestellten Baby Badespielzeug Wasserspielzeug. Wenn Sie mit den Baby Badespielzeug Wasserspielzeug nicht zufrieden sind, kontaktieren Sie uns bitte. Wir Ihnen eine zufriedenstellende Antwort innerhalb von 24 Stunden und 6 Monate kostenlose R\u00fcckgabe Service.<\/p>\n","protected":false},"excerpt":{"rendered":"<p>Werbung<br \/>\nSixome Badewannenspielzeug Baby Wasserspielzeug mit Licht, Oktopus Schwimmende Baden Spielzeug Automatische Induktion Spray Wasser Badespielzeug ab Kinder 1 2 3 Jahr<\/p>\n","protected":false},"featured_media":886,"comment_status":"open","ping_status":"closed","template":"","meta":[],"product_cat":[15],"product_tag":[],"class_list":{"0":"post-887","1":"product","2":"type-product","3":"status-publish","4":"has-post-thumbnail","6":"product_cat-sin-categorizar","7":"nodate","8":"item-wrap","10":"first","11":"instock","12":"shipping-taxable","13":"product-type-external"},"_links":{"self":[{"href":"https:\/\/lofimusic.com.es\/index.php\/wp-json\/wp\/v2\/product\/887","targetHints":{"allow":["GET"]}}],"collection":[{"href":"https:\/\/lofimusic.com.es\/index.php\/wp-json\/wp\/v2\/product"}],"about":[{"href":"https:\/\/lofimusic.com.es\/index.php\/wp-json\/wp\/v2\/types\/product"}],"replies":[{"embeddable":true,"href":"https:\/\/lofimusic.com.es\/index.php\/wp-json\/wp\/v2\/comments?post=887"}],"wp:featuredmedia":[{"embeddable":true,"href":"https:\/\/lofimusic.com.es\/index.php\/wp-json\/wp\/v2\/media\/886"}],"wp:attachment":[{"href":"https:\/\/lofimusic.com.es\/index.php\/wp-json\/wp\/v2\/media?parent=887"}],"wp:term":[{"taxonomy":"product_cat","embeddable":true,"href":"https:\/\/lofimusic.com.es\/index.php\/wp-json\/wp\/v2\/product_cat?post=887"},{"taxonomy":"product_tag","embeddable":true,"href":"https:\/\/lofimusic.com.es\/index.php\/wp-json\/wp\/v2\/product_tag?post=887"}],"curies":[{"name":"wp","href":"https:\/\/api.w.org\/{rel}","templated":true}]}}