{"id":883,"date":"2024-09-14T01:25:03","date_gmt":"2024-09-14T01:25:03","guid":{"rendered":"https:\/\/lofimusic.com.es\/index.php\/producto\/b0d7pk2ccg_fr\/"},"modified":"2024-09-14T01:25:03","modified_gmt":"2024-09-14T01:25:03","slug":"b0d7pk2ccg_fr","status":"publish","type":"product","link":"https:\/\/lofimusic.com.es\/index.php\/producto\/b0d7pk2ccg_fr\/","title":{"rendered":"B0D7PK2CCG_FR"},"content":{"rendered":"<p>&#8211; \u3010PROCESSEUR DE DERNI\u00c8RE G\u00c9N\u00c9RATION\u3011 PC portable install\u00e9 avec Win 11 et \u00e9quip\u00e9 du dernier et puissant processeur Celeron N5095 Quad-Core avec une fr\u00e9quence turbo de 2,0 GHz (prise en charge jusqu&#8217;\u00e0 2,9 Ghz). Ex\u00e9cutez plusieurs applications et onglets de navigateur et vid\u00e9os en douceur, garantissant un multit\u00e2che plus rapide et profitant d&#8217;un jeu, d&#8217;un divertissement, d&#8217;un travail et d&#8217;\u00e9tudes immersifs.<br \/>\n&#8211; \u3010GRAND \u00c9CRAN FULL HD\u3011\u00c9quip\u00e9 d&#8217;un grand \u00e9cran de 16 pouces, l&#8217;\u00e9cran de l&#8217;ordinateur portable peut pivoter \u00e0 180 degr\u00e9s. Cet ordinateur portable dispose d&#8217;une r\u00e9solution Full HD 1920 x 1200. Avec l&#8217;\u00e9cran d&#8217;affichage 2K Ultra Narrow Bezel, vous obtiendrez des couleurs immersives et brillantes et une grande clart\u00e9 lors d&#8217;un film, d&#8217;un apprentissage en ligne ou d&#8217;une r\u00e9union vid\u00e9o. Un ordinateur portable qui allie performance et beaut\u00e9.<br \/>\n&#8211; \u3010STOCKAGE ET M\u00c9MOIRE\u3011L&#8217;ordinateur portable dispose d&#8217;un espace de stockage int\u00e9gr\u00e9 de 12 Go de RAM et de 512 Go de SSD, prend en charge jusqu&#8217;\u00e0 connecter une carte TF de 512 Go, un SSD de 1 To et une extension de disque dur de 2,5&#8243;, une m\u00e9moire suffisante g\u00e8re efficacement et rapidement les flux de travail multi-applications et multim\u00e9dias, beaucoup de de l&#8217;espace et des vitesses de lecture et d&#8217;\u00e9criture plus rapides pour vos documents, photos et vid\u00e9os.<br \/>\n&#8211; \u3010POINTS FORTS ET SUPERBES FONCTIONS\u3011L&#8217;ordinateur portable est livr\u00e9 avec un ventilateur super puissant, une fonction de refroidissement rapide, un acc\u00e8s Internet Wi-Fi double bande plus fluide, une boucle antivol pour am\u00e9liorer la s\u00e9curit\u00e9, une nouvelle charge de transmission d&#8217;interface Type-C, avec une utilisation plus confortable de le grand capuchon de clavier, l&#8217;int\u00e9gration des couleurs du corps et du clavier, rendant l&#8217;ordinateur plus beau, le meilleur cadeau pour enfant, parent et amis.<br \/>\n&#8211; \u3010WIN 11 ET SERVICE\u3011D\u00e9couvrez le Win11 le plus s\u00e9curis\u00e9 jamais construit avec une r\u00e9activit\u00e9 accrue, emball\u00e9 avec un film de protection AZERTY de clavier en silicone. En m\u00eame temps, l&#8217;ordinateur portable b\u00e9n\u00e9ficie d&#8217;un service VIP de 1 + 1 an. Si vous rencontrez des probl\u00e8mes, nous aurons des techniciens professionnels pour vous aider \u00e0 les r\u00e9soudre.<\/p>\n","protected":false},"excerpt":{"rendered":"<p>publicit\u00e9<br \/>\nOrdinateur Portable 16 Pouces 4c\u0153urs Celeron N5095 (jusqu&#8217;\u00e0 2,9 GHz),12+512GB SSD Soutien Extension 1TB ,PC Portable Win11 Avec 5G WIFI 1920&#215;1200 BT4.2 Souris sans Fil&amp;AZERTY Clavier Couverture-Violet<\/p>\n","protected":false},"featured_media":882,"comment_status":"open","ping_status":"closed","template":"","meta":[],"product_cat":[15],"product_tag":[],"class_list":{"0":"post-883","1":"product","2":"type-product","3":"status-publish","4":"has-post-thumbnail","6":"product_cat-sin-categorizar","7":"nodate","8":"item-wrap","10":"first","11":"instock","12":"shipping-taxable","13":"product-type-external"},"_links":{"self":[{"href":"https:\/\/lofimusic.com.es\/index.php\/wp-json\/wp\/v2\/product\/883","targetHints":{"allow":["GET"]}}],"collection":[{"href":"https:\/\/lofimusic.com.es\/index.php\/wp-json\/wp\/v2\/product"}],"about":[{"href":"https:\/\/lofimusic.com.es\/index.php\/wp-json\/wp\/v2\/types\/product"}],"replies":[{"embeddable":true,"href":"https:\/\/lofimusic.com.es\/index.php\/wp-json\/wp\/v2\/comments?post=883"}],"wp:featuredmedia":[{"embeddable":true,"href":"https:\/\/lofimusic.com.es\/index.php\/wp-json\/wp\/v2\/media\/882"}],"wp:attachment":[{"href":"https:\/\/lofimusic.com.es\/index.php\/wp-json\/wp\/v2\/media?parent=883"}],"wp:term":[{"taxonomy":"product_cat","embeddable":true,"href":"https:\/\/lofimusic.com.es\/index.php\/wp-json\/wp\/v2\/product_cat?post=883"},{"taxonomy":"product_tag","embeddable":true,"href":"https:\/\/lofimusic.com.es\/index.php\/wp-json\/wp\/v2\/product_tag?post=883"}],"curies":[{"name":"wp","href":"https:\/\/api.w.org\/{rel}","templated":true}]}}