{"id":881,"date":"2024-09-14T01:24:06","date_gmt":"2024-09-14T01:24:06","guid":{"rendered":"https:\/\/lofimusic.com.es\/index.php\/producto\/b0d8w4gm15_de\/"},"modified":"2024-09-14T01:24:06","modified_gmt":"2024-09-14T01:24:06","slug":"b0d8w4gm15_de","status":"publish","type":"product","link":"https:\/\/lofimusic.com.es\/index.php\/producto\/b0d8w4gm15_de\/","title":{"rendered":"B0D8W4GM15_DE"},"content":{"rendered":"<p>&#8211; \u3010Bluetooth 5.3, schnelles Pairing\u3011Bluetooth-Kopfh\u00f6rer sind mit einer neuen Generation von Bluetooth 5.3-Chips ausgestattet, die schnellere und stabilere Verbindungen erm\u00f6glichen. Der neue Bluetooth 5.3-Standard sch\u00fctzt besser vor St\u00f6rsignalen und sorgt f\u00fcr ein einwandfreies Audioerlebnis beim Telefonieren. Nach der ersten Verbindung koppeln sich unsere Bluetooth-Kopfh\u00f6rer automatisch mit Ihrem Ger\u00e4t, nachdem Sie sie aus der Verpackung nehmen.<br \/>\n&#8211; \u3010Intelligente Touch-Steuerung, breite Kompatibilit\u00e4t\u3011 Die In-Ear-Kopfh\u00f6rer verf\u00fcgen \u00fcber hochempfindliche Ber\u00fchrungssensoren, mit denen Sie verschiedene Vorg\u00e4nge wie Anrufe t\u00e4tigen, Lautst\u00e4rke anpassen, Songs \u00e4ndern und Siri aktivieren k\u00f6nnen. Keine Sorge, Bluetooth-Sportkopfh\u00f6rer sind auch mit den meisten Android-, iOS-Ger\u00e4ten, Tablets und Laptops kompatibel.<\/p>\n","protected":false},"excerpt":{"rendered":"<p>Werbung<br \/>\nOrdtop True Wireless Kopfh\u00f6rer Kabellos Bluetooth mit ENC Mic, Exquisites Aussehen, 4g Mini Touch-Steuerung Wireless in Ear Kopfh\u00f6rer, 14mm Treiber Stereo\/IP7 Wasserdicht\/LED Anzeige\/USB-C<\/p>\n","protected":false},"featured_media":880,"comment_status":"open","ping_status":"closed","template":"","meta":[],"product_cat":[15],"product_tag":[],"class_list":{"0":"post-881","1":"product","2":"type-product","3":"status-publish","4":"has-post-thumbnail","6":"product_cat-sin-categorizar","7":"nodate","8":"item-wrap","10":"first","11":"instock","12":"shipping-taxable","13":"product-type-external"},"_links":{"self":[{"href":"https:\/\/lofimusic.com.es\/index.php\/wp-json\/wp\/v2\/product\/881","targetHints":{"allow":["GET"]}}],"collection":[{"href":"https:\/\/lofimusic.com.es\/index.php\/wp-json\/wp\/v2\/product"}],"about":[{"href":"https:\/\/lofimusic.com.es\/index.php\/wp-json\/wp\/v2\/types\/product"}],"replies":[{"embeddable":true,"href":"https:\/\/lofimusic.com.es\/index.php\/wp-json\/wp\/v2\/comments?post=881"}],"wp:featuredmedia":[{"embeddable":true,"href":"https:\/\/lofimusic.com.es\/index.php\/wp-json\/wp\/v2\/media\/880"}],"wp:attachment":[{"href":"https:\/\/lofimusic.com.es\/index.php\/wp-json\/wp\/v2\/media?parent=881"}],"wp:term":[{"taxonomy":"product_cat","embeddable":true,"href":"https:\/\/lofimusic.com.es\/index.php\/wp-json\/wp\/v2\/product_cat?post=881"},{"taxonomy":"product_tag","embeddable":true,"href":"https:\/\/lofimusic.com.es\/index.php\/wp-json\/wp\/v2\/product_tag?post=881"}],"curies":[{"name":"wp","href":"https:\/\/api.w.org\/{rel}","templated":true}]}}