{"id":873,"date":"2024-09-14T01:19:04","date_gmt":"2024-09-14T01:19:04","guid":{"rendered":"https:\/\/lofimusic.com.es\/index.php\/producto\/b0dbq656mt_de\/"},"modified":"2024-09-14T01:19:04","modified_gmt":"2024-09-14T01:19:04","slug":"b0dbq656mt_de","status":"publish","type":"product","link":"https:\/\/lofimusic.com.es\/index.php\/producto\/b0dbq656mt_de\/","title":{"rendered":"B0DBQ656MT_DE"},"content":{"rendered":"<p>&#8211; \u267bBeseitigt effektiv die meisten fliegenden Insekten: 4500V Hochspannung t\u00f6tet leicht Moskitos, Aedes, M\u00fccken, M\u00fccken, Fliegen, Bremsen, Fruchtfliegen, Stubenfliegen, Motten, Wespen, etc. Bitte verwenden Sie diesen Insektenvernichter nachts und im Dunkeln.<br \/>\n&#8211; \u267b2 Lademethode: \u2460 Sonnig: setzen Sie den 4W Solarst\u00fctzmast unter starkem UV-Licht, oder setzen Sie die Oberseite der Solar Insektenvernichter unter starkem UV-Licht allein, Arbeitszeit h\u00e4ngt von der UV-Intensit\u00e4t. Bew\u00f6lkt, regnerisch oder nachts: die Solar M\u00fcckenlampe hat einen eingebauten 2500mAh-Akku; bereiten Sie einen 5V-Ladestecker (nicht im Lieferumfang enthalten) vor, um ihn vollst\u00e4ndig aufzuladen (rotes Licht blinkt beim Aufladen), der etwa 24 Stunden arbeiten kann.<br \/>\n&#8211; \u267bDrei Position Kippschalter Design: Outdoor M\u00fcckenlampe Licht von links nach rechts sind wei\u00dfe Beleuchtung, ausschalten und violettes Licht um M\u00fccken abzuwehren. Die 2 Solarpanel eingebauten intelligenten Lichtsteuerung, unter rechten Schalter, aus und Laden im Licht, auf in der Dunkelheit, wenn Sie das violette Licht w\u00e4hrend des Tages verwenden m\u00fcssen, decken Sie bitte die Oberseite der Elektrischer M\u00fcckenlampe oder invertiert.<br \/>\n&#8211; \u267bEinfache Reinigung und Sicherheit: Entfernen Sie das Tablett und sp\u00fclen Sie es ab. Sie k\u00f6nnen eine PALONE Moskito-B\u00fcrste verwenden, um M\u00fcckenkadaver vom Metallgitter zu fegen. \u00c4u\u00dferes ungeladenes Gitter mit kurzem Abstand von 0,8 cm \/ 0,31 Zoll, um Ihre Kinder und Familie vor dem Risiko eines Stromschlags zu sch\u00fctzen.<br \/>\n&#8211; \u267bWeit verbreitet: Outdoor Insektenvernichter IPX4 Level spritzwassergesch\u00fctzt, der Docht darf nicht in Wasser getaucht werden. Gut f\u00fcr Haus, D\u00e4cher, Balkon, Hof, Garten, Camping, Garage, Lagerhallen, Bauernhof, Scheunen, etc.<\/p>\n","protected":false},"excerpt":{"rendered":"<p>Werbung<br \/>\nPALONE Insektenvernichter Elektrisch Solar, Wiederaufladbar 2500mAh\/4500V USB C Elektrischer M\u00fcckenlampe mit 4W\/5V Solar St\u00fctzstangen &amp; 3,5M Kabel und 1M Typ C Ladekabel f\u00fcr Innen Au\u00dfen<\/p>\n","protected":false},"featured_media":872,"comment_status":"open","ping_status":"closed","template":"","meta":[],"product_cat":[15],"product_tag":[],"class_list":{"0":"post-873","1":"product","2":"type-product","3":"status-publish","4":"has-post-thumbnail","6":"product_cat-sin-categorizar","7":"nodate","8":"item-wrap","10":"first","11":"instock","12":"shipping-taxable","13":"product-type-external"},"_links":{"self":[{"href":"https:\/\/lofimusic.com.es\/index.php\/wp-json\/wp\/v2\/product\/873","targetHints":{"allow":["GET"]}}],"collection":[{"href":"https:\/\/lofimusic.com.es\/index.php\/wp-json\/wp\/v2\/product"}],"about":[{"href":"https:\/\/lofimusic.com.es\/index.php\/wp-json\/wp\/v2\/types\/product"}],"replies":[{"embeddable":true,"href":"https:\/\/lofimusic.com.es\/index.php\/wp-json\/wp\/v2\/comments?post=873"}],"wp:featuredmedia":[{"embeddable":true,"href":"https:\/\/lofimusic.com.es\/index.php\/wp-json\/wp\/v2\/media\/872"}],"wp:attachment":[{"href":"https:\/\/lofimusic.com.es\/index.php\/wp-json\/wp\/v2\/media?parent=873"}],"wp:term":[{"taxonomy":"product_cat","embeddable":true,"href":"https:\/\/lofimusic.com.es\/index.php\/wp-json\/wp\/v2\/product_cat?post=873"},{"taxonomy":"product_tag","embeddable":true,"href":"https:\/\/lofimusic.com.es\/index.php\/wp-json\/wp\/v2\/product_tag?post=873"}],"curies":[{"name":"wp","href":"https:\/\/api.w.org\/{rel}","templated":true}]}}