{"id":871,"date":"2024-09-14T01:17:03","date_gmt":"2024-09-14T01:17:03","guid":{"rendered":"https:\/\/lofimusic.com.es\/index.php\/producto\/b0dfh65cjt_fr\/"},"modified":"2024-09-14T01:17:03","modified_gmt":"2024-09-14T01:17:03","slug":"b0dfh65cjt_fr","status":"publish","type":"product","link":"https:\/\/lofimusic.com.es\/index.php\/producto\/b0dfh65cjt_fr\/","title":{"rendered":"B0DFH65CJT_FR"},"content":{"rendered":"<p>&#8211; \u3010Principe de Fonctionnement\u3011Le r\u00e9pulseur de souris \u00e0 ultrasons est dot\u00e9 d&#8217;une technologie de conversion de fr\u00e9quence avanc\u00e9e, la fr\u00e9quence continue des ultrasons est capable d&#8217;affecter les syst\u00e8mes auditifs nerveux des rongeurs. Ce qui est extr\u00eamement irritant pour les rongeurs et les parasites, ce qui les am\u00e8ne \u00e0 se pr\u00e9cipiter pour trouver une zone paisible, et sera forc\u00e9 de quitter votre maison.<br \/>\n&#8211; \u3010Large Couverture\u3011Suit pour la maison ou toute zone int\u00e9rieure. \u00c9conomisez votre argent pour le contr\u00f4le des rongeurs, et pr\u00e9venir votre propri\u00e9t\u00e9 dans les dommages de souris, repoussant les \u00e9cureuils, les souris, les rats et les chauves-souris de votre maison. Le repousseur de parasites \u00e0 ultrasons est efficace dans une zone int\u00e9rieure jusqu&#8217;\u00e0 200\u33a1.<br \/>\n&#8211; \u3010Haute Sensibilit\u00e9 et Lumi\u00e8re Clignotante\u3011Nos R\u00e9pulsifs \u00e0 Ultrason Souris int\u00e8grent une fr\u00e9quence automatique diff\u00e9rente et une circulation sensible pour chasser les parasites ind\u00e9sirables. D\u00e9tectent efficacement diff\u00e9rents animaux, tels que les rats, les souris, les taupes, les campagnols, les \u00e9cureuils, les tamias, etc.<br \/>\n&#8211; \u3010Utilisation Constante\u3011Continuez \u00e0 utiliser pendant 1 &#8211; 2 semaines. Les caries pr\u00e9coces peuvent devenir anormalement actives, mais plus tard, elles peuvent perturber les nerfs et \u00e9viter de se rapprocher des zones o\u00f9 des insectifuges pour rongeurs sont plac\u00e9s. Cela peut prot\u00e9ger efficacement votre cuisine, votre entrep\u00f4t, vos chambres et vos plantes \u00e0 long terme.<br \/>\n&#8211; \u3010S\u00e9curit\u00e9 et facilit\u00e9 d&#8217;utilisation\u3011Le r\u00e9pulseur de souris utilise la technologie \u00e0 ultrasons, il est non toxique, sans produits chimiques, sans odeur et totalement s\u00fbr pour les personnes et les animaux domestiques. Pas besoin de nettoyer les parasites morts, pas de mauvaises odeurs et de cadavres, pas besoin de piles, \u00e9conomiser beaucoup d&#8217;argent.<\/p>\n","protected":false},"excerpt":{"rendered":"<p>publicit\u00e9<br \/>\nUltrasons pour Rats, r\u00e9pulsif \u00e0 ultrasons Souris et Rats 360\u00b0 avec lumi\u00e8re LED r\u00e9pulsif \u00e0 ultrasons pour Souris rongeurs parasites internes Plug-in cafards Anti-parasites pour Jardin<\/p>\n","protected":false},"featured_media":870,"comment_status":"open","ping_status":"closed","template":"","meta":[],"product_cat":[15],"product_tag":[],"class_list":{"0":"post-871","1":"product","2":"type-product","3":"status-publish","4":"has-post-thumbnail","6":"product_cat-sin-categorizar","7":"nodate","8":"item-wrap","10":"first","11":"instock","12":"shipping-taxable","13":"product-type-external"},"_links":{"self":[{"href":"https:\/\/lofimusic.com.es\/index.php\/wp-json\/wp\/v2\/product\/871","targetHints":{"allow":["GET"]}}],"collection":[{"href":"https:\/\/lofimusic.com.es\/index.php\/wp-json\/wp\/v2\/product"}],"about":[{"href":"https:\/\/lofimusic.com.es\/index.php\/wp-json\/wp\/v2\/types\/product"}],"replies":[{"embeddable":true,"href":"https:\/\/lofimusic.com.es\/index.php\/wp-json\/wp\/v2\/comments?post=871"}],"wp:featuredmedia":[{"embeddable":true,"href":"https:\/\/lofimusic.com.es\/index.php\/wp-json\/wp\/v2\/media\/870"}],"wp:attachment":[{"href":"https:\/\/lofimusic.com.es\/index.php\/wp-json\/wp\/v2\/media?parent=871"}],"wp:term":[{"taxonomy":"product_cat","embeddable":true,"href":"https:\/\/lofimusic.com.es\/index.php\/wp-json\/wp\/v2\/product_cat?post=871"},{"taxonomy":"product_tag","embeddable":true,"href":"https:\/\/lofimusic.com.es\/index.php\/wp-json\/wp\/v2\/product_tag?post=871"}],"curies":[{"name":"wp","href":"https:\/\/api.w.org\/{rel}","templated":true}]}}