{"id":87,"date":"2024-09-13T15:51:04","date_gmt":"2024-09-13T15:51:04","guid":{"rendered":"https:\/\/lofimusic.com.es\/index.php\/producto\/b0cbjslddb_it\/"},"modified":"2024-09-13T15:51:04","modified_gmt":"2024-09-13T15:51:04","slug":"b0cbjslddb_it","status":"publish","type":"product","link":"https:\/\/lofimusic.com.es\/index.php\/producto\/b0cbjslddb_it\/","title":{"rendered":"B0CBJSLDDB_IT"},"content":{"rendered":"<p>&#8211; \u3010Cuffie Bluetooth Wireless A60 PRO\u3011 La parte acustica principale degli auricolari adotta la migliore curva di ascolto, che migliora l&#8217;effetto a bassa frequenza senza rumore in eccesso. Il ritmo pieno e preciso collega i tuoi nervi estetici e ogni risonanza \u00e8 piena dell&#8217;emozione naturale della musica. La maniglia touch con lucentezza metallica evidenzia il senso artistico della collisione dei colori.<br \/>\n&#8211; \u3010Bluetooth 5.3\u3011Pi\u00f9 veloce e pi\u00f9 stabile, il che \u00e8 un must per un eccellente auricolare Bluetooth; la velocit\u00e0 \u00e8 la chiave del divertimento. La nuova generazione di chip Bluetooth 5.3 personalizzato \u00e8 due volte pi\u00f9 veloce della generazione precedente (Bluetooth 5.2) e la distanza di trasmissione \u00e8 quattro volte. Audio di alta qualit\u00e0 pi\u00f9 veloce, pi\u00f9 stabile.<br \/>\n&#8211; \u3010Riduzione del rumore delle chiamate\u3011Riduzione del rumore delle chiamate ENC, ricevi la chiamata target tramite beamforming, rispondi alla chiamata target tramite la voce dell&#8217;array beamforming di chiamata a quattro microfoni, filtra il rumore e il rumore esterno, presenta un&#8217;esperienza di chiamata cristallina. Puoi anche avere una piacevole conversazione in una strada trafficata.<br \/>\n&#8211; \u3010Comodo e stabile\u3011Interruttore magnetico Hall intelligente integrato, \u00e8 pi\u00f9 facile aprire il coperchio in un secondo e connettersi al telefono cellulare per ascoltare la musica. La curva d&#8217;ingresso nell&#8217;orecchio \u00e8 stata lucidata migliaia di volte e il comfort \u00e8 infuso in ogni angolo. La curva interna liscia si adatta perfettamente al condotto uditivo, la forza \u00e8 stabile e uniforme, comoda da indossare e non scivola dall&#8217;orecchio<br \/>\n&#8211; \u3010Nessuna paura degli schizzi di sudore\u3011gli auricolari hanno un design leggero, raffinato e compatto, leggero e comodo da indossare. Accendi la memoria ad adsorbimento magnetico e apri la cover per connetterti al telefono. 3,1 g \u00e8 leggerissimo, cos\u00ec comodo che mi dimentico sempre di toglierlo. Gli auricolari hanno superato il test di impermeabilit\u00e0 e antipolvere IPp7, sia che si tratti di spostamenti quotidiani o di sudorazione, non temono il vento e la pioggia.<\/p>\n","protected":false},"excerpt":{"rendered":"<p>pubblicit\u00e0<br \/>\nCuffie Bluetooth, Auricolari Bluetooth 5.3 con 4 HD Microfono Cancellazione Rumore, 42 Ore di Riproduzione, Cuffiette Bluetooth Sport con LED Display, Cuffie Wireless In Ear per Android iOS 2023<\/p>\n","protected":false},"featured_media":86,"comment_status":"open","ping_status":"closed","template":"","meta":[],"product_cat":[15],"product_tag":[],"class_list":{"0":"post-87","1":"product","2":"type-product","3":"status-publish","4":"has-post-thumbnail","6":"product_cat-sin-categorizar","7":"nodate","8":"item-wrap","10":"first","11":"instock","12":"shipping-taxable","13":"product-type-external"},"_links":{"self":[{"href":"https:\/\/lofimusic.com.es\/index.php\/wp-json\/wp\/v2\/product\/87","targetHints":{"allow":["GET"]}}],"collection":[{"href":"https:\/\/lofimusic.com.es\/index.php\/wp-json\/wp\/v2\/product"}],"about":[{"href":"https:\/\/lofimusic.com.es\/index.php\/wp-json\/wp\/v2\/types\/product"}],"replies":[{"embeddable":true,"href":"https:\/\/lofimusic.com.es\/index.php\/wp-json\/wp\/v2\/comments?post=87"}],"wp:featuredmedia":[{"embeddable":true,"href":"https:\/\/lofimusic.com.es\/index.php\/wp-json\/wp\/v2\/media\/86"}],"wp:attachment":[{"href":"https:\/\/lofimusic.com.es\/index.php\/wp-json\/wp\/v2\/media?parent=87"}],"wp:term":[{"taxonomy":"product_cat","embeddable":true,"href":"https:\/\/lofimusic.com.es\/index.php\/wp-json\/wp\/v2\/product_cat?post=87"},{"taxonomy":"product_tag","embeddable":true,"href":"https:\/\/lofimusic.com.es\/index.php\/wp-json\/wp\/v2\/product_tag?post=87"}],"curies":[{"name":"wp","href":"https:\/\/api.w.org\/{rel}","templated":true}]}}