{"id":867,"date":"2024-09-14T01:14:03","date_gmt":"2024-09-14T01:14:03","guid":{"rendered":"https:\/\/lofimusic.com.es\/index.php\/producto\/b0d8j4zkqv_de\/"},"modified":"2024-09-14T01:14:03","modified_gmt":"2024-09-14T01:14:03","slug":"b0d8j4zkqv_de","status":"publish","type":"product","link":"https:\/\/lofimusic.com.es\/index.php\/producto\/b0d8j4zkqv_de\/","title":{"rendered":"B0D8J4ZKQV_DE"},"content":{"rendered":"<p>&#8211; \ud83e\udd85\u3010Verbesserte Ultraschall Technologie\u3011Der Ultraschall-Sch\u00e4dlingsbek\u00e4mpfer verwendet gleichzeitig Ultraschall- und elektromagnetische Chips, um das H\u00f6r- und Nervensystem von Sch\u00e4dlingen zu desorientieren und sie schnell und kraftvoll auszutreiben. Es kann die meisten Arten von fliegenden und kriechenden Sch\u00e4dlingen abwehren, wie M\u00fccken, Spinnen, Wanzen, Kakerlaken, M\u00e4use, Fl\u00f6he, Ameisen, Fruchtfliegen usw.<br \/>\n&#8211; \ud83e\udd85\u3010Freundlich F\u00dcR Mensch UND Tier\u3011Verwenden Sie Ultraschall, um die Frequenz zu \u00e4ndern, um das H\u00f6rsystem von M\u00fccken und anderen Sch\u00e4dlingen zu stimulieren. Ultraschall Sch\u00e4dlingsbek\u00e4mpfer erzeugt keine sch\u00e4dlichen Substanzen, die f\u00fcr den menschlichen K\u00f6rper und die Umwelt harmlos sind.<br \/>\n&#8211; \ud83e\udd85\u3010Sicherheit ohne L\u00e4rm\u3011\uff1aDieses Insektenschutzmittel ist harmlos f\u00fcr Kinder und Haustiere und erzeugt w\u00e4hrend des Gebrauchs keinen L\u00e4rm. Es gibt nur Schallwellen frei, die von Insekten und faulen Tieren geh\u00f6rt werden k\u00f6nnen, um sie zu vertreiben und so Ihre M\u00f6bel und Wertgegenst\u00e4nde vor dem Verzehr zu sch\u00fctzen<br \/>\n&#8211; \ud83e\udd85\u3010Breite effektive Abdeckung\u3011Elektronischer M\u00fcckenschutz ist in einem Innenbereich von bis zu 1200 Quadratfu\u00df wirksam. Um das beste Ergebnis zu erzielen, statten Sie jeden Raum mit einem Sch\u00e4dlingsbek\u00e4mpfungsmittel aus. Es ist weit verbreitet in H\u00e4usern, Lagern, B\u00fcros, G\u00e4rten, Hotels usw.<br \/>\n&#8211; \ud83e\udd85\u3010Einfach zu Bedienen\u3011Der elektronische M\u00fcckenschutz f\u00fcr den Innenbereich ist sehr einfach zu bedienen. Halten sie das ultraschall sch\u00e4dlingsbek\u00e4mpfer einfach senkrecht zum boden, stecken sie ultraschall sch\u00e4dlingsbek\u00e4mpfer in eine steckdose und es l\u00e4uft automatisch.<\/p>\n","protected":false},"excerpt":{"rendered":"<p>Werbung<br \/>\nAILEDA M\u00fcckenschutz,4 St\u00fcck M\u00fcckenschutz Ultraschall, Elektronische Moskitoschutz Pest Control Repeller Innenr\u00e4ume,f\u00fcr M\u00e4use,M\u00fccken, Insekten, Spinnen, Kakerlaken<\/p>\n","protected":false},"featured_media":866,"comment_status":"open","ping_status":"closed","template":"","meta":[],"product_cat":[15],"product_tag":[],"class_list":{"0":"post-867","1":"product","2":"type-product","3":"status-publish","4":"has-post-thumbnail","6":"product_cat-sin-categorizar","7":"nodate","8":"item-wrap","10":"first","11":"instock","12":"shipping-taxable","13":"product-type-external"},"_links":{"self":[{"href":"https:\/\/lofimusic.com.es\/index.php\/wp-json\/wp\/v2\/product\/867","targetHints":{"allow":["GET"]}}],"collection":[{"href":"https:\/\/lofimusic.com.es\/index.php\/wp-json\/wp\/v2\/product"}],"about":[{"href":"https:\/\/lofimusic.com.es\/index.php\/wp-json\/wp\/v2\/types\/product"}],"replies":[{"embeddable":true,"href":"https:\/\/lofimusic.com.es\/index.php\/wp-json\/wp\/v2\/comments?post=867"}],"wp:featuredmedia":[{"embeddable":true,"href":"https:\/\/lofimusic.com.es\/index.php\/wp-json\/wp\/v2\/media\/866"}],"wp:attachment":[{"href":"https:\/\/lofimusic.com.es\/index.php\/wp-json\/wp\/v2\/media?parent=867"}],"wp:term":[{"taxonomy":"product_cat","embeddable":true,"href":"https:\/\/lofimusic.com.es\/index.php\/wp-json\/wp\/v2\/product_cat?post=867"},{"taxonomy":"product_tag","embeddable":true,"href":"https:\/\/lofimusic.com.es\/index.php\/wp-json\/wp\/v2\/product_tag?post=867"}],"curies":[{"name":"wp","href":"https:\/\/api.w.org\/{rel}","templated":true}]}}