{"id":865,"date":"2024-09-14T01:13:03","date_gmt":"2024-09-14T01:13:03","guid":{"rendered":"https:\/\/lofimusic.com.es\/index.php\/producto\/b0dg2ph288_fr\/"},"modified":"2024-09-14T01:13:03","modified_gmt":"2024-09-14T01:13:03","slug":"b0dg2ph288_fr","status":"publish","type":"product","link":"https:\/\/lofimusic.com.es\/index.php\/producto\/b0dg2ph288_fr\/","title":{"rendered":"B0DG2PH288_FR"},"content":{"rendered":"<p>&#8211; \u3010Lot de 4 Design unique et utilisation polyvalente\u3011Parfait pour la cuisine, le salon, la chambre, la salle de bain, l&#8217;entrep\u00f4t et le sous-sol, en m\u00eame temps tueur d&#8217;insectes d&#8217;int\u00e9rieur. Afin de mieux obtenir l&#8217;effet de contr\u00f4le des moustiques, veuillez \u00e9teindre la lumi\u00e8re et allumer le tueur de moustiques \u00e0 l&#8217;avance. Facile \u00e0 remplacer. Ce tueur de mouches d&#8217;int\u00e9rieur ne prend pas beaucoup de place dans votre chambre.<br \/>\n&#8211; \u3010Installation facile et pr\u00eat \u00e0 l&#8217;emploi\u3011Il suffit de brancher le tueur d&#8217;insectes dans le port \u00e0 l&#8217;int\u00e9rieur, ce tueur de moustiques commencera \u00e0 fonctionner pour vous imm\u00e9diatement ! Parfait pour l&#8217;int\u00e9rieur. Avec la housse de protection, ce tueur de mouches est tr\u00e8s s\u00fbr pour les enfants et les animaux de compagnie, mais veuillez \u00e9galement garder vos enfants et vos animaux de compagnie \u00e0 l&#8217;\u00e9cart de ce tueur de moustiques \u00e9lectronique. la couverture effective est d&#8217;environ 20 m\u00b2.<br \/>\n&#8211; \u3010Facile \u00e0 nettoyer : pour nettoyer les moustiques morts\u3011 Assurez-vous que l&#8217;appareil est d\u00e9branch\u00e9 d&#8217;une prise de courant, puis ouvrez le couvercle de protection contre les moustiques. Utilisez un tournevis pour toucher la plaque m\u00e9tallique afin de lib\u00e9rer l&#8217;\u00e9lectricit\u00e9 statique. Utilisez le mouchoir ou la petite brosse pour retirer les insectes morts du destructeur d&#8217;insectes d&#8217;int\u00e9rieur.<br \/>\n&#8211; \u3010Tueur d&#8217;insectes 1W de haute qualit\u00e9 et efficace\u3011 Le moustique tueur \u00e9tait entour\u00e9 d&#8217;un filet de fer robuste, la coque est en mat\u00e9riau ABS de haute qualit\u00e9. Utilise la lumi\u00e8re ultraviolette pour attirer les insectes volants et tuer les insectes volants \u00e0 travers le filet \u00e0 haute pression. En raison de la taille du fly zapper, la couverture r\u00e9elle est d&#8217;environ 20 m\u00b2.<br \/>\n&#8211; \u3010Sans produits chimiques, sans danger pour les humains et les animaux de compagnie\u3011Zappeur de moustiques en mat\u00e9riau respectueux de l&#8217;environnement. D\u00e9barrassez-vous rapidement des moustiques sans poisons ou sprays collants et salissants. Utilisez une m\u00e9thode physique naturelle pour vous d\u00e9barrasser des mouches. Destructeur d&#8217;insectes d&#8217;int\u00e9rieur, id\u00e9al pour les endroits o\u00f9 les pesticides ne peuvent pas \u00eatre pulv\u00e9ris\u00e9s, Compl\u00e8tement sans danger pour les humains et les animaux.<\/p>\n","protected":false},"excerpt":{"rendered":"<p>publicit\u00e9<br \/>\nMoustique Tueur Lampe, Lampe Anti Moustique Lot de 4, Lampe UV, Tue Mouche El\u00e9ctrique, Tueur d&#8217;Insectes Electrique, Destructeur de Mouches, Pi\u00e8ge \u00e0 Mouches Efficace, Anti-Moustique<\/p>\n","protected":false},"featured_media":864,"comment_status":"open","ping_status":"closed","template":"","meta":[],"product_cat":[15],"product_tag":[],"class_list":{"0":"post-865","1":"product","2":"type-product","3":"status-publish","4":"has-post-thumbnail","6":"product_cat-sin-categorizar","7":"nodate","8":"item-wrap","10":"first","11":"instock","12":"shipping-taxable","13":"product-type-external"},"_links":{"self":[{"href":"https:\/\/lofimusic.com.es\/index.php\/wp-json\/wp\/v2\/product\/865","targetHints":{"allow":["GET"]}}],"collection":[{"href":"https:\/\/lofimusic.com.es\/index.php\/wp-json\/wp\/v2\/product"}],"about":[{"href":"https:\/\/lofimusic.com.es\/index.php\/wp-json\/wp\/v2\/types\/product"}],"replies":[{"embeddable":true,"href":"https:\/\/lofimusic.com.es\/index.php\/wp-json\/wp\/v2\/comments?post=865"}],"wp:featuredmedia":[{"embeddable":true,"href":"https:\/\/lofimusic.com.es\/index.php\/wp-json\/wp\/v2\/media\/864"}],"wp:attachment":[{"href":"https:\/\/lofimusic.com.es\/index.php\/wp-json\/wp\/v2\/media?parent=865"}],"wp:term":[{"taxonomy":"product_cat","embeddable":true,"href":"https:\/\/lofimusic.com.es\/index.php\/wp-json\/wp\/v2\/product_cat?post=865"},{"taxonomy":"product_tag","embeddable":true,"href":"https:\/\/lofimusic.com.es\/index.php\/wp-json\/wp\/v2\/product_tag?post=865"}],"curies":[{"name":"wp","href":"https:\/\/api.w.org\/{rel}","templated":true}]}}