{"id":859,"date":"2024-09-14T01:09:03","date_gmt":"2024-09-14T01:09:03","guid":{"rendered":"https:\/\/lofimusic.com.es\/index.php\/producto\/b0dcfpv5lc_fr\/"},"modified":"2024-09-14T01:09:03","modified_gmt":"2024-09-14T01:09:03","slug":"b0dcfpv5lc_fr","status":"publish","type":"product","link":"https:\/\/lofimusic.com.es\/index.php\/producto\/b0dcfpv5lc_fr\/","title":{"rendered":"B0DCFPV5LC_FR"},"content":{"rendered":"<p>&#8211; Moniteur de fr\u00e9quence cardiaque et moniteur de sommeil : cette montre intelligente Android donne la priorit\u00e9 \u00e0 votre sant\u00e9 et est \u00e9quip\u00e9e d&#8217;un moniteur de fr\u00e9quence cardiaque sensible qui peut enregistrer vos changements de fr\u00e9quence cardiaque en temps r\u00e9el. Surveillez votre fr\u00e9quence cardiaque 24 heures par jour pour garder un \u0153il sur votre sant\u00e9. Les montres pour homme suivent \u00e9galement automatiquement vos habitudes de sommeil et offrent une analyse compl\u00e8te de la qualit\u00e9 du sommeil, y compris les \u00e9tapes l\u00e9g\u00e8res, profondes et \u00e9veill\u00e9es, vous aidant \u00e0 mieux comprendre la qualit\u00e9 et les habitudes de votre sommeil.<\/p>\n","protected":false},"excerpt":{"rendered":"<p>publicit\u00e9<br \/>\nCsasan Montre intelligente pour homme, r\u00e9pondre\/passer des appels, plus de 110 modes de sport avec moniteur de fr\u00e9quence cardiaque de sommeil, vert gazon<\/p>\n","protected":false},"featured_media":858,"comment_status":"open","ping_status":"closed","template":"","meta":[],"product_cat":[15],"product_tag":[],"class_list":{"0":"post-859","1":"product","2":"type-product","3":"status-publish","4":"has-post-thumbnail","6":"product_cat-sin-categorizar","7":"nodate","8":"item-wrap","10":"first","11":"instock","12":"shipping-taxable","13":"product-type-external"},"_links":{"self":[{"href":"https:\/\/lofimusic.com.es\/index.php\/wp-json\/wp\/v2\/product\/859","targetHints":{"allow":["GET"]}}],"collection":[{"href":"https:\/\/lofimusic.com.es\/index.php\/wp-json\/wp\/v2\/product"}],"about":[{"href":"https:\/\/lofimusic.com.es\/index.php\/wp-json\/wp\/v2\/types\/product"}],"replies":[{"embeddable":true,"href":"https:\/\/lofimusic.com.es\/index.php\/wp-json\/wp\/v2\/comments?post=859"}],"wp:featuredmedia":[{"embeddable":true,"href":"https:\/\/lofimusic.com.es\/index.php\/wp-json\/wp\/v2\/media\/858"}],"wp:attachment":[{"href":"https:\/\/lofimusic.com.es\/index.php\/wp-json\/wp\/v2\/media?parent=859"}],"wp:term":[{"taxonomy":"product_cat","embeddable":true,"href":"https:\/\/lofimusic.com.es\/index.php\/wp-json\/wp\/v2\/product_cat?post=859"},{"taxonomy":"product_tag","embeddable":true,"href":"https:\/\/lofimusic.com.es\/index.php\/wp-json\/wp\/v2\/product_tag?post=859"}],"curies":[{"name":"wp","href":"https:\/\/api.w.org\/{rel}","templated":true}]}}