{"id":855,"date":"2024-09-14T01:05:04","date_gmt":"2024-09-14T01:05:04","guid":{"rendered":"https:\/\/lofimusic.com.es\/index.php\/producto\/b0d96lfmf2_fr-2\/"},"modified":"2024-09-14T01:05:04","modified_gmt":"2024-09-14T01:05:04","slug":"b0d96lfmf2_fr-2","status":"publish","type":"product","link":"https:\/\/lofimusic.com.es\/index.php\/producto\/b0d96lfmf2_fr-2\/","title":{"rendered":"B0D96LFMF2_FR"},"content":{"rendered":"<p>&#8211; \u2714\ufe0f\u3010Bon choix de cadeau pour les enfants ou les personnes \u00e2g\u00e9es\u3011MsMga Povo6Neo est un beau et bon march\u00e9 et petit t\u00e9l\u00e9phone Android, \u00e9cran tactile IPS de 5,0 pouces, le meilleur cadeau pour les personnes \u00e2g\u00e9es et les enfants, il peut \u00e9galement \u00eatre utilis\u00e9 comme t\u00e9l\u00e9phone portable de rechange. M\u00e9moire RAM 1GB + ROM 16GB, assez pour vous d&#8217;utiliser WhatsApp, Facebook, toyoube et d&#8217;autres logiciels d&#8217;application.<br \/>\n&#8211; \u2714\ufe0f\u3010Syst\u00e8me d&#8217;exploitation Android 9.0\u3011 charg\u00e9 avec le syst\u00e8me d&#8217;exploitation Android le plus stable et le plus fluide, moins de bugs que le dernier syst\u00e8me d&#8217;exploitation, vous rend la vie plus pratique. Et ce t\u00e9l\u00e9phone est tr\u00e8s facile \u00e0 utiliser. (Android 9.0, le syst\u00e8me Android ne peut pas \u00eatre mis \u00e0 niveau)<br \/>\n&#8211; \u2714\ufe0f\u3010Dual SIM, Dual Camera\u3011MsMga Povo6Neo prend en charge Dual SIM (2 cartes Nano SIM), cam\u00e9ra arri\u00e8re 5.0MP + cam\u00e9ra frontale 5.0MP, cette cam\u00e9ra innovante est adapt\u00e9e \u00e0 la m\u00eame lumi\u00e8re sensible de l&#8217;\u0153il humain, les photos prises par la nouvelle cam\u00e9ra dans des conditions de faible luminosit\u00e9 et une lumi\u00e8re vive sont plus nettes et plus r\u00e9alistes.<br \/>\n&#8211; \u2714\ufe0f\u3010Batterie efficace de 3000 mAh\u3011peut \u00eatre compl\u00e8tement charg\u00e9e en 2 h \u00e0 2,5 h et fournir jusqu&#8217;\u00e0 2 jours d&#8217;autonomie en veille et 1 jour d&#8217;efficacit\u00e9 pour une utilisation quotidienne. Remarque\uff1aPour prolonger la dur\u00e9e de vie de la batterie, le temps de charge ne doit pas d\u00e9passer 4 heures \u00e0 chaque fois.<br \/>\n&#8211; \u2714\ufe0f\u3010Service apr\u00e8s-vente de qualit\u00e9\u3011 Si vous avez des questions, veuillez nous envoyer un e-mail. Nous vous donnerons la meilleure solution pour vous satisfaire \u00e0 100%.<\/p>\n","protected":false},"excerpt":{"rendered":"<p>publicit\u00e9<br \/>\nMsMga Smartphone Bon march\u00e9, 16GB ROM (Scalable to 128GB), 5.0 inch IPS Display, Android 9.0 OS, Dual SIM Dual Cameras\uff0cFace ID 3G Mobile Phones (Povo6 Neo-Green)<\/p>\n","protected":false},"featured_media":854,"comment_status":"open","ping_status":"closed","template":"","meta":[],"product_cat":[15],"product_tag":[],"class_list":{"0":"post-855","1":"product","2":"type-product","3":"status-publish","4":"has-post-thumbnail","6":"product_cat-sin-categorizar","7":"nodate","8":"item-wrap","10":"first","11":"instock","12":"shipping-taxable","13":"product-type-external"},"_links":{"self":[{"href":"https:\/\/lofimusic.com.es\/index.php\/wp-json\/wp\/v2\/product\/855","targetHints":{"allow":["GET"]}}],"collection":[{"href":"https:\/\/lofimusic.com.es\/index.php\/wp-json\/wp\/v2\/product"}],"about":[{"href":"https:\/\/lofimusic.com.es\/index.php\/wp-json\/wp\/v2\/types\/product"}],"replies":[{"embeddable":true,"href":"https:\/\/lofimusic.com.es\/index.php\/wp-json\/wp\/v2\/comments?post=855"}],"wp:featuredmedia":[{"embeddable":true,"href":"https:\/\/lofimusic.com.es\/index.php\/wp-json\/wp\/v2\/media\/854"}],"wp:attachment":[{"href":"https:\/\/lofimusic.com.es\/index.php\/wp-json\/wp\/v2\/media?parent=855"}],"wp:term":[{"taxonomy":"product_cat","embeddable":true,"href":"https:\/\/lofimusic.com.es\/index.php\/wp-json\/wp\/v2\/product_cat?post=855"},{"taxonomy":"product_tag","embeddable":true,"href":"https:\/\/lofimusic.com.es\/index.php\/wp-json\/wp\/v2\/product_tag?post=855"}],"curies":[{"name":"wp","href":"https:\/\/api.w.org\/{rel}","templated":true}]}}