{"id":851,"date":"2024-09-14T01:04:04","date_gmt":"2024-09-14T01:04:04","guid":{"rendered":"https:\/\/lofimusic.com.es\/index.php\/producto\/b0cqgf9v9z_de\/"},"modified":"2024-09-14T01:04:04","modified_gmt":"2024-09-14T01:04:04","slug":"b0cqgf9v9z_de","status":"publish","type":"product","link":"https:\/\/lofimusic.com.es\/index.php\/producto\/b0cqgf9v9z_de\/","title":{"rendered":"B0CQGF9V9Z_DE"},"content":{"rendered":"<p>&#8211; \u3010\u274c\ud83d\udc2d\ud83e\udd9fVERBESSERTE PEST CONTROL TECHNOLOGY\u3011 Nimmt sichere und fortschrittliche wirksame Technologie an, um das Nervensystem von Sch\u00e4dlingen zu st\u00f6ren und zu reizen. Dies ist leistungsf\u00e4higer, wodurch Sch\u00e4dlinge und Nagetiere schwerer immunisiert werden k\u00f6nnen als zuvor. Dann k\u00f6nnen wir uns von Sch\u00e4dlingen und M\u00e4usen verabschieden!<br \/>\n&#8211; \u3010\u274c\ud83d\udc2d\ud83e\udd9fVERBESSERTE PEST CONTROL TECHNOLOGY\u3011 Nimmt sichere und fortschrittliche wirksame Technologie an, um das Nervensystem von Sch\u00e4dlingen zu st\u00f6ren und zu reizen. Dies ist leistungsf\u00e4higer, wodurch Sch\u00e4dlinge und Nagetiere schwerer immunisiert werden k\u00f6nnen als zuvor. Dann k\u00f6nnen wir uns von Sch\u00e4dlingen und M\u00e4usen verabschieden!<br \/>\n&#8211; \u3010\u274c\ud83d\udc2d\ud83e\udd9fVolle Abdeckung und Energieeinsparung\u3011 Das Insektenschutzmittel kann weit verbreitet in H\u00e4usern, Wohnungen, Lagerh\u00e4usern, Gesch\u00e4ften, Werkst\u00e4tten, Restaurants, Hotels usw. verwendet werden, die Insekten, Ratten, M\u00fccken, Fliegen, Wespen, Ameisen, Spinnen, Fl\u00f6he abwehren k\u00f6nnen , Kakerlaken, etc. 360\u00b0 mit geringem Energieverbrauch und hoher Effizienz abdecken.<br \/>\n&#8211; \u3010\u274c\ud83d\udc2d\ud83e\udd9fEinfach zu verwenden\u3011Schlie\u00dfen Sie einfach den Ultraschall Sch\u00e4dlingsbek\u00e4mpfer an die Steckdose mit 30-150 cm Abstand vom Boden an und stellen Sie sicher, dass keine Barriere wie Vorh\u00e4nge oder Schr\u00e4nke gibt, die vor dem Abwehrmittel abgedeckt sind. Die meisten Kunden k\u00f6nnen die Ergebnisse innerhalb von 3-4 Wochen sehen! Dann k\u00f6nnen wir von Sch\u00e4dlingen und M\u00e4usen verabschieden.<br \/>\n&#8211; \u3010\u274c\ud83d\udc2d\ud83e\udd9fZUFRIEDENHEIT ODER ERSTATTUNG\u3011 Ultraschall-Abwehr ist mit einer lebenslangen Garantie ausgestattet. Wenn Sie innerhalb von 4 Wochen keine Verbesserungen sehen, werden Sie 100% erstattet. Durchschnittlich dauert es 4 bis 5 Wochen, um Ergebnisse zu sehen (abh\u00e4ngig von der Konsistenz vom Befall).<\/p>\n","protected":false},"excerpt":{"rendered":"<p>Werbung<br \/>\nM\u00fcckenschutz Ultraschall Sch\u00e4dlingsbek\u00e4mpfer Sch\u00e4dlingsbek\u00e4mpfung,mausefalle Elektrisch Insektenschutzmittel f\u00fcr Kakerlaken, M\u00e4use, Kakerlaken, Fliegen, M\u00fccken, Spinnen,Harmlos f\u00fcr Haustiere(4 St\u00fcck)<\/p>\n","protected":false},"featured_media":850,"comment_status":"open","ping_status":"closed","template":"","meta":[],"product_cat":[15],"product_tag":[],"class_list":{"0":"post-851","1":"product","2":"type-product","3":"status-publish","4":"has-post-thumbnail","6":"product_cat-sin-categorizar","7":"nodate","8":"item-wrap","10":"first","11":"instock","12":"shipping-taxable","13":"product-type-external"},"_links":{"self":[{"href":"https:\/\/lofimusic.com.es\/index.php\/wp-json\/wp\/v2\/product\/851","targetHints":{"allow":["GET"]}}],"collection":[{"href":"https:\/\/lofimusic.com.es\/index.php\/wp-json\/wp\/v2\/product"}],"about":[{"href":"https:\/\/lofimusic.com.es\/index.php\/wp-json\/wp\/v2\/types\/product"}],"replies":[{"embeddable":true,"href":"https:\/\/lofimusic.com.es\/index.php\/wp-json\/wp\/v2\/comments?post=851"}],"wp:featuredmedia":[{"embeddable":true,"href":"https:\/\/lofimusic.com.es\/index.php\/wp-json\/wp\/v2\/media\/850"}],"wp:attachment":[{"href":"https:\/\/lofimusic.com.es\/index.php\/wp-json\/wp\/v2\/media?parent=851"}],"wp:term":[{"taxonomy":"product_cat","embeddable":true,"href":"https:\/\/lofimusic.com.es\/index.php\/wp-json\/wp\/v2\/product_cat?post=851"},{"taxonomy":"product_tag","embeddable":true,"href":"https:\/\/lofimusic.com.es\/index.php\/wp-json\/wp\/v2\/product_tag?post=851"}],"curies":[{"name":"wp","href":"https:\/\/api.w.org\/{rel}","templated":true}]}}