{"id":845,"date":"2024-09-14T00:59:03","date_gmt":"2024-09-14T00:59:03","guid":{"rendered":"https:\/\/lofimusic.com.es\/index.php\/producto\/b0d7pwnfc1_de\/"},"modified":"2024-09-14T00:59:03","modified_gmt":"2024-09-14T00:59:03","slug":"b0d7pwnfc1_de","status":"publish","type":"product","link":"https:\/\/lofimusic.com.es\/index.php\/producto\/b0d7pwnfc1_de\/","title":{"rendered":"B0D7PWNFC1_DE"},"content":{"rendered":"<p>&#8211; \u2705\u3010Unsch\u00e4dlich f\u00fcr Mensch und Tier\u3011 Der Solar Maulwurfvertreiber strahlt starke Vibrationswellen und akustische Signale aus. Es macht Tiere unwohl und kann abgelehnt werden, ohne sie zu besch\u00e4digen. Da es sich um einen Ultraschallsensor handelt, k\u00f6nnen Sie einen kleinen Ton h\u00f6ren. Es ist unsch\u00e4dlich f\u00fcr Mensch und Tier, aber es wird empfohlen, es im Freien zu platzieren.<br \/>\n&#8211; \u2705\u3010Solarladung\u3011Stromversorgung \u00fcber Solarzelle, keine zus\u00e4tzlichen Batterie erforderlich. Wenn Sie an einem sonnigen Ort installieren, k\u00f6nnen Sie den integrierten Akku immer aufladen, m\u00fcssen Sie sich keine Sorgen machen, dass Sie ohne Batterie bleiben m\u00fcssen. Da die Pr\u00e4zisionsleistung des Solarpanels verbessert wurde. Eine volle Ladung kann weiterhin f\u00fcr 5-7 Tage laufen, um die normale Arbeit an regnerischen oder bew\u00f6lkten Tagen zu gew\u00e4hrleisten.<br \/>\n&#8211; \u2705\u3010Breites effektives Arbeitsspektrum\u3011Um eine optimale Leistung zu erzielen, empfehlen wir, Maulwurfbek\u00e4mpfungsmittel alle 70 ft auf dem Rasen zu platzieren. Die 3-4s Schallimpulse f\u00fcr alle 30 Sekunden emittierten Schallimpulse dringt in den Boden ein und zwingt auch Sch\u00e4dlinge davon ab, den Bereich abzuwehren, durch den der Klang reisen ist.<br \/>\n&#8211; \u2705\u3010Wasserdicht und langlebig\u3011 Der M\u00e4useschreck ist aus hochwertigen ABS- und PVC-Materialien hergestellt, es ist nicht leicht zu korrodieren, wenn es \u00fcber einen l\u00e4ngeren Zeitraum im Freien platziert wird. Dieser Maulwurfschreck hat eine gute wasserdichte Leistung und bef\u00fcrchtet keinen Regen. Daher m\u00fcssen Sie sich keine Sorgen machen, ihn an regnerischen Tagen zu verwenden.<br \/>\n&#8211; \u2705\u3010Einfach zu installieren\u3011Die Installation wird durch einfaches Einsetzen in den Boden abgeschlossen. Da es kompakt und bequem zu tragen ist. Sie k\u00f6nnen leicht Abwehrmittel an verschiedenen Orten installieren. Sch\u00fctzt verschiedene Dinge wie Hotelg\u00e4rten, Villeng\u00e4rten, Bauernh\u00f6fe, Reis- und landwirtschaftliche Felder vor Maulw\u00fcrfen.<\/p>\n","protected":false},"excerpt":{"rendered":"<p>Werbung<br \/>\nSolar Maulwurfschreck,W\u00fchlmausabwehr,Maulwurfvertreiber,Schlagenabwehr,Eidechsenabwehr,Maulwurfvertreiber,Schlagenabwehr,f\u00fcr Den Rasen Garten(4 St\u00fcck)<\/p>\n","protected":false},"featured_media":844,"comment_status":"open","ping_status":"closed","template":"","meta":[],"product_cat":[15],"product_tag":[],"class_list":{"0":"post-845","1":"product","2":"type-product","3":"status-publish","4":"has-post-thumbnail","6":"product_cat-sin-categorizar","7":"nodate","8":"item-wrap","10":"first","11":"instock","12":"shipping-taxable","13":"product-type-external"},"_links":{"self":[{"href":"https:\/\/lofimusic.com.es\/index.php\/wp-json\/wp\/v2\/product\/845","targetHints":{"allow":["GET"]}}],"collection":[{"href":"https:\/\/lofimusic.com.es\/index.php\/wp-json\/wp\/v2\/product"}],"about":[{"href":"https:\/\/lofimusic.com.es\/index.php\/wp-json\/wp\/v2\/types\/product"}],"replies":[{"embeddable":true,"href":"https:\/\/lofimusic.com.es\/index.php\/wp-json\/wp\/v2\/comments?post=845"}],"wp:featuredmedia":[{"embeddable":true,"href":"https:\/\/lofimusic.com.es\/index.php\/wp-json\/wp\/v2\/media\/844"}],"wp:attachment":[{"href":"https:\/\/lofimusic.com.es\/index.php\/wp-json\/wp\/v2\/media?parent=845"}],"wp:term":[{"taxonomy":"product_cat","embeddable":true,"href":"https:\/\/lofimusic.com.es\/index.php\/wp-json\/wp\/v2\/product_cat?post=845"},{"taxonomy":"product_tag","embeddable":true,"href":"https:\/\/lofimusic.com.es\/index.php\/wp-json\/wp\/v2\/product_tag?post=845"}],"curies":[{"name":"wp","href":"https:\/\/api.w.org\/{rel}","templated":true}]}}