{"id":843,"date":"2024-09-14T00:57:03","date_gmt":"2024-09-14T00:57:03","guid":{"rendered":"https:\/\/lofimusic.com.es\/index.php\/producto\/b0dc69tpb2_fr\/"},"modified":"2024-09-14T00:57:03","modified_gmt":"2024-09-14T00:57:03","slug":"b0dc69tpb2_fr","status":"publish","type":"product","link":"https:\/\/lofimusic.com.es\/index.php\/producto\/b0dc69tpb2_fr\/","title":{"rendered":"B0DC69TPB2_FR"},"content":{"rendered":"<p>&#8211; \u3010Entra\u00eenement Progressif avec 6 Modes Sonores\u3011Ce collier de dressage pour chien offre six niveaux de sons distincts, vous permettant d&#8217;adapter l&#8217;entra\u00eenement selon le comportement de votre chien. Chaque niveau sonore est con\u00e7u pour capter son attention sans stress, parfait pour un colliers anti-aboiement pour chiens.<br \/>\n&#8211; \u3010Personnalisation Totale avec 16 Niveaux d&#8217;Intensit\u00e9\u3011 Ajustez facilement la force des vibrations et des sons en fonction de la sensibilit\u00e9 de votre chien. Ce collier electrique pour chien offre un contr\u00f4le parfait pour des corrections douces ou plus fermes selon les besoins.<br \/>\n&#8211; \u3010Port\u00e9e de Contr\u00f4le \u00c9tendue et R\u00e9sistance \u00e0 l&#8217;Eau\u3011 Profitez d&#8217;une port\u00e9e de contr\u00f4le allant jusqu&#8217;\u00e0 2000 pieds et d&#8217;un classement IP67, garantissant une utilisation fiable par tous les temps, m\u00eame dans l&#8217;eau jusqu&#8217;\u00e0 2 m\u00e8tres de profondeur. Ce colier electric pour chien est id\u00e9al pour une utilisation ext\u00e9rieure.<br \/>\n&#8211; \u3010T\u00e9l\u00e9commande Interactive et Pratique \u3011Gr\u00e2ce \u00e0 l&#8217;anneau lumineux multicolore de la t\u00e9l\u00e9commande, vous identifiez facilement chaque fonction pour un dressage plus intuitif et fluide. Id\u00e9al pour un contr\u00f4le pr\u00e9cis et efficace. Le collier anti aboiement chien en nylon l\u00e9ger et durable s&#8217;ajuste confortablement aux tours de cou de 8 \u00e0 30 pouces, convenant aux chiens de 10 \u00e0 100 livres.<br \/>\n&#8211; \u3010Recharge Rapide et Autonomie de Longue Dur\u00e9e \u3011Avec une recharge USB en seulement 2 heures, profitez jusqu&#8217;\u00e0 15 jours d&#8217;utilisation continue. L&#8217;\u00e9cran LED couleur vous permet de surveiller en un clin d&#8217;\u0153il l&#8217;\u00e9tat de la batterie et les modes actifs pour un usage pratique au quotidien avec votre collier dressage chien.<\/p>\n","protected":false},"excerpt":{"rendered":"<p>publicit\u00e9<br \/>\nCollier de Dressage pour Chien avec T\u00e9l\u00e9commande &#8211; Collier Anti Aboiement Chien\u4e28Bip\/Vibration\/Choc s\u00fbr Rechargeable Collier Electrique IP67 \u00e9tanche pour Petits Moyens Et Grands Chiens<\/p>\n","protected":false},"featured_media":842,"comment_status":"open","ping_status":"closed","template":"","meta":[],"product_cat":[15],"product_tag":[],"class_list":{"0":"post-843","1":"product","2":"type-product","3":"status-publish","4":"has-post-thumbnail","6":"product_cat-sin-categorizar","7":"nodate","8":"item-wrap","10":"first","11":"instock","12":"shipping-taxable","13":"product-type-external"},"_links":{"self":[{"href":"https:\/\/lofimusic.com.es\/index.php\/wp-json\/wp\/v2\/product\/843","targetHints":{"allow":["GET"]}}],"collection":[{"href":"https:\/\/lofimusic.com.es\/index.php\/wp-json\/wp\/v2\/product"}],"about":[{"href":"https:\/\/lofimusic.com.es\/index.php\/wp-json\/wp\/v2\/types\/product"}],"replies":[{"embeddable":true,"href":"https:\/\/lofimusic.com.es\/index.php\/wp-json\/wp\/v2\/comments?post=843"}],"wp:featuredmedia":[{"embeddable":true,"href":"https:\/\/lofimusic.com.es\/index.php\/wp-json\/wp\/v2\/media\/842"}],"wp:attachment":[{"href":"https:\/\/lofimusic.com.es\/index.php\/wp-json\/wp\/v2\/media?parent=843"}],"wp:term":[{"taxonomy":"product_cat","embeddable":true,"href":"https:\/\/lofimusic.com.es\/index.php\/wp-json\/wp\/v2\/product_cat?post=843"},{"taxonomy":"product_tag","embeddable":true,"href":"https:\/\/lofimusic.com.es\/index.php\/wp-json\/wp\/v2\/product_tag?post=843"}],"curies":[{"name":"wp","href":"https:\/\/api.w.org\/{rel}","templated":true}]}}