{"id":839,"date":"2024-09-14T00:54:04","date_gmt":"2024-09-14T00:54:04","guid":{"rendered":"https:\/\/lofimusic.com.es\/index.php\/producto\/b0d2vpbvxk_de\/"},"modified":"2024-09-14T00:54:04","modified_gmt":"2024-09-14T00:54:04","slug":"b0d2vpbvxk_de","status":"publish","type":"product","link":"https:\/\/lofimusic.com.es\/index.php\/producto\/b0d2vpbvxk_de\/","title":{"rendered":"B0D2VPBVXK_DE"},"content":{"rendered":"<p>&#8211; Produktdetails: Sie erhalten 5 Meter bleiband f\u00fcr gardinen schwer, gardinen bleiband der ca. 30g per m. Verschiedene Gewichte stehen zur Auswahl. Die Gewichtsangabe ist immer pro Meter.Kann zum N\u00e4hen oder Einschieben am unteren Ende des Vorhangs verwendet werden.<br \/>\n&#8211; Hochwertige Materialien: YQBFTC bleiband f\u00fcr vorh\u00e4nge besteh innen aus einem Bleigarn und einer au\u00dfen aus Polyester. Nicht leicht zu zerrei\u00dfen oder herunterzufallen, stark und langlebig ist. Kein einlaufen der Bleischnur nach der W\u00e4sche 100% Polyester in der Farbe wei\u00df.<br \/>\n&#8211; Einstellbare L\u00e4nge: Vorhang gewichte outdoor zubeh\u00f6r lassen sich leicht auf die richtige Gr\u00f6\u00dfe zuschneiden und sind schwer genug, um die Form Ihrer Vorh\u00e4nge auch bei windigen Bedingungen beizubehalten.Das bleiband f\u00fcr gardinen ist langlebig und kann zum N\u00e4hen oder Einsetzen in die Unterseite des Vorhangs verwendet werden.Nach dem N\u00e4hen entsteht durch das optimale Gewicht eine gleichm\u00e4\u00dfigere und sch\u00f6nere Falte.<br \/>\n&#8211; Leicht zu reinigen: Die Minenteile werden durch das Zentralgewinde in perfekter Position gehalten. Bleistreifen k\u00f6nnen zusammen mit Vorh\u00e4ngen oder Schals schonend bei 30\u00b0C gewaschen werden.Die Vorhangleine ist elastisch und kann bei unzureichender L\u00e4nge auf 5 Meter gedehnt werden.<br \/>\n&#8211; Mehrzweck: Die vorhang gewichte verhindern gut, dass der Fenstervorhang oder die Duschabdeckung durch Wind anhaften oder wild wehen.YQBFTC gardinenbeschwerer f\u00fcr Wohnzimmer, Schlafzimmer, K\u00fcche, Esszimmer, Badezimmer, Fenstert\u00fcren, B\u00fcros oder Studios eignet. Es ist ein ideales Zubeh\u00f6r f\u00fcr Vorh\u00e4nge, Tischdecken und Duschvorh\u00e4nge und verhindert, dass es vom Wind aufgewirbelt wird.<\/p>\n","protected":false},"excerpt":{"rendered":"<p>Werbung<br \/>\nYQBFTC Bleiband f\u00fcr Gardinen Schwer 30g-5M,Gardinenbeschwerer f\u00fcr Vorh\u00e4nge Gardinenbleiband,Vorhang Gewichte Outdoor,Bewschwerung f\u00fcr Gardinen Stoffe Moskitonetz Glatte Aufh\u00e4ngung Perfekte Falten<\/p>\n","protected":false},"featured_media":838,"comment_status":"open","ping_status":"closed","template":"","meta":[],"product_cat":[15],"product_tag":[],"class_list":{"0":"post-839","1":"product","2":"type-product","3":"status-publish","4":"has-post-thumbnail","6":"product_cat-sin-categorizar","7":"nodate","8":"item-wrap","10":"first","11":"instock","12":"shipping-taxable","13":"product-type-external"},"_links":{"self":[{"href":"https:\/\/lofimusic.com.es\/index.php\/wp-json\/wp\/v2\/product\/839","targetHints":{"allow":["GET"]}}],"collection":[{"href":"https:\/\/lofimusic.com.es\/index.php\/wp-json\/wp\/v2\/product"}],"about":[{"href":"https:\/\/lofimusic.com.es\/index.php\/wp-json\/wp\/v2\/types\/product"}],"replies":[{"embeddable":true,"href":"https:\/\/lofimusic.com.es\/index.php\/wp-json\/wp\/v2\/comments?post=839"}],"wp:featuredmedia":[{"embeddable":true,"href":"https:\/\/lofimusic.com.es\/index.php\/wp-json\/wp\/v2\/media\/838"}],"wp:attachment":[{"href":"https:\/\/lofimusic.com.es\/index.php\/wp-json\/wp\/v2\/media?parent=839"}],"wp:term":[{"taxonomy":"product_cat","embeddable":true,"href":"https:\/\/lofimusic.com.es\/index.php\/wp-json\/wp\/v2\/product_cat?post=839"},{"taxonomy":"product_tag","embeddable":true,"href":"https:\/\/lofimusic.com.es\/index.php\/wp-json\/wp\/v2\/product_tag?post=839"}],"curies":[{"name":"wp","href":"https:\/\/api.w.org\/{rel}","templated":true}]}}