{"id":837,"date":"2024-09-14T00:53:03","date_gmt":"2024-09-14T00:53:03","guid":{"rendered":"https:\/\/lofimusic.com.es\/index.php\/producto\/b0d2rmjksg_fr\/"},"modified":"2024-09-14T00:53:03","modified_gmt":"2024-09-14T00:53:03","slug":"b0d2rmjksg_fr","status":"publish","type":"product","link":"https:\/\/lofimusic.com.es\/index.php\/producto\/b0d2rmjksg_fr\/","title":{"rendered":"B0D2RMJKSG_FR"},"content":{"rendered":"<p>&#8211; \u3010Table Haute pour Petit Espace\u30112 Chaise Encastrable sous la table compacte (60 x 60 x 90 cm(L x l x H)) est un meuble id\u00e9al pour la petite cuisine, les coins, les espaces contre le mur. Parfait pour les petits appartements, les coins cuisine, les petits salons, etc.<br \/>\n&#8211; \u3010Design Flottant\u3011Le design de plateau flottant unique ajoute une touche sophistiqu\u00e9e \u00e0 n&#8217;importe quel espace, cr\u00e9ant une ambiance invitante pour les repas. Tout en augmentant la hauteur de la table, cela la rend plus l\u00e9g\u00e8re et moins encombrante.<br \/>\n&#8211; \u3010Repose-pieds Confortables\u3011Asseyez-vous et d\u00e9tendez-vous sur ces 2 tabourets \u00e0 hauteur de comptoir, con\u00e7us pour un grand confort. En outre, la table et les tabourets sont dot\u00e9s de repose-pieds bien positionn\u00e9s pour offrir un soutien optimal et une position assise confortable, parfaite pour les longues conversations.<br \/>\n&#8211; \u3010Structure M\u00e9tallique\u3011Profitez du m\u00e9lange parfait de robustesse et de stabilit\u00e9. L&#8217;ensemble est dot\u00e9 de cadres m\u00e9talliques robustes avec rev\u00eatement en poudre. Et la table peut supporter jusqu&#8217;\u00e0 70kg et chaque tabouret peut supporter un poids de 160 kg.<br \/>\n&#8211; \u3010Stabilit\u00e9 Parfaite\u3011Profitez d&#8217;une plateforme sans oscillation ! L&#8217;ensemble de table bar est dot\u00e9 de repose-pieds r\u00e9glables, vous permettant de maintenir une stabilit\u00e9 parfaite sur des sols in\u00e9gaux. L&#8217;\u00e9paisseur de la table est de 30 mm.<\/p>\n","protected":false},"excerpt":{"rendered":"<p>publicit\u00e9<br \/>\nCOSTWAY Table Haute avec 2 Tabourets, Table Chaise Encastrable, Table Design Flottant, Table Cuisine Petit Espace, Design Compact pour Bar Exterieur Jardin, Table \u00e0 Manger 60 x 60 x 90 cm<\/p>\n","protected":false},"featured_media":836,"comment_status":"open","ping_status":"closed","template":"","meta":[],"product_cat":[15],"product_tag":[],"class_list":{"0":"post-837","1":"product","2":"type-product","3":"status-publish","4":"has-post-thumbnail","6":"product_cat-sin-categorizar","7":"nodate","8":"item-wrap","10":"first","11":"instock","12":"shipping-taxable","13":"product-type-external"},"_links":{"self":[{"href":"https:\/\/lofimusic.com.es\/index.php\/wp-json\/wp\/v2\/product\/837","targetHints":{"allow":["GET"]}}],"collection":[{"href":"https:\/\/lofimusic.com.es\/index.php\/wp-json\/wp\/v2\/product"}],"about":[{"href":"https:\/\/lofimusic.com.es\/index.php\/wp-json\/wp\/v2\/types\/product"}],"replies":[{"embeddable":true,"href":"https:\/\/lofimusic.com.es\/index.php\/wp-json\/wp\/v2\/comments?post=837"}],"wp:featuredmedia":[{"embeddable":true,"href":"https:\/\/lofimusic.com.es\/index.php\/wp-json\/wp\/v2\/media\/836"}],"wp:attachment":[{"href":"https:\/\/lofimusic.com.es\/index.php\/wp-json\/wp\/v2\/media?parent=837"}],"wp:term":[{"taxonomy":"product_cat","embeddable":true,"href":"https:\/\/lofimusic.com.es\/index.php\/wp-json\/wp\/v2\/product_cat?post=837"},{"taxonomy":"product_tag","embeddable":true,"href":"https:\/\/lofimusic.com.es\/index.php\/wp-json\/wp\/v2\/product_tag?post=837"}],"curies":[{"name":"wp","href":"https:\/\/api.w.org\/{rel}","templated":true}]}}