{"id":831,"date":"2024-09-14T00:49:04","date_gmt":"2024-09-14T00:49:04","guid":{"rendered":"https:\/\/lofimusic.com.es\/index.php\/producto\/b0cnt3x9vd_fr\/"},"modified":"2024-09-14T00:49:04","modified_gmt":"2024-09-14T00:49:04","slug":"b0cnt3x9vd_fr","status":"publish","type":"product","link":"https:\/\/lofimusic.com.es\/index.php\/producto\/b0cnt3x9vd_fr\/","title":{"rendered":"B0CNT3X9VD_FR"},"content":{"rendered":"<p>&#8211; \u3010Abat-Jour Globe 3 Couleurs :\u3011Ce lampadaire comprend 3 abat-jours globe, en verre de diff\u00e9rentes couleurs, qui non seulement vous offrent une protection des yeux, mais ajoutent \u00e9galement plus d\u2019esth\u00e9tique et d&#8217;\u00e9l\u00e9gance. Et l&#8217;angle r\u00e9glable \u00e0 160\u00b0 de chaque globe r\u00e9pond \u00e0 davantage de vos besoins.<br \/>\n&#8211; \u3010Abat-Jour Globe 3 Couleurs :\u3011Ce lampadaire comprend 3 abat-jours globe, en verre de diff\u00e9rentes couleurs, qui non seulement vous offrent une protection des yeux, mais ajoutent \u00e9galement plus d\u2019esth\u00e9tique et d&#8217;\u00e9l\u00e9gance. Et l&#8217;angle r\u00e9glable \u00e0 160\u00b0 de chaque globe r\u00e9pond \u00e0 davantage de vos besoins.<br \/>\n&#8211; \u3010Lampadaire Bien Fait :\u3011Le lampadaire \u00e0 3 globes est bien con\u00e7u avec des tuyaux m\u00e9talliques bien peints et une base de lampe lest\u00e9e, qui offrent un soutien solide et assurent une grande stabilit\u00e9. De plus, la prise s\u00e9curis\u00e9e rend la lampe plus fiable \u00e0 utiliser.<br \/>\n&#8211; \u3010Multi-Usage :\u3011Avec une apparence \u00e9l\u00e9gante et une haute fonctionnalit\u00e9, ce lampadaire apportera de la luminosit\u00e9 et ornera votre espace de vie. Ce sera un compl\u00e9ment parfait \u00e0 votre salon, chambre, bureau.<br \/>\n&#8211; \u3010Assemblage Facile :\u3011Avec des instructions claires, vous pouvez assembler ce lampadaire avec une grande efficacit\u00e9. Aucun outil n&#8217;est requis pour l&#8217;assemblage, ce qui vous permet d&#8217;\u00e9conomiser du temps et des efforts.<\/p>\n","protected":false},"excerpt":{"rendered":"<p>publicit\u00e9<br \/>\nCOSTWAY Lampadaire sur Pied \u00e0 3 Globes, Lampe Moderne en Forme d\u2019Arbre avec Interrupteur \u00e0 Pied et Poteau M\u00e9tallique, 3 Culots d&#8217;Ampoule E27, pour Salon, Chambre, Bureau, Noir<\/p>\n","protected":false},"featured_media":830,"comment_status":"open","ping_status":"closed","template":"","meta":[],"product_cat":[15],"product_tag":[],"class_list":{"0":"post-831","1":"product","2":"type-product","3":"status-publish","4":"has-post-thumbnail","6":"product_cat-sin-categorizar","7":"nodate","8":"item-wrap","10":"first","11":"instock","12":"shipping-taxable","13":"product-type-external"},"_links":{"self":[{"href":"https:\/\/lofimusic.com.es\/index.php\/wp-json\/wp\/v2\/product\/831","targetHints":{"allow":["GET"]}}],"collection":[{"href":"https:\/\/lofimusic.com.es\/index.php\/wp-json\/wp\/v2\/product"}],"about":[{"href":"https:\/\/lofimusic.com.es\/index.php\/wp-json\/wp\/v2\/types\/product"}],"replies":[{"embeddable":true,"href":"https:\/\/lofimusic.com.es\/index.php\/wp-json\/wp\/v2\/comments?post=831"}],"wp:featuredmedia":[{"embeddable":true,"href":"https:\/\/lofimusic.com.es\/index.php\/wp-json\/wp\/v2\/media\/830"}],"wp:attachment":[{"href":"https:\/\/lofimusic.com.es\/index.php\/wp-json\/wp\/v2\/media?parent=831"}],"wp:term":[{"taxonomy":"product_cat","embeddable":true,"href":"https:\/\/lofimusic.com.es\/index.php\/wp-json\/wp\/v2\/product_cat?post=831"},{"taxonomy":"product_tag","embeddable":true,"href":"https:\/\/lofimusic.com.es\/index.php\/wp-json\/wp\/v2\/product_tag?post=831"}],"curies":[{"name":"wp","href":"https:\/\/api.w.org\/{rel}","templated":true}]}}