{"id":827,"date":"2024-09-14T00:45:04","date_gmt":"2024-09-14T00:45:04","guid":{"rendered":"https:\/\/lofimusic.com.es\/index.php\/producto\/b0dfmb4554_fr\/"},"modified":"2024-09-14T00:45:04","modified_gmt":"2024-09-14T00:45:04","slug":"b0dfmb4554_fr","status":"publish","type":"product","link":"https:\/\/lofimusic.com.es\/index.php\/producto\/b0dfmb4554_fr\/","title":{"rendered":"B0DFMB4554_FR"},"content":{"rendered":"<p>&#8211; \u3010Double Si\u00e8ge\u3011Le si\u00e8ge avant de cette poussette double convient aux enfants de 6 \u00e0 36 mois et celui arri\u00e8re est id\u00e9al pour les enfants de la naissance \u00e0 36 mois.Chaque si\u00e8ge peut supporter jusqu&#8217;\u00e0 15 kg.<br \/>\n&#8211; \u3010Plusieurs Positions R\u00e9glables\u3011Les dossiers des si\u00e8ges arri\u00e8re (3 niveaux) et avant (2 niveaux) peuvent \u00eatre ajust\u00e9s en fonction des demandes des enfants. Le dossier arri\u00e8re peut m\u00eame \u00eatre pos\u00e9 \u00e0 plat. L&#8217;auvent sur le dessus peut \u00eatre ajust\u00e9 en tournant la barre.<br \/>\n&#8211; \u3010S\u00e9curit\u00e9 de Haut Niveau\u3011Chaque si\u00e8ge est \u00e9quip\u00e9 d&#8217;une ceinture de s\u00e9curit\u00e9 \u00e0 cinq points.La roue avant a une conception absorbant les chocs. Les freins sur les roues arri\u00e8re permettent aux parents d&#8217;arr\u00eater la poussette en cas d&#8217;urgence.<br \/>\n&#8211; \u3010Conception Adapt\u00e9e aux Parents\u3011La poign\u00e9e de pouss\u00e9e est r\u00e9glable pour r\u00e9pondre aux diff\u00e9rentes demandes des parents. Le panier sous les si\u00e8ges offre aux parents un espace suppl\u00e9mentaire pour placer les accessoires de b\u00e9b\u00e9.<br \/>\n&#8211; \u3010Pliage &amp; Transport Faciles\u3011Le landau peut \u00eatre rapidement pli\u00e9e en appuyant sur le bouton dans une taille compacte pour un rangement et un transport faciles.Toutes les roues sont fabriqu\u00e9es dans un mat\u00e9riau de haute qualit\u00e9 et con\u00e7ues avec une surface antid\u00e9rapante.<\/p>\n","protected":false},"excerpt":{"rendered":"<p>publicit\u00e9<br \/>\nCOSTWAY Poussette Tandem Double Pliable avec Auvent &amp; Dossier R\u00e9glable, Poussette Landau B\u00e9b\u00e9 avec Ceinture de S\u00e9curit\u00e9, Roues Verrouillables avec Freins, Pliable \u00e0 une Main, Charge 30kg (Noir)<\/p>\n","protected":false},"featured_media":826,"comment_status":"open","ping_status":"closed","template":"","meta":[],"product_cat":[15],"product_tag":[],"class_list":{"0":"post-827","1":"product","2":"type-product","3":"status-publish","4":"has-post-thumbnail","6":"product_cat-sin-categorizar","7":"nodate","8":"item-wrap","10":"first","11":"instock","12":"shipping-taxable","13":"product-type-external"},"_links":{"self":[{"href":"https:\/\/lofimusic.com.es\/index.php\/wp-json\/wp\/v2\/product\/827","targetHints":{"allow":["GET"]}}],"collection":[{"href":"https:\/\/lofimusic.com.es\/index.php\/wp-json\/wp\/v2\/product"}],"about":[{"href":"https:\/\/lofimusic.com.es\/index.php\/wp-json\/wp\/v2\/types\/product"}],"replies":[{"embeddable":true,"href":"https:\/\/lofimusic.com.es\/index.php\/wp-json\/wp\/v2\/comments?post=827"}],"wp:featuredmedia":[{"embeddable":true,"href":"https:\/\/lofimusic.com.es\/index.php\/wp-json\/wp\/v2\/media\/826"}],"wp:attachment":[{"href":"https:\/\/lofimusic.com.es\/index.php\/wp-json\/wp\/v2\/media?parent=827"}],"wp:term":[{"taxonomy":"product_cat","embeddable":true,"href":"https:\/\/lofimusic.com.es\/index.php\/wp-json\/wp\/v2\/product_cat?post=827"},{"taxonomy":"product_tag","embeddable":true,"href":"https:\/\/lofimusic.com.es\/index.php\/wp-json\/wp\/v2\/product_tag?post=827"}],"curies":[{"name":"wp","href":"https:\/\/api.w.org\/{rel}","templated":true}]}}