{"id":821,"date":"2024-09-14T00:41:03","date_gmt":"2024-09-14T00:41:03","guid":{"rendered":"https:\/\/lofimusic.com.es\/index.php\/producto\/b0d7hqmclj_fr\/"},"modified":"2024-09-14T00:41:03","modified_gmt":"2024-09-14T00:41:03","slug":"b0d7hqmclj_fr","status":"publish","type":"product","link":"https:\/\/lofimusic.com.es\/index.php\/producto\/b0d7hqmclj_fr\/","title":{"rendered":"B0D7HQMCLJ_FR"},"content":{"rendered":"<p>&#8211; \u3010Design Distinct en Forme de \u2018S\u2019\u3011Cette biblioth\u00e8que de rangement autoportante pr\u00e9sente un design contemporain en forme de \u2018S\u2019 qui cr\u00e9e un \u00e9l\u00e9ment \u00e9l\u00e9gant dans n&#8217;importe quelle pi\u00e8ce. La forme unique la distingue des \u00e9tag\u00e8res rectangulaires traditionnelles, rehaussant un style tendance et non conventionnel.<br \/>\n&#8211; \u3010Efficacit\u00e9 de Stockage Vertical\u3011Malgr\u00e9 son profil \u00e9lanc\u00e9, la biblioth\u00e8que d\u00e9corative moderne offre une capacit\u00e9 de stockage g\u00e9n\u00e9reuse sur plusieurs niveaux, vous permettant de stocker et d&#8217;afficher vos livres, collections, plantes en pot ou photos pr\u00e9f\u00e9r\u00e9s.<br \/>\n&#8211; \u3010Pas de Basculement\u3011Fabriqu\u00e9e \u00e0 partir de bois d&#8217;ing\u00e9nierie \u00e9paissi, la biblioth\u00e8que en forme de \u2018S\u2019 offre une plate-forme stable et robuste pour vos articles. Gr\u00e2ce aux 2 kits anti-basculement, vous pouvez fixer le pr\u00e9sentoir au mur pour plus de stabilit\u00e9 et de s\u00e9curit\u00e9.<br \/>\n&#8211; \u3010Pi\u00e8ce El\u00e9gante et Fonctionnelle\u3011Le support de rangement autoportant allie parfaitement forme et fonction tout en insufflant une sensation d&#8217;\u00e9l\u00e9gance \u00e0 la d\u00e9coration int\u00e9rieure. C&#8217;est une option polyvalente pour votre salon, chambre ou bureau.<br \/>\n&#8211; \u3010Assemblage Rapide et Taille D\u00e9cente\u3011La biblioth\u00e8que moderne est fournie avec des instructions d\u00e9taill\u00e9es pour vous guider dans la recherche des pi\u00e8ces et les assembler facilement. Dimension hors tout : 80 x 22 x 100 cm (L x l x H).<\/p>\n","protected":false},"excerpt":{"rendered":"<p>publicit\u00e9<br \/>\nCOSTWAY Biblioth\u00e8que \u00e0 5 Niveaux en Forme de S, Compartiments Ouverts, \u00c9tag\u00e8re de Rangement, Meuble Escalier pour Salon Bureau Chambre, 22 x 80 x 100 cm (22 x 80 x 100 cm,Blanc)<\/p>\n","protected":false},"featured_media":820,"comment_status":"open","ping_status":"closed","template":"","meta":[],"product_cat":[15],"product_tag":[],"class_list":{"0":"post-821","1":"product","2":"type-product","3":"status-publish","4":"has-post-thumbnail","6":"product_cat-sin-categorizar","7":"nodate","8":"item-wrap","10":"first","11":"instock","12":"shipping-taxable","13":"product-type-external"},"_links":{"self":[{"href":"https:\/\/lofimusic.com.es\/index.php\/wp-json\/wp\/v2\/product\/821","targetHints":{"allow":["GET"]}}],"collection":[{"href":"https:\/\/lofimusic.com.es\/index.php\/wp-json\/wp\/v2\/product"}],"about":[{"href":"https:\/\/lofimusic.com.es\/index.php\/wp-json\/wp\/v2\/types\/product"}],"replies":[{"embeddable":true,"href":"https:\/\/lofimusic.com.es\/index.php\/wp-json\/wp\/v2\/comments?post=821"}],"wp:featuredmedia":[{"embeddable":true,"href":"https:\/\/lofimusic.com.es\/index.php\/wp-json\/wp\/v2\/media\/820"}],"wp:attachment":[{"href":"https:\/\/lofimusic.com.es\/index.php\/wp-json\/wp\/v2\/media?parent=821"}],"wp:term":[{"taxonomy":"product_cat","embeddable":true,"href":"https:\/\/lofimusic.com.es\/index.php\/wp-json\/wp\/v2\/product_cat?post=821"},{"taxonomy":"product_tag","embeddable":true,"href":"https:\/\/lofimusic.com.es\/index.php\/wp-json\/wp\/v2\/product_tag?post=821"}],"curies":[{"name":"wp","href":"https:\/\/api.w.org\/{rel}","templated":true}]}}