{"id":817,"date":"2024-09-14T00:39:03","date_gmt":"2024-09-14T00:39:03","guid":{"rendered":"https:\/\/lofimusic.com.es\/index.php\/producto\/b0d9nndbxf_de\/"},"modified":"2024-09-14T00:39:03","modified_gmt":"2024-09-14T00:39:03","slug":"b0d9nndbxf_de","status":"publish","type":"product","link":"https:\/\/lofimusic.com.es\/index.php\/producto\/b0d9nndbxf_de\/","title":{"rendered":"B0D9NNDBXF_DE"},"content":{"rendered":"<p>&#8211; \u30104K Ultra HD-Projektion\u3011: Der FIYAPOO Miracast-Dongle unterst\u00fctzt eine Aufl\u00f6sung von 4K (3840 x 2160) und liefert ultraklare Bilder, viermal so klar wie 1080P. Unterst\u00fctzt HDR-Technologie, die Farben lebendiger und naturgetreuer und Details reicher macht. Projizieren Sie den Inhalt Ihres Telefons, Tablets oder Computers ganz einfach auf den gro\u00dfen Bildschirm und genie\u00dfen Sie noch mehr atemberaubende visuelle Effekte.<br \/>\n&#8211; \u3010Umfassende Kompatibilit\u00e4t\u3011: Der FIYAPOO Miracast-Dongle ist stark kompatibel und f\u00fcr mehrere Betriebssysteme wie iOS, Android, Windows und Mac OS geeignet. Unterst\u00fctzt iPhone, iPad, Macbook, Samsung, LG, HTC, PC und andere Ger\u00e4te. Egal welches Ger\u00e4t Sie verwenden, Sie k\u00f6nnen den Bildschirm drahtlos \u00fcber die Miracast-, Airplay- oder DLNA-Funktion teilen.<br \/>\n&#8211; \u3010Effiziente \u00dcbertragung\u3011: Verwendet die Miracast 2.4G-Technologie, unterst\u00fctzt das 802.11AC-Protokoll, reduziert St\u00f6rsignale und erh\u00f6ht die \u00dcbertragungsgeschwindigkeit. Egal ob Sie Filme ansehen, Spiele spielen oder Dateien \u00fcbertragen, es kann einen reibungslosen und stabilen Betrieb gew\u00e4hrleisten, ohne von instabilen Signalen beeintr\u00e4chtigt zu werden.<br \/>\n&#8211; \u3010Einfach zu bedienen\u3011: Einfaches Design, einfach zu bedienen, Sie k\u00f6nnen das Ger\u00e4t mit nur wenigen Einrichtungsschritten schnell anschlie\u00dfen, wodurch der komplizierte Kabelverbindungsprozess entf\u00e4llt. \u00dcber die AirPlay-, DLNA- oder Miracast-Funktion k\u00f6nnen Sie Filme, Bilder, Musik, Dokumente oder Spiele von Android-, iOS-, Mac- und Windows-Ger\u00e4ten auf einen Gro\u00dfbildfernseher oder -monitor \u00fcbertragen und es ohne professionelle Kenntnisse verwenden.<br \/>\n&#8211; \u3010Tragbares Design\u3011: Der FIYAPOO Miracast-Dongle ist leicht und einfach zu tragen. Ob zu Hause, im B\u00fcro oder unterwegs, Sie k\u00f6nnen immer den Komfort der drahtlosen Bildschirmfreigabe genie\u00dfen und problemlos wunderbare Momente teilen. Es ist eine ideale Wahl f\u00fcr Heimunterhaltung, Gesch\u00e4ftspr\u00e4sentationen und Reisen<\/p>\n","protected":false},"excerpt":{"rendered":"<p>Werbung<br \/>\nFIYAPOO Wireless HDMI Display Dongle 4K, Streaming Miracast\/WiFi Dongle f\u00fcr iPhone\/iPad\/Android\/iOS\/Windows\/Mac Laptop, PC HD Fire Netflix Stick f\u00fcr TV\/Monitor\/Projektor (unterst\u00fctzt DLNA, Airplay)<\/p>\n","protected":false},"featured_media":816,"comment_status":"open","ping_status":"closed","template":"","meta":[],"product_cat":[15],"product_tag":[],"class_list":{"0":"post-817","1":"product","2":"type-product","3":"status-publish","4":"has-post-thumbnail","6":"product_cat-sin-categorizar","7":"nodate","8":"item-wrap","10":"first","11":"instock","12":"shipping-taxable","13":"product-type-external"},"_links":{"self":[{"href":"https:\/\/lofimusic.com.es\/index.php\/wp-json\/wp\/v2\/product\/817","targetHints":{"allow":["GET"]}}],"collection":[{"href":"https:\/\/lofimusic.com.es\/index.php\/wp-json\/wp\/v2\/product"}],"about":[{"href":"https:\/\/lofimusic.com.es\/index.php\/wp-json\/wp\/v2\/types\/product"}],"replies":[{"embeddable":true,"href":"https:\/\/lofimusic.com.es\/index.php\/wp-json\/wp\/v2\/comments?post=817"}],"wp:featuredmedia":[{"embeddable":true,"href":"https:\/\/lofimusic.com.es\/index.php\/wp-json\/wp\/v2\/media\/816"}],"wp:attachment":[{"href":"https:\/\/lofimusic.com.es\/index.php\/wp-json\/wp\/v2\/media?parent=817"}],"wp:term":[{"taxonomy":"product_cat","embeddable":true,"href":"https:\/\/lofimusic.com.es\/index.php\/wp-json\/wp\/v2\/product_cat?post=817"},{"taxonomy":"product_tag","embeddable":true,"href":"https:\/\/lofimusic.com.es\/index.php\/wp-json\/wp\/v2\/product_tag?post=817"}],"curies":[{"name":"wp","href":"https:\/\/api.w.org\/{rel}","templated":true}]}}