{"id":815,"date":"2024-09-14T00:37:03","date_gmt":"2024-09-14T00:37:03","guid":{"rendered":"https:\/\/lofimusic.com.es\/index.php\/producto\/b08ln4xpqs_fr\/"},"modified":"2024-09-14T00:37:03","modified_gmt":"2024-09-14T00:37:03","slug":"b08ln4xpqs_fr","status":"publish","type":"product","link":"https:\/\/lofimusic.com.es\/index.php\/producto\/b08ln4xpqs_fr\/","title":{"rendered":"B08LN4XPQS_FR"},"content":{"rendered":"<p>&#8211; \u3010Robuste et stable\u3011Le cadre en bois est plus stable, la plaque de recouvrement est tr\u00e8s \u00e9paisse; La capacit\u00e9 de charge statique est de 150 kg.<br \/>\n&#8211; \u3010Confort d&#8217;assise\u3011La surface en PU est facile \u00e0 nettoyer et la mousse int\u00e9gr\u00e9e permet de s&#8217;asseoir confortablement.<br \/>\n&#8211; \u3010Multifonction\u3011Parfait comme si\u00e8ge, bo\u00eete de rangement, table de chevet, banc ou tabouret, etc<br \/>\n&#8211; \u3010Design classique\u3011Un design simple, moderne et \u00e9l\u00e9gant distingue ce cube de si\u00e8ge, charni\u00e8res m\u00e9talliques pour faciliter l&#8217;ouverture et la fermeture.<br \/>\n&#8211; \u3010Stockage pratique\u3011Un tabouret assis avec un grand espace de rangement vous offre un espace de rangement pratique pour les jouets, les magazines, les CD \/ DVD, les livres, les v\u00eatements, etc<\/p>\n","protected":false},"excerpt":{"rendered":"<p>publicit\u00e9<br \/>\nCOSTWAY Tabouret de Rangement, Pouf, Coffre Bo\u00eete de Rangement Rembourr\u00e9, Surface en Cuir PU, Ottoman Repose-Pied Cube, Charge 150 kg, pour Entr\u00e9e, Salon, Chambre \u00e0 Coucher, 40 x 40 x 40 cm, Blanc<\/p>\n","protected":false},"featured_media":814,"comment_status":"open","ping_status":"closed","template":"","meta":[],"product_cat":[15],"product_tag":[],"class_list":{"0":"post-815","1":"product","2":"type-product","3":"status-publish","4":"has-post-thumbnail","6":"product_cat-sin-categorizar","7":"nodate","8":"item-wrap","10":"first","11":"instock","12":"shipping-taxable","13":"product-type-external"},"_links":{"self":[{"href":"https:\/\/lofimusic.com.es\/index.php\/wp-json\/wp\/v2\/product\/815","targetHints":{"allow":["GET"]}}],"collection":[{"href":"https:\/\/lofimusic.com.es\/index.php\/wp-json\/wp\/v2\/product"}],"about":[{"href":"https:\/\/lofimusic.com.es\/index.php\/wp-json\/wp\/v2\/types\/product"}],"replies":[{"embeddable":true,"href":"https:\/\/lofimusic.com.es\/index.php\/wp-json\/wp\/v2\/comments?post=815"}],"wp:featuredmedia":[{"embeddable":true,"href":"https:\/\/lofimusic.com.es\/index.php\/wp-json\/wp\/v2\/media\/814"}],"wp:attachment":[{"href":"https:\/\/lofimusic.com.es\/index.php\/wp-json\/wp\/v2\/media?parent=815"}],"wp:term":[{"taxonomy":"product_cat","embeddable":true,"href":"https:\/\/lofimusic.com.es\/index.php\/wp-json\/wp\/v2\/product_cat?post=815"},{"taxonomy":"product_tag","embeddable":true,"href":"https:\/\/lofimusic.com.es\/index.php\/wp-json\/wp\/v2\/product_tag?post=815"}],"curies":[{"name":"wp","href":"https:\/\/api.w.org\/{rel}","templated":true}]}}