{"id":811,"date":"2024-09-14T00:34:04","date_gmt":"2024-09-14T00:34:04","guid":{"rendered":"https:\/\/lofimusic.com.es\/index.php\/producto\/b0d6ghkzc3_de\/"},"modified":"2024-09-14T00:34:04","modified_gmt":"2024-09-14T00:34:04","slug":"b0d6ghkzc3_de","status":"publish","type":"product","link":"https:\/\/lofimusic.com.es\/index.php\/producto\/b0d6ghkzc3_de\/","title":{"rendered":"B0D6GHKZC3_DE"},"content":{"rendered":"<p>&#8211; \u3010 PARF\u00dcM ABF\u00dcLLER + KOSMETIKTASCHE \u3011Speziell f\u00fcr Frauen gedacht, damit sie alles auf die effizienteste Art und Weise zur Hand haben.<br \/>\n&#8211; \u3010 MEHRFACH VERWENDBAR \u3011Beintasche mit klassischem und elegantem Design, ideales Geschenk f\u00fcr Freundin, Liebhaber oder Freunde. Kann als G\u00fcrteltasche oder G\u00fcrteltasche verwendet werden. Geeignet f\u00fcr Motorradfahren, FESTIVALS , Wandern, Reisen, Taktik, Camping usw.<br \/>\n&#8211; \u3010VERSTELLBARER RIEMEN \u3011Taktische beintasche klein mit zwei verstellbaren Riemen. Der G\u00fcrtel an der Taille kann von 83.8 cm bis 113 cm eingestellt werden; und der Beingurt kann von 55 cm bis 71 cm eingestellt werden. Der H\u00fcftgurt und der Beingurt sind abnehmbar, so dass die Gurte leicht an- und abgelegt werden k\u00f6nnen.<br \/>\n&#8211; \u3010 PREMIUM MATERIAL \u3011Beintasche aus PU-Leder, wasserabweisend und rei\u00dffest. Robuste Rei\u00dfverschl\u00fcsse, leicht zu schieben, reibungslos funktionierend, verschlei\u00dffest.<\/p>\n","protected":false},"excerpt":{"rendered":"<p>Werbung<br \/>\nBeintasche Damen Beingurttasche Kunstleder Oberschenkeltasche Damen H\u00fcfttasche G\u00fcrteltasche &#8211; Beintasche f\u00fcr Frauen Leather Synthetic<\/p>\n","protected":false},"featured_media":810,"comment_status":"open","ping_status":"closed","template":"","meta":[],"product_cat":[15],"product_tag":[],"class_list":{"0":"post-811","1":"product","2":"type-product","3":"status-publish","4":"has-post-thumbnail","6":"product_cat-sin-categorizar","7":"nodate","8":"item-wrap","10":"first","11":"instock","12":"shipping-taxable","13":"product-type-external"},"_links":{"self":[{"href":"https:\/\/lofimusic.com.es\/index.php\/wp-json\/wp\/v2\/product\/811","targetHints":{"allow":["GET"]}}],"collection":[{"href":"https:\/\/lofimusic.com.es\/index.php\/wp-json\/wp\/v2\/product"}],"about":[{"href":"https:\/\/lofimusic.com.es\/index.php\/wp-json\/wp\/v2\/types\/product"}],"replies":[{"embeddable":true,"href":"https:\/\/lofimusic.com.es\/index.php\/wp-json\/wp\/v2\/comments?post=811"}],"wp:featuredmedia":[{"embeddable":true,"href":"https:\/\/lofimusic.com.es\/index.php\/wp-json\/wp\/v2\/media\/810"}],"wp:attachment":[{"href":"https:\/\/lofimusic.com.es\/index.php\/wp-json\/wp\/v2\/media?parent=811"}],"wp:term":[{"taxonomy":"product_cat","embeddable":true,"href":"https:\/\/lofimusic.com.es\/index.php\/wp-json\/wp\/v2\/product_cat?post=811"},{"taxonomy":"product_tag","embeddable":true,"href":"https:\/\/lofimusic.com.es\/index.php\/wp-json\/wp\/v2\/product_tag?post=811"}],"curies":[{"name":"wp","href":"https:\/\/api.w.org\/{rel}","templated":true}]}}