{"id":805,"date":"2024-09-14T00:29:04","date_gmt":"2024-09-14T00:29:04","guid":{"rendered":"https:\/\/lofimusic.com.es\/index.php\/producto\/b0d73gwylm_de\/"},"modified":"2024-09-14T00:29:04","modified_gmt":"2024-09-14T00:29:04","slug":"b0d73gwylm_de","status":"publish","type":"product","link":"https:\/\/lofimusic.com.es\/index.php\/producto\/b0d73gwylm_de\/","title":{"rendered":"B0D73GWYLM_DE"},"content":{"rendered":"<p>&#8211; Revolutionierte Aosun 2024 Schlafmaske &#8211; Erleben Sie die revolution\u00e4re Aosun 2024 Schlafmaske mit weichen, atmungsaktiven High-Tech-Materialien und innovativer 3D-Schnitttechnik. Diese Augenmaske passt sich perfekt an verschiedene Gesichtskonturen an und ist speziell f\u00fcr Seitenschl\u00e4fer mit einem optimierten elastischen Band-Design entwickelt. Genie\u00dfen Sie jede Nacht erholsamen Schlaf mit der Aosun 2024 Schlafbrille.<br \/>\n&#8211; Perfektioniertes Nasenfl\u00fcgel-Design &#8211; Die Aosun 2024 3D Schlafmaske bietet mit ihrem erweiterten Nasenfl\u00fcgel und der verbesserten 3D-Kontur eine optimale Abdichtung gegen Licht. Mit den beigef\u00fcgten Ohrst\u00f6pseln entsteht ein dunkles und ruhiges Schlafumfeld. Laut Kundenfeedback best\u00e4tigen 95% eine \u00fcberragende Verbesserung ihrer Schlafqualit\u00e4t<br \/>\n&#8211; Spezielles Elastikband f\u00fcr Seitenschl\u00e4fer &#8211; Das Design ohne seitliche Schnallen vermeidet Druck auf die Schl\u00e4fen und ist verstellbar f\u00fcr eine ideale Passform bei jeder Kopfform. Diese Schlafmaske bleibt die ganze Nacht bequem, ohne zu verrutschen oder zu eng zu werden.<br \/>\n&#8211; Hochwertiges Material f\u00fcr optimalen Komfort &#8211; Das Material der Aosun 2024 Schlafbrille ist atmungsaktiv, hautfreundlich und besonders leicht, ideal f\u00fcr warme N\u00e4chte und empfindliche Haut. Es f\u00f6rdert die Luftzirkulation und hilft, Feuchtigkeit effektiv abzuleiten, sodass Sie immer ein angenehmes Hautgef\u00fchl bewahren.<br \/>\n&#8211; Technologie f\u00fcr gesunden Schlaf &#8211; Die 3D Schlafmasken tr\u00e4gt zur Linderung von Augentrockenheit bei und verbessert nachweislich die Melatoninproduktion. Dies f\u00f6rdert einen tieferen, erholsameren Schlaf und hilft Ihnen, morgens leichter aufzuwachen und sich den ganzen Tag \u00fcber energievoller zu f\u00fchlen.<br \/>\n&#8211; Aosun garantiert Qualit\u00e4t und Service &#8211; Aosun ist ein professioneller Hersteller von hochwertigen Augenmasken. Alle Kunden k\u00f6nnen auf zuverl\u00e4ssige After-Sales-Unterst\u00fctzung z\u00e4hlen, sodass der Kauf ohne Bedenken erfolgen kann. Unsere Schlafbrillen sind elastisch, faltbar, waschbar und behalten auch nach der Reinigung ihre Form. Wir bieten einen 7\/24-Stunden-Kundenservice. Sollten Sie mit unserem Produkt ein Problem haben, k\u00f6nnen Sie uns jederzeit \u00fcber Ihr Verk\u00e4uferkonto kontaktieren.<\/p>\n","protected":false},"excerpt":{"rendered":"<p>Werbung<br \/>\nAosun Schlafmaske f\u00fcr Frauen und Herren, 2024 Upgrade Speziell f\u00fcr Seitenschl\u00e4fer Optimiertes und Verbessertes Gummiband, 3D Schlafbrille, 100% lichtblockierende Augenmaske mit Ohrst\u00f6pseln f\u00fcr Reisen<\/p>\n","protected":false},"featured_media":804,"comment_status":"open","ping_status":"closed","template":"","meta":[],"product_cat":[15],"product_tag":[],"class_list":{"0":"post-805","1":"product","2":"type-product","3":"status-publish","4":"has-post-thumbnail","6":"product_cat-sin-categorizar","7":"nodate","8":"item-wrap","10":"first","11":"instock","12":"shipping-taxable","13":"product-type-external"},"_links":{"self":[{"href":"https:\/\/lofimusic.com.es\/index.php\/wp-json\/wp\/v2\/product\/805","targetHints":{"allow":["GET"]}}],"collection":[{"href":"https:\/\/lofimusic.com.es\/index.php\/wp-json\/wp\/v2\/product"}],"about":[{"href":"https:\/\/lofimusic.com.es\/index.php\/wp-json\/wp\/v2\/types\/product"}],"replies":[{"embeddable":true,"href":"https:\/\/lofimusic.com.es\/index.php\/wp-json\/wp\/v2\/comments?post=805"}],"wp:featuredmedia":[{"embeddable":true,"href":"https:\/\/lofimusic.com.es\/index.php\/wp-json\/wp\/v2\/media\/804"}],"wp:attachment":[{"href":"https:\/\/lofimusic.com.es\/index.php\/wp-json\/wp\/v2\/media?parent=805"}],"wp:term":[{"taxonomy":"product_cat","embeddable":true,"href":"https:\/\/lofimusic.com.es\/index.php\/wp-json\/wp\/v2\/product_cat?post=805"},{"taxonomy":"product_tag","embeddable":true,"href":"https:\/\/lofimusic.com.es\/index.php\/wp-json\/wp\/v2\/product_tag?post=805"}],"curies":[{"name":"wp","href":"https:\/\/api.w.org\/{rel}","templated":true}]}}