{"id":803,"date":"2024-09-14T00:29:04","date_gmt":"2024-09-14T00:29:04","guid":{"rendered":"https:\/\/lofimusic.com.es\/index.php\/producto\/b0d4tnfrc9_fr\/"},"modified":"2024-09-14T00:29:04","modified_gmt":"2024-09-14T00:29:04","slug":"b0d4tnfrc9_fr","status":"publish","type":"product","link":"https:\/\/lofimusic.com.es\/index.php\/producto\/b0d4tnfrc9_fr\/","title":{"rendered":"B0D4TNFRC9_FR"},"content":{"rendered":"<p>&#8211; \ud83e\uddb6\u3010Appareil Massage Des pieds \u3011 Avec la technologie EMS, votre appareil de massage des pieds va facilement lib\u00e9rer vos pieds fatigu\u00e9s et vos muscles du mollet et am\u00e9liorer la circulation sanguine. Le circuit imprim\u00e9 aux ions d&#8217;argent vous offre une exp\u00e9rience confortable et saine. Diff\u00e9rent des appareils de massage des pieds classiques, ce masseur des pieds EMS est tr\u00e8s doux et convient \u00e0 tous les types de peau.<br \/>\n&#8211; \ud83e\uddb6\u3010Conception pliable et chargement USB\u3011 contrairement au masseur de pieds lourd traditionnel, nos masseurs de pieds ne sont qu&#8217;un coussin de pied doux et confortable. Il est l\u00e9ger, pliable et facile \u00e0 transporter n&#8217;importe o\u00f9. Avec une batterie USB, vous pouvez vous d\u00e9tendre n&#8217;importe o\u00f9.<br \/>\n&#8211; \ud83e\uddb6\u3010Fonctionnement silencieux et facile \u00e0 nettoyer\u3011 il est fait d&#8217;un mat\u00e9riau de tapis de yoga doux, surface en cuir, peut \u00eatre s\u00e9ch\u00e9 avec une serviette humide apr\u00e8s utilisation. Calme et silencieux. Peut \u00eatre utilis\u00e9 en regardant la t\u00e9l\u00e9vision, en lisant, en travaillant au bureau ou en se relaxant. Convient \u00e0 tous les types de pieds et diff\u00e9rentes tailles de pieds.<br \/>\n&#8211; \ud83e\uddb6\u3010Multifunctional design\u3011 19 niveaux d&#8217;intensit\u00e9 r\u00e9glables et 8 modes de vibration stimulent directement les points d&#8217;acupuncture pour soulager rapidement la douleur, r\u00e9duire la fatigue physique et mentale et am\u00e9liorer le sommeil. La dur\u00e9e de traitement est de 15 minutes et l&#8217;appareil s&#8217;\u00e9teint automatiquement lorsque le temps est \u00e9coul\u00e9.<br \/>\n&#8211; \ud83e\uddb6\u3010Am\u00e9liorez la circulation \u3011 Am\u00e9liorez la circulation sanguine dans les pieds et les jambes et r\u00e9duisez la faiblesse musculaire des jambes.Masseur plantaire massage des pieds Peut aider la neuropathie du pied, les crampes, la fasciite plantaire, etc<\/p>\n","protected":false},"excerpt":{"rendered":"<p>publicit\u00e9<br \/>\nEMS masseur de pieds,Masseur \u00e9lectrique pour les pieds, Appareil de Massage Pied,Massage Machine \u00e9lectrique et Portable,Foot Massager Electric,Massage des Pieds EMS,8 Modes et 19 Intensit\u00e9s<\/p>\n","protected":false},"featured_media":802,"comment_status":"open","ping_status":"closed","template":"","meta":[],"product_cat":[15],"product_tag":[],"class_list":{"0":"post-803","1":"product","2":"type-product","3":"status-publish","4":"has-post-thumbnail","6":"product_cat-sin-categorizar","7":"nodate","8":"item-wrap","10":"first","11":"instock","12":"shipping-taxable","13":"product-type-external"},"_links":{"self":[{"href":"https:\/\/lofimusic.com.es\/index.php\/wp-json\/wp\/v2\/product\/803","targetHints":{"allow":["GET"]}}],"collection":[{"href":"https:\/\/lofimusic.com.es\/index.php\/wp-json\/wp\/v2\/product"}],"about":[{"href":"https:\/\/lofimusic.com.es\/index.php\/wp-json\/wp\/v2\/types\/product"}],"replies":[{"embeddable":true,"href":"https:\/\/lofimusic.com.es\/index.php\/wp-json\/wp\/v2\/comments?post=803"}],"wp:featuredmedia":[{"embeddable":true,"href":"https:\/\/lofimusic.com.es\/index.php\/wp-json\/wp\/v2\/media\/802"}],"wp:attachment":[{"href":"https:\/\/lofimusic.com.es\/index.php\/wp-json\/wp\/v2\/media?parent=803"}],"wp:term":[{"taxonomy":"product_cat","embeddable":true,"href":"https:\/\/lofimusic.com.es\/index.php\/wp-json\/wp\/v2\/product_cat?post=803"},{"taxonomy":"product_tag","embeddable":true,"href":"https:\/\/lofimusic.com.es\/index.php\/wp-json\/wp\/v2\/product_tag?post=803"}],"curies":[{"name":"wp","href":"https:\/\/api.w.org\/{rel}","templated":true}]}}