{"id":799,"date":"2024-09-14T00:25:04","date_gmt":"2024-09-14T00:25:04","guid":{"rendered":"https:\/\/lofimusic.com.es\/index.php\/producto\/b0d737pfln_fr\/"},"modified":"2024-09-14T00:25:04","modified_gmt":"2024-09-14T00:25:04","slug":"b0d737pfln_fr","status":"publish","type":"product","link":"https:\/\/lofimusic.com.es\/index.php\/producto\/b0d737pfln_fr\/","title":{"rendered":"B0D737PFLN_FR"},"content":{"rendered":"<p>&#8211; \u2705 [s\u00e9curit\u00e9 et environnement] nettoyez votre maison des insectes sans substances collantes, Sales ou a\u00e9rosols. Ce cordonnier physique d&#8217;ext\u00e9rieur naturel et le cordonnier d&#8217;insectes d&#8217;int\u00e9rieur sont totalement s\u00fbrs pour les humains et les animaux domestiques.<br \/>\n&#8211; \u2705 [Fonctionnement silencieux] ne vous inqui\u00e9tez pas du bruit! Il suffit de le brancher sur une prise de courant et d&#8217;appuyer sur un bouton, et l&#8217;extincteur de moustiques commencera \u00e0 fonctionner silencieusement. Nous vous recommandons d&#8217;installer au moins un r\u00e9pulsif \u00e0 moustiques dans votre chambre \u00e0 coucher.<br \/>\n&#8211; \ud83c\udf40\u3010Facile \u00e0 nettoyer : pour nettoyer les moustiques morts\u3011 Assurez-vous que l&#8217;appareil est d\u00e9branch\u00e9 d&#8217;une prise de courant, puis ouvrez le couvercle de protection contre les moustiques. Utilisez un tournevis pour toucher la plaque m\u00e9tallique afin de lib\u00e9rer l&#8217;\u00e9lectricit\u00e9 statique. Utilisez le mouchoir ou la petite brosse pour retirer les insectes morts du destructeur d&#8217;insectes d&#8217;int\u00e9rieur.<br \/>\n&#8211; \u2705\u30104 packs Design unique et utilisation polyvalente\u3011Parfait pour la cuisine, le salon, la chambre, la salle de bain, l&#8217;entrep\u00f4t et le sous-sol, en m\u00eame temps tueur d&#8217;insectes d&#8217;int\u00e9rieur. Afin de mieux obtenir l&#8217;effet de contr\u00f4le des moustiques, veuillez \u00e9teindre la lumi\u00e8re et allumer le tueur de moustiques \u00e0 l&#8217;avance. Facile \u00e0 remplacer. Ce tueur de mouches d&#8217;int\u00e9rieur ne prend pas beaucoup de place dans votre chambre. Prot\u00e8ge et pr\u00e9vient les mouches et insectes g\u00eanants et porteurs de maladies !<br \/>\n&#8211; \ud83d\udc68\u200d\ud83d\udc69\u200d\ud83d\udc67 \u3010Silencieux et non toxique, sans danger pour la famille\u3011 La lampe anti-moustiques avec des m\u00e9thodes physiques et un fonctionnement silencieux. Il peut vous faire bien dormir, sans odeur, sans produits chimiques, sans app\u00e2t et sans rayonnement, tue physiquement 100% des moustiques, acariens et insectes.<\/p>\n","protected":false},"excerpt":{"rendered":"<p>publicit\u00e9<br \/>\nHONGXIAN Moustique Tueur Lampe | Lampe Anti-Moustique &#8211; Lampe UV | Tueur d&#8217;Insectes Electrique | Destructeur de Mouches | Anti-Moustique Int\u00e9rieur | Pi\u00e8ge \u00e0 Mouches Efficace(4 Paquets)<\/p>\n","protected":false},"featured_media":798,"comment_status":"open","ping_status":"closed","template":"","meta":[],"product_cat":[15],"product_tag":[],"class_list":{"0":"post-799","1":"product","2":"type-product","3":"status-publish","4":"has-post-thumbnail","6":"product_cat-sin-categorizar","7":"nodate","8":"item-wrap","10":"first","11":"instock","12":"shipping-taxable","13":"product-type-external"},"_links":{"self":[{"href":"https:\/\/lofimusic.com.es\/index.php\/wp-json\/wp\/v2\/product\/799","targetHints":{"allow":["GET"]}}],"collection":[{"href":"https:\/\/lofimusic.com.es\/index.php\/wp-json\/wp\/v2\/product"}],"about":[{"href":"https:\/\/lofimusic.com.es\/index.php\/wp-json\/wp\/v2\/types\/product"}],"replies":[{"embeddable":true,"href":"https:\/\/lofimusic.com.es\/index.php\/wp-json\/wp\/v2\/comments?post=799"}],"wp:featuredmedia":[{"embeddable":true,"href":"https:\/\/lofimusic.com.es\/index.php\/wp-json\/wp\/v2\/media\/798"}],"wp:attachment":[{"href":"https:\/\/lofimusic.com.es\/index.php\/wp-json\/wp\/v2\/media?parent=799"}],"wp:term":[{"taxonomy":"product_cat","embeddable":true,"href":"https:\/\/lofimusic.com.es\/index.php\/wp-json\/wp\/v2\/product_cat?post=799"},{"taxonomy":"product_tag","embeddable":true,"href":"https:\/\/lofimusic.com.es\/index.php\/wp-json\/wp\/v2\/product_tag?post=799"}],"curies":[{"name":"wp","href":"https:\/\/api.w.org\/{rel}","templated":true}]}}