{"id":797,"date":"2024-09-14T00:24:04","date_gmt":"2024-09-14T00:24:04","guid":{"rendered":"https:\/\/lofimusic.com.es\/index.php\/producto\/b0d91tdwgq_de\/"},"modified":"2024-09-14T00:24:04","modified_gmt":"2024-09-14T00:24:04","slug":"b0d91tdwgq_de","status":"publish","type":"product","link":"https:\/\/lofimusic.com.es\/index.php\/producto\/b0d91tdwgq_de\/","title":{"rendered":"B0D91TDWGQ_DE"},"content":{"rendered":"<p>&#8211; Neueste Ultraschall-Chip-Technologie: Verwenden Sie den neuesten Ultraschall-Chip, um das H\u00f6r- und Nervensystem von M\u00e4usen, Insekten, M\u00fccken, Kakerlaken, M\u00e4usen, Ameisen, Spinnen, Grillen, F\u00fcchsen, Fl\u00f6he, Fliegen, Insekten zu befestigen und sie von Ihrem Haus fernzuhalten, so dass sie es nicht gewagt haben, sich Ihrem Haus zu n\u00e4hern.<br \/>\n&#8211; \u3010Gro\u00dfer Abdeckungsbereich\u3011: Dieses Ultraschall-Mikrochip-Insektenschutzsystem ist f\u00fcr eine Fl\u00e4che von 1200 Quadratmetern geeignet. Da Ultraschall keine W\u00e4nde und feste Gegenst\u00e4nde durchdringen kann, wird empfohlen, einen in einen Raum zu stellen. In Bereichen, in denen schwere Sch\u00e4dlinge schwerwiegend sind, sind zus\u00e4tzliche Einheiten erforderlich.Geeignet f\u00fcr Wohnzimmer, Schlafzimmer, K\u00fcche, Gesch\u00e4ft, Haus, Lager, Garage, Wohnung, Schuppen, Mieter usw.<br \/>\n&#8211; \u3010Gut und billig\u3011: Umwerfer sind zu teuer, Mausefallen oder Klebeger\u00e4te sind Gift zu grausam und gef\u00e4hrlich f\u00fcr unsere Kinder und Haustiere. Dieses elektronische Insektenschutzmittel ist sowohl f\u00fcr Menschen als auch f\u00fcr unsere entz\u00fcckenden Haustiere wie Hunde und Katzen freundlich. Verwenden Sie Ultraschall, um Sch\u00e4dlinge und M\u00e4use abzuwehren, anstatt sie zu t\u00f6ten.<br \/>\n&#8211; Einfach zu bedienen: Unser elektrischer Repeller ist sehr einfach zu bedienen. Dieses M\u00fcckenschutzmittel muss in einem Abstand von 30 bis 150 cm vom Boden installiert werden und es gibt keine anderen Hindernisse. Schlie\u00dfen Sie es einfach an den elektrischen Damm an und es beginnt sofort seine Aktion, sch\u00fctzt Sie effizient und sicher! Nach all unserer Erfahrung ist Ultrasound Repeller die L\u00f6sung f\u00fcr Sie!<br \/>\n&#8211; Ausgezeichneter Service: Wir arbeiten unerm\u00fcdlich daran, unser Ultraschall-Insektenschutzmittel zu verbessern, um sicherzustellen, dass wir Produkte von besserer Qualit\u00e4t, langlebig und komfortabel anbieten. Komm und probiere es aus!<\/p>\n","protected":false},"excerpt":{"rendered":"<p>Werbung<br \/>\nUltraschall f\u00fcr M\u00e4use, elektrischer Ultraschall Abwehr, Anti-M\u00fccken, Innenbereich, Anti-Toppen, Insekten, M\u00fccken, Kakerlaken, Ratten, Formen, Spinnen, 4 St\u00fcck<\/p>\n","protected":false},"featured_media":796,"comment_status":"open","ping_status":"closed","template":"","meta":[],"product_cat":[15],"product_tag":[],"class_list":{"0":"post-797","1":"product","2":"type-product","3":"status-publish","4":"has-post-thumbnail","6":"product_cat-sin-categorizar","7":"nodate","8":"item-wrap","10":"first","11":"instock","12":"shipping-taxable","13":"product-type-external"},"_links":{"self":[{"href":"https:\/\/lofimusic.com.es\/index.php\/wp-json\/wp\/v2\/product\/797","targetHints":{"allow":["GET"]}}],"collection":[{"href":"https:\/\/lofimusic.com.es\/index.php\/wp-json\/wp\/v2\/product"}],"about":[{"href":"https:\/\/lofimusic.com.es\/index.php\/wp-json\/wp\/v2\/types\/product"}],"replies":[{"embeddable":true,"href":"https:\/\/lofimusic.com.es\/index.php\/wp-json\/wp\/v2\/comments?post=797"}],"wp:featuredmedia":[{"embeddable":true,"href":"https:\/\/lofimusic.com.es\/index.php\/wp-json\/wp\/v2\/media\/796"}],"wp:attachment":[{"href":"https:\/\/lofimusic.com.es\/index.php\/wp-json\/wp\/v2\/media?parent=797"}],"wp:term":[{"taxonomy":"product_cat","embeddable":true,"href":"https:\/\/lofimusic.com.es\/index.php\/wp-json\/wp\/v2\/product_cat?post=797"},{"taxonomy":"product_tag","embeddable":true,"href":"https:\/\/lofimusic.com.es\/index.php\/wp-json\/wp\/v2\/product_tag?post=797"}],"curies":[{"name":"wp","href":"https:\/\/api.w.org\/{rel}","templated":true}]}}