{"id":793,"date":"2024-09-14T00:21:03","date_gmt":"2024-09-14T00:21:03","guid":{"rendered":"https:\/\/lofimusic.com.es\/index.php\/producto\/b0d7ll6d8m_fr\/"},"modified":"2024-09-14T00:21:03","modified_gmt":"2024-09-14T00:21:03","slug":"b0d7ll6d8m_fr","status":"publish","type":"product","link":"https:\/\/lofimusic.com.es\/index.php\/producto\/b0d7ll6d8m_fr\/","title":{"rendered":"B0D7LL6D8M_FR"},"content":{"rendered":"<p>&#8211; \ud83d\udd15\ud83d\udc15\u3010Ultrasonic Technology\u3011Le chien cessera d&#8217;aboyer lorsqu&#8217;il sera stimul\u00e9 par le son. Le chien arr\u00eatera d&#8217;aboyer parce que le son ultrasonique le mettra mal \u00e0 l&#8217;aise. L&#8217;appareil de dressage de chiens est efficace pour les chiens de 6 mois \u00e0 8 ans de tailles diff\u00e9rentes (5-80 livres). Il est pr\u00e9f\u00e9rable de former votre chien pendant 2 semaines.<br \/>\n&#8211; \ud83d\udd15\ud83d\udc15\u3010Harmless\u3011 : Notre dispositif anti-aboiement de chien utilise une technologie de son ultrasonique aigu\u00eb, qui ne causera aucun dommage aux humains ou aux chiens. Mais il peut attirer l&#8217;attention des chiens facilement et faire en sorte que les chiens n&#8217;aboient plus continuellement et excessivement.<br \/>\n&#8211; \ud83d\udd15\ud83d\udc15\u3010Rechargeable &amp; Endurance\u3011 : Notre dispositif anti-aboiement est \u00e9quip\u00e9 d&#8217;une batterie puissante int\u00e9gr\u00e9e qui prend en charge la charge via un c\u00e2ble USB. Une charge compl\u00e8te de 5 heures peut fonctionner en continu pendant 30 jours. Remarque : le courant de sortie n&#8217;est pas sup\u00e9rieur \u00e0 2A.<br \/>\n&#8211; \ud83d\udd15\ud83d\udc15\u30103 Niveaux de fr\u00e9quences\u3011 : Lorsque l&#8217;interrupteur est bascul\u00e9 sur Ultrasonic ll, le transducteur \u00e9met des ondes sonores \u00e0 25KHZ. Lorsque l&#8217;interrupteur est plac\u00e9 sur Ultrason l, le transducteur \u00e9met des ondes sonores de 15KHZ-25KHZ. Lorsque le commutateur est positionn\u00e9 sur Audio, le capteur et le haut-parleur \u00e0 ultrasons \u00e9mettent alternativement des ondes sonores de 3KHZ-25KHZ.<br \/>\n&#8211; \ud83d\udd15\ud83d\udc15\u3010IPX45 Waterproof \u3011 : Le port de charge de l&#8217;appareil de contr\u00f4le d&#8217;aboiement est \u00e9quip\u00e9 d&#8217;une couverture, vous pouvez \u00e9galement contr\u00f4ler le chien bien \u00e0 l&#8217;int\u00e9rieur \u00e0 l&#8217;ext\u00e9rieur sur les jours de pluie. Vous pouvez l&#8217;accrocher \u00e0 un arbre ou le mettre n&#8217;importe o\u00f9 dans la maison ou dans votre cour.<\/p>\n","protected":false},"excerpt":{"rendered":"<p>publicit\u00e9<br \/>\nHONGXIAN Anti Aboiement Chien, aboiement Automatique \u00e0 3 fr\u00e9quences r\u00e9glables, Audio et Ultrasons Dispositif Anti-aboiement, Rechargeable et Etanche pour Int\u00e9rieur Ext\u00e9rieur<\/p>\n","protected":false},"featured_media":792,"comment_status":"open","ping_status":"closed","template":"","meta":[],"product_cat":[15],"product_tag":[],"class_list":{"0":"post-793","1":"product","2":"type-product","3":"status-publish","4":"has-post-thumbnail","6":"product_cat-sin-categorizar","7":"nodate","8":"item-wrap","10":"first","11":"instock","12":"shipping-taxable","13":"product-type-external"},"_links":{"self":[{"href":"https:\/\/lofimusic.com.es\/index.php\/wp-json\/wp\/v2\/product\/793","targetHints":{"allow":["GET"]}}],"collection":[{"href":"https:\/\/lofimusic.com.es\/index.php\/wp-json\/wp\/v2\/product"}],"about":[{"href":"https:\/\/lofimusic.com.es\/index.php\/wp-json\/wp\/v2\/types\/product"}],"replies":[{"embeddable":true,"href":"https:\/\/lofimusic.com.es\/index.php\/wp-json\/wp\/v2\/comments?post=793"}],"wp:featuredmedia":[{"embeddable":true,"href":"https:\/\/lofimusic.com.es\/index.php\/wp-json\/wp\/v2\/media\/792"}],"wp:attachment":[{"href":"https:\/\/lofimusic.com.es\/index.php\/wp-json\/wp\/v2\/media?parent=793"}],"wp:term":[{"taxonomy":"product_cat","embeddable":true,"href":"https:\/\/lofimusic.com.es\/index.php\/wp-json\/wp\/v2\/product_cat?post=793"},{"taxonomy":"product_tag","embeddable":true,"href":"https:\/\/lofimusic.com.es\/index.php\/wp-json\/wp\/v2\/product_tag?post=793"}],"curies":[{"name":"wp","href":"https:\/\/api.w.org\/{rel}","templated":true}]}}