{"id":777,"date":"2024-09-14T00:09:04","date_gmt":"2024-09-14T00:09:04","guid":{"rendered":"https:\/\/lofimusic.com.es\/index.php\/producto\/b0d5d5khyq_de\/"},"modified":"2024-09-14T00:09:04","modified_gmt":"2024-09-14T00:09:04","slug":"b0d5d5khyq_de","status":"publish","type":"product","link":"https:\/\/lofimusic.com.es\/index.php\/producto\/b0d5d5khyq_de\/","title":{"rendered":"B0D5D5KHYQ_DE"},"content":{"rendered":"<p>&#8211; \u2705 \u3010 Hochwertiger Service \u3011 Das neueste Produkt sch\u00fctzt Ihren Wohnraum vor sch\u00e4dlichen Insekten und Insekten. Wir bieten 24-Stunden-Online-Service und eine sechsmonatige Haltbarkeit. Wenn Sie Fragen haben, kontaktieren Sie uns bitte.<br \/>\n&#8211; \u2705 \u3010 Sicherheit und Umweltschutz\u3011 Reinigen Sie Ihr Zuhause von Insekten, frei von klebrigen, schmutzigen oder Aerosolsubstanzen. Dieser nat\u00fcrliche Outdoor Physical Schuhmacher und Indoor Insect Schuhmacher sind v\u00f6llig sicher f\u00fcr Mensch und Haustiere.<br \/>\n&#8211; \u2705 \u3010 Einfach zu bedienen \u3011 Verbinden Sie einfach das Fly Swatter Licht mit dem Stecker und helfen Sie sofort, Fliegen zu entfernen. Dieser elektronische Fliegenschneider ist auch einfach zu ersetzen und sieht in seiner Position elegant und minimalistisch aus.<br \/>\n&#8211; \u2705 \u3010 Einfache Reinigung \u3011 Stecken Sie das elektrische Insektenschutzmittel heraus, ber\u00fchren Sie die Metallplatte zehn Sekunden lang mit einem Schraubendreher, entfernen Sie dann die Abdeckung und reinigen Sie die toten Insekten mit einem Taschentuch oder einer kleinen B\u00fcrste.<br \/>\n&#8211; \u2705 Leiser Betrieb: Keine Sorge um L\u00e4rm! Schlie\u00dfen Sie es einfach an die Steckdose an und dr\u00fccken Sie den Knopf, und der M\u00fcckenm\u00f6rder beginnt ger\u00e4uschlos zu arbeiten. Wir empfehlen, mindestens einen M\u00fcckenm\u00f6rder in Ihrem Schlafzimmer zu installieren.<\/p>\n","protected":false},"excerpt":{"rendered":"<p>Werbung<br \/>\nElektrischer Insektenvernichter, UV-Insektenfalle, M\u00fcckenlampe, Fliegenfalle, Keine giftige M\u00fcckenvernichterlampe, f\u00fcr Fliegen, M\u00fccken, Motten, K\u00fcche, f\u00fcr Schlafzimmer, Indoor (4 Pack)<\/p>\n","protected":false},"featured_media":776,"comment_status":"open","ping_status":"closed","template":"","meta":[],"product_cat":[15],"product_tag":[],"class_list":{"0":"post-777","1":"product","2":"type-product","3":"status-publish","4":"has-post-thumbnail","6":"product_cat-sin-categorizar","7":"nodate","8":"item-wrap","10":"first","11":"instock","12":"shipping-taxable","13":"product-type-external"},"_links":{"self":[{"href":"https:\/\/lofimusic.com.es\/index.php\/wp-json\/wp\/v2\/product\/777","targetHints":{"allow":["GET"]}}],"collection":[{"href":"https:\/\/lofimusic.com.es\/index.php\/wp-json\/wp\/v2\/product"}],"about":[{"href":"https:\/\/lofimusic.com.es\/index.php\/wp-json\/wp\/v2\/types\/product"}],"replies":[{"embeddable":true,"href":"https:\/\/lofimusic.com.es\/index.php\/wp-json\/wp\/v2\/comments?post=777"}],"wp:featuredmedia":[{"embeddable":true,"href":"https:\/\/lofimusic.com.es\/index.php\/wp-json\/wp\/v2\/media\/776"}],"wp:attachment":[{"href":"https:\/\/lofimusic.com.es\/index.php\/wp-json\/wp\/v2\/media?parent=777"}],"wp:term":[{"taxonomy":"product_cat","embeddable":true,"href":"https:\/\/lofimusic.com.es\/index.php\/wp-json\/wp\/v2\/product_cat?post=777"},{"taxonomy":"product_tag","embeddable":true,"href":"https:\/\/lofimusic.com.es\/index.php\/wp-json\/wp\/v2\/product_tag?post=777"}],"curies":[{"name":"wp","href":"https:\/\/api.w.org\/{rel}","templated":true}]}}