{"id":761,"date":"2024-09-13T23:59:03","date_gmt":"2024-09-13T23:59:03","guid":{"rendered":"https:\/\/lofimusic.com.es\/index.php\/producto\/b0d53hybqq_de\/"},"modified":"2024-09-13T23:59:03","modified_gmt":"2024-09-13T23:59:03","slug":"b0d53hybqq_de","status":"publish","type":"product","link":"https:\/\/lofimusic.com.es\/index.php\/producto\/b0d53hybqq_de\/","title":{"rendered":"B0D53HYBQQ_DE"},"content":{"rendered":"<p>&#8211; \u2600\u301010W Hochleistungs Sonnenkollektoren\u3011: Der Solarbrunnen verwendet 10W Hochleistungs Sonnenkollektoren, er kann die Umwandlung von Sonnenlicht in st\u00e4rkere Energie f\u00f6rdern.PET-laminierte Solarpaneele mit heben sich durch hohe Qualit\u00e4t und ausgezeichnete Haltbarkeit vom Markt ab, PET-Paneele besser an raue Umgebungen anpassen k\u00f6nnen, Es ist nicht leicht zu brechen, dass er bei l\u00e4ngerer Verwendung in rauen Umgebungen nicht oxidiert und wei\u00df wird.<br \/>\n&#8211; \u2600\u3010DIY Gestaltung Einfache Installation und Bedienung\u3011: Eigenst\u00e4ndiger Solarbrunnen mit Feste Pf\u00e4hle und 2M Wasserleitung. Bewegen Sie sich frei an verschiedene Orte, ohne komplizierte Installation und Wartung, Sie k\u00f6nnen damit ein sch\u00f6nes Wasserspiel f\u00fcr Ihren Garten gestalten DIY. Das Kabel zwischen Solarpanel und Pumpe ist lang genug mit einem 5M langen Kabel, um einen relativ gro\u00dfen Bereich abzudecken, ohne sich Sorgen machen zu m\u00fcssen, dass die Pumpe im Schatten nicht funktioniert.<br \/>\n&#8211; \u2600\u3010Verbesserter bunter LED Solarbrunnen\u3011: Die Solarbrunnenpumpe wird mit einer Batterie geliefert, die tags\u00fcber unter direkter Sonneneinstrahlung Strom speichern kann. Der gespeicherte Strom kann den Solar-Vogeltr\u00e4nkebrunnen dazu bringen, automatisch Wasser zu spr\u00fchen und nachts bis zu 4-6 Stunden lang zu leuchten. Buntes LED-Leuchten mit hoher Helligkeit lassen Ihren Garten nachts sch\u00f6ner aussehen.<br \/>\n&#8211; \u2600\u301021 verschiedene Wasserstile\u3011: Der Solar-Vogelbadbrunnen verf\u00fcgt \u00fcber 21 D\u00fcsen und kann Ihre unterschiedlichen Anforderungen an Wasserspr\u00fchh\u00f6hen und -formen erf\u00fcllen. Der solarbetriebene Springbrunnen kann bei direkter Sonneneinstrahlung in 3 Sekunden automatisch laufen. Am wichtigsten ist, dass dies viele Kolibris in Ihren Garten locken wird, um Wasser zu trinken und zu spielen!<br \/>\n&#8211; \u2600\u3010Hilfreiche Tipps\u3011: Das Produkt verf\u00fcgt \u00fcber einen automatischen Abschaltschutz und stoppt automatisch, wenn es das Wasser verl\u00e4sst. L\u00e4ngere Lebensdauer. Sie sollten die Pumpe regelm\u00e4\u00dfig reinigen, um zu verhindern, dass die Pumpe durch Staub verstopft wird.<\/p>\n","protected":false},"excerpt":{"rendered":"<p>Werbung<br \/>\nAISITIN 10W Buntes LED Solar Springbrunnen f\u00fcr au\u00dfen Solarbrunnen mit 2m Wasserleitung und Feste Pf\u00e4hle,Solar Teichpumpe mit 21 Effekte Solar Wasserpumpe f\u00fcr Garten Fischteich Wasserspiel Vogelbad<\/p>\n","protected":false},"featured_media":760,"comment_status":"open","ping_status":"closed","template":"","meta":[],"product_cat":[15],"product_tag":[],"class_list":{"0":"post-761","1":"product","2":"type-product","3":"status-publish","4":"has-post-thumbnail","6":"product_cat-sin-categorizar","7":"nodate","8":"item-wrap","10":"first","11":"instock","12":"shipping-taxable","13":"product-type-external"},"_links":{"self":[{"href":"https:\/\/lofimusic.com.es\/index.php\/wp-json\/wp\/v2\/product\/761","targetHints":{"allow":["GET"]}}],"collection":[{"href":"https:\/\/lofimusic.com.es\/index.php\/wp-json\/wp\/v2\/product"}],"about":[{"href":"https:\/\/lofimusic.com.es\/index.php\/wp-json\/wp\/v2\/types\/product"}],"replies":[{"embeddable":true,"href":"https:\/\/lofimusic.com.es\/index.php\/wp-json\/wp\/v2\/comments?post=761"}],"wp:featuredmedia":[{"embeddable":true,"href":"https:\/\/lofimusic.com.es\/index.php\/wp-json\/wp\/v2\/media\/760"}],"wp:attachment":[{"href":"https:\/\/lofimusic.com.es\/index.php\/wp-json\/wp\/v2\/media?parent=761"}],"wp:term":[{"taxonomy":"product_cat","embeddable":true,"href":"https:\/\/lofimusic.com.es\/index.php\/wp-json\/wp\/v2\/product_cat?post=761"},{"taxonomy":"product_tag","embeddable":true,"href":"https:\/\/lofimusic.com.es\/index.php\/wp-json\/wp\/v2\/product_tag?post=761"}],"curies":[{"name":"wp","href":"https:\/\/api.w.org\/{rel}","templated":true}]}}