{"id":759,"date":"2024-09-13T23:57:04","date_gmt":"2024-09-13T23:57:04","guid":{"rendered":"https:\/\/lofimusic.com.es\/index.php\/producto\/b0cs6hs97q_fr\/"},"modified":"2024-09-13T23:57:04","modified_gmt":"2024-09-13T23:57:04","slug":"b0cs6hs97q_fr","status":"publish","type":"product","link":"https:\/\/lofimusic.com.es\/index.php\/producto\/b0cs6hs97q_fr\/","title":{"rendered":"B0CS6HS97Q_FR"},"content":{"rendered":"<p>&#8211; \ud83c\udf40 S\u00e9curit\u00e9 maximale : les filtres en coton et les cartouches rempla\u00e7ables assurent une longue dur\u00e9e de vie du masque. Obtenez une solution professionnelle avec le syst\u00e8me de filtration des particules hautement protecteur qui bloque pr\u00e8s de 100 % des gaz organiques, du pollen et d&#8217;autres particules dans l&#8217;air.<br \/>\n&#8211; \ud83c\udf40 Conception r\u00e9fl\u00e9chie : structure en maille, raccord, grande surface de filtration, filtration suffisante. Les filtres sont con\u00e7us pour s&#8217;adapter \u00e0 un centre de gravit\u00e9 \u00e9quilibr\u00e9, offrir un maximum de confort et offrir une grande s\u00e9curit\u00e9 contre les gaz, les poussi\u00e8res et les vapeurs pr\u00e9sents dans l&#8217;air.<br \/>\n&#8211; \ud83c\udf40 Applications vari\u00e9es : protection contre les particules et les gaz organiques ou les vapeurs tels que (nitro) benz\u00e8ne, aniline, t\u00e9trachlorom\u00e9thane, etc. Industrie recommand\u00e9e : automobile, construction, menuiserie, produits chimiques, exp\u00e9rimentation, agriculture.<br \/>\n&#8211; \ud83c\udf40 Paquet de rechange : ce kit comprend 2 cartouches filtrantes, 2 protections de cartouche et 50 filtres en coton \u00e0 particules, adapt\u00e9s aux respirateurs 6100\/6200\/7501\/7502\/6502\/6800. Veuillez v\u00e9rifier votre mod\u00e8le de protection respiratoire avant de commander.<br \/>\n&#8211; \ud83c\udf40 Remarque et service : chaque fois, 2 filtres 5n11 doivent \u00eatre install\u00e9s sur les cartouches filtrantes 6001. Si vous avez des probl\u00e8mes lors de l&#8217;utilisation, n&#8217;h\u00e9sitez pas \u00e0 nous contacter. Nous vous r\u00e9pondrons dans les plus brefs d\u00e9lais.<\/p>\n","protected":false},"excerpt":{"rendered":"<p>publicit\u00e9<br \/>\nPyrrhonian 6001 Rechange Filtres de Protection Respiratoire R\u00e9utilisable Kit, 50 Cotons Filtrants, pour Filtration Purifier, Face Protection, Compatible 6100\/6200 \/ 7501\/7502 \/ 6502\/6800<\/p>\n","protected":false},"featured_media":758,"comment_status":"open","ping_status":"closed","template":"","meta":[],"product_cat":[15],"product_tag":[],"class_list":{"0":"post-759","1":"product","2":"type-product","3":"status-publish","4":"has-post-thumbnail","6":"product_cat-sin-categorizar","7":"nodate","8":"item-wrap","10":"first","11":"instock","12":"shipping-taxable","13":"product-type-external"},"_links":{"self":[{"href":"https:\/\/lofimusic.com.es\/index.php\/wp-json\/wp\/v2\/product\/759","targetHints":{"allow":["GET"]}}],"collection":[{"href":"https:\/\/lofimusic.com.es\/index.php\/wp-json\/wp\/v2\/product"}],"about":[{"href":"https:\/\/lofimusic.com.es\/index.php\/wp-json\/wp\/v2\/types\/product"}],"replies":[{"embeddable":true,"href":"https:\/\/lofimusic.com.es\/index.php\/wp-json\/wp\/v2\/comments?post=759"}],"wp:featuredmedia":[{"embeddable":true,"href":"https:\/\/lofimusic.com.es\/index.php\/wp-json\/wp\/v2\/media\/758"}],"wp:attachment":[{"href":"https:\/\/lofimusic.com.es\/index.php\/wp-json\/wp\/v2\/media?parent=759"}],"wp:term":[{"taxonomy":"product_cat","embeddable":true,"href":"https:\/\/lofimusic.com.es\/index.php\/wp-json\/wp\/v2\/product_cat?post=759"},{"taxonomy":"product_tag","embeddable":true,"href":"https:\/\/lofimusic.com.es\/index.php\/wp-json\/wp\/v2\/product_tag?post=759"}],"curies":[{"name":"wp","href":"https:\/\/api.w.org\/{rel}","templated":true}]}}