{"id":755,"date":"2024-09-13T23:54:04","date_gmt":"2024-09-13T23:54:04","guid":{"rendered":"https:\/\/lofimusic.com.es\/index.php\/producto\/b0csyyzm4s_de\/"},"modified":"2024-09-13T23:54:04","modified_gmt":"2024-09-13T23:54:04","slug":"b0csyyzm4s_de","status":"publish","type":"product","link":"https:\/\/lofimusic.com.es\/index.php\/producto\/b0csyyzm4s_de\/","title":{"rendered":"B0CSYYZM4S_DE"},"content":{"rendered":"<p>&#8211; \u3010Neueste Upgrade Materialien\u3011Das Solarpanel besteht aus hochwertigem PET-Material,Leistung bis zu 1W,das Sonnenenergie besser in Strom umwandeln kann und sich auch besser an raue Umgebungen anpasst, da es nicht so leicht bricht und eine l\u00e4ngere Lebensdauer gew\u00e4hrleistet. Eine regelm\u00e4\u00dfige Reinigung der Pumpe kann die Lebensdauer des Brunnens effektiv verl\u00e4ngern.<br \/>\n&#8211; \u30104 Sturzb\u00fcgel\u3011Die Solarpumpe f\u00fcr Brunnen ist mit vier festen St\u00e4ben ausgestattet, um den Brunnen in einer Vogeltr\u00e4nke oder einem Wasserbecken zu stabilisieren, so dass der Brunnen auch in rauen Umgebungen stabil bleibt und ein \u00dcberlaufen des Wassers wirksam verhindert wird.<br \/>\n&#8211; \u30106 Verschiedene D\u00fcsentypen\u3011Die Solar Teichpumpe ist mit 6 verschiedenen D\u00fcsen ausgestattet, die Ihre Anforderungen an unterschiedliche Spr\u00fchh\u00f6hen oder Spr\u00fchformen erf\u00fcllen k\u00f6nnen. Sie k\u00f6nnen die D\u00fcsen leicht auswechseln. Das Wichtigste ist, dass der sch\u00f6ne Spr\u00fchnebel viele Kolibris zum Trinken und Spielen in Ihrem Garten anlockt, und Ihr Garten wird sicherlich sehr lebendig sein.<br \/>\n&#8211; \u3010Einfach zu Installieren\u3011Ohne Werkzeug kann jeder die Pumpe leicht installieren, der Solarbrunnen wird vollst\u00e4ndig durch Solarenergie betrieben, keine Batterie ist erforderlich, stellen Sie die Solarpumpe einfach in direktes Sonnenlicht und die Pumpe beginnt automatisch zu arbeiten, je st\u00e4rker das Sonnenlicht, desto besser funktioniert der Brunnen!<br \/>\n&#8211; \u3010Geeignet f\u00fcr Eine Vielzahl von Szenarien\u3011Diese umweltfreundliche Solar Wasserpumpe ist perfekt f\u00fcr Vogelb\u00e4der, kleine Teiche, Schwimmb\u00e4der, Aquarien, Gartendekorationen und zirkulierendes sauerstoffhaltiges Wasser, dekorieren Sie Ihren Garten mit lustigen und coolen Brunnen f\u00fcr ein gl\u00fcckliches und lustiges Gartenleben.<\/p>\n","protected":false},"excerpt":{"rendered":"<p>Werbung<br \/>\nAMZtime Solarbrunnen f\u00fcr Draussen, 2024 Neuestes Upgrade Solar Springbrunnen f\u00fcr Au\u00dfen,Teichpumpe Solar mit 6 Springbrunnenarten,Solar Gartenbrunnen f\u00fcr Wasserspiele, G\u00e4rten, Vogelb\u00e4der, Teiche<\/p>\n","protected":false},"featured_media":754,"comment_status":"open","ping_status":"closed","template":"","meta":[],"product_cat":[15],"product_tag":[],"class_list":{"0":"post-755","1":"product","2":"type-product","3":"status-publish","4":"has-post-thumbnail","6":"product_cat-sin-categorizar","7":"nodate","8":"item-wrap","10":"first","11":"instock","12":"shipping-taxable","13":"product-type-external"},"_links":{"self":[{"href":"https:\/\/lofimusic.com.es\/index.php\/wp-json\/wp\/v2\/product\/755","targetHints":{"allow":["GET"]}}],"collection":[{"href":"https:\/\/lofimusic.com.es\/index.php\/wp-json\/wp\/v2\/product"}],"about":[{"href":"https:\/\/lofimusic.com.es\/index.php\/wp-json\/wp\/v2\/types\/product"}],"replies":[{"embeddable":true,"href":"https:\/\/lofimusic.com.es\/index.php\/wp-json\/wp\/v2\/comments?post=755"}],"wp:featuredmedia":[{"embeddable":true,"href":"https:\/\/lofimusic.com.es\/index.php\/wp-json\/wp\/v2\/media\/754"}],"wp:attachment":[{"href":"https:\/\/lofimusic.com.es\/index.php\/wp-json\/wp\/v2\/media?parent=755"}],"wp:term":[{"taxonomy":"product_cat","embeddable":true,"href":"https:\/\/lofimusic.com.es\/index.php\/wp-json\/wp\/v2\/product_cat?post=755"},{"taxonomy":"product_tag","embeddable":true,"href":"https:\/\/lofimusic.com.es\/index.php\/wp-json\/wp\/v2\/product_tag?post=755"}],"curies":[{"name":"wp","href":"https:\/\/api.w.org\/{rel}","templated":true}]}}