{"id":749,"date":"2024-09-13T23:49:07","date_gmt":"2024-09-13T23:49:07","guid":{"rendered":"https:\/\/lofimusic.com.es\/index.php\/producto\/b0d91vw5xc_de\/"},"modified":"2024-09-13T23:49:07","modified_gmt":"2024-09-13T23:49:07","slug":"b0d91vw5xc_de","status":"publish","type":"product","link":"https:\/\/lofimusic.com.es\/index.php\/producto\/b0d91vw5xc_de\/","title":{"rendered":"B0D91VW5XC_DE"},"content":{"rendered":"<p>&#8211; \u3010Solarbrunnen mit Fernbedienung\u3011Sie k\u00f6nnen den LED-Schalter des Solarbrunnens \/Zeitpunkt des LED solar springbrunnens \/Spr\u00fchh\u00f6he \/Leistungspr\u00fcfung \/Pumpenschalter \/vier Arbeitsmodi und andere Funktionen einfach \u00fcber die Fernbedienung einstellen. Verwenden Sie die Fernbedienungs LED Solarbrunnen, um weitere interessante M\u00f6glichkeiten zum Spielen bei Nacht freizuschalten und eine fr\u00f6hliche Atmosph\u00e4re zu schaffen. Maximale Fernbedienung sentfernung: 15 Meter.<br \/>\n&#8211; \u3010Innovatives Design und f\u00fcr verschiedene Szenen geeignet\u3011 Diese Solar Springbrunnen verf\u00fcgt \u00fcber eine integrierte 3 Anti-Drift-Fixierung, um den Springbrunnen in der Mitte des Vogelbades zu befestigen, muss nicht mehr mit Steinen befestigt werden. Das Wichtigste ist, dass das Wasser aus dem Vogelbad versch\u00fcttet wird. Geeignet f\u00fcr Vogelb\u00e4der, Gartendekorationen, kleine Teiche und Pools, Wasserzirkulation f\u00fcr Sauerstoff, wodurch Ihr Garten gem\u00fctlich und einladend aussieht.<br \/>\n&#8211; \u30108 LED &amp; 3000mAh Batterie\u3011 Die Solarbrunnen mit 3000mAh Batterie, die tags\u00fcber unter direkter Sonneneinstrahlung Strom speichern kann. Der gespeicherte Strom kann den Solar-Vogeltr\u00e4nkebrunnen dazu bringen, automatisch Wasser zu spr\u00fchen und nachts bis zu 5-6 Stunden lang zu leuchten. 8 Buntes LED-Leuchten mit hoher Helligkeit lassen Ihren Garten nachts sch\u00f6ner aussehen.<br \/>\n&#8211; \u30102 Modi\u3011 Unser Springbrunnen hat 2 Modi: Automatischer Modus:Die Batterie des Solarbrunnens hilft dem Solarbrunnen, tags\u00fcber zu arbeiten, wenn die Batterieleistung \u00fcber 70 % liegt. Die Batterieleistung betr\u00e4gt weniger als 70 % und der Springbrunnen verwendet keine Batterieleistung zum Arbeiten. Nachtmodus:Die aus Sonnenenergie umgewandelte Energie wird vorrangig zum Laden der Batterie verwendet, und die verbleibende Energie kann verwendet werden, um die Wasserpumpe zum Laufen zu bringen.<br \/>\n&#8211; \u3010Schutzeinstellungen\u3011Die Solarbrunnen stoppt automatisch,wenn kein Wasser vorhanden ist, um ein Trockenbrennen zu verhindern, der Filter verhindert das Eindringen von Staub und Bl\u00e4ttern,Nach dem Verlassen des Werks geht das Produkt in den Ruhezustand \u00fcber,Das Produkt muss zuerst mit einer Lichtintensit\u00e4t von mehr als 10.000 LUX f\u00fcr 1min aufgeweckt werden.Nachdem das Produkt f\u00fcr 1-2min in eine Umgebung mit einer Lichtintensit\u00e4t von weniger als 300 LUX gebracht wurde,Der Nachtmodus ist aktiviert.<\/p>\n","protected":false},"excerpt":{"rendered":"<p>Werbung<br \/>\nAISITIN 3.5W LED Solar Springbrunnen f\u00fcr Au\u00dfen mit Fernbedienung, Buntes LED Solar Teichpumpe mit 3000 mAh Akku LED Solarbrunnen f\u00fcr Draussen mit verschieden D\u00fcse Wasserpumpe f\u00fcr Garten,Vogelbad,Teich<\/p>\n","protected":false},"featured_media":748,"comment_status":"open","ping_status":"closed","template":"","meta":[],"product_cat":[15],"product_tag":[],"class_list":{"0":"post-749","1":"product","2":"type-product","3":"status-publish","4":"has-post-thumbnail","6":"product_cat-sin-categorizar","7":"nodate","8":"item-wrap","10":"first","11":"instock","12":"shipping-taxable","13":"product-type-external"},"_links":{"self":[{"href":"https:\/\/lofimusic.com.es\/index.php\/wp-json\/wp\/v2\/product\/749","targetHints":{"allow":["GET"]}}],"collection":[{"href":"https:\/\/lofimusic.com.es\/index.php\/wp-json\/wp\/v2\/product"}],"about":[{"href":"https:\/\/lofimusic.com.es\/index.php\/wp-json\/wp\/v2\/types\/product"}],"replies":[{"embeddable":true,"href":"https:\/\/lofimusic.com.es\/index.php\/wp-json\/wp\/v2\/comments?post=749"}],"wp:featuredmedia":[{"embeddable":true,"href":"https:\/\/lofimusic.com.es\/index.php\/wp-json\/wp\/v2\/media\/748"}],"wp:attachment":[{"href":"https:\/\/lofimusic.com.es\/index.php\/wp-json\/wp\/v2\/media?parent=749"}],"wp:term":[{"taxonomy":"product_cat","embeddable":true,"href":"https:\/\/lofimusic.com.es\/index.php\/wp-json\/wp\/v2\/product_cat?post=749"},{"taxonomy":"product_tag","embeddable":true,"href":"https:\/\/lofimusic.com.es\/index.php\/wp-json\/wp\/v2\/product_tag?post=749"}],"curies":[{"name":"wp","href":"https:\/\/api.w.org\/{rel}","templated":true}]}}