{"id":747,"date":"2024-09-13T23:49:07","date_gmt":"2024-09-13T23:49:07","guid":{"rendered":"https:\/\/lofimusic.com.es\/index.php\/producto\/b0d6gj9hrg_fr\/"},"modified":"2024-09-13T23:49:07","modified_gmt":"2024-09-13T23:49:07","slug":"b0d6gj9hrg_fr","status":"publish","type":"product","link":"https:\/\/lofimusic.com.es\/index.php\/producto\/b0d6gj9hrg_fr\/","title":{"rendered":"B0D6GJ9HRG_FR"},"content":{"rendered":"<p>&#8211; 1,43&#8243; Ecran AMOLED &amp; Cadran de Personnalis\u00e9: La montre connect\u00e9e homme est 1,43&#8243; \u00e9cran tactile AMOLED HD, design ultra-fin, r\u00e9solution: 466*466, qui am\u00e9liore grandement la qualit\u00e9 des couleurs et la rapidit\u00e9 de r\u00e9ponse au toucher. Dot\u00e9 de 4 cadrans par d\u00e9faut (t\u00e9l\u00e9chargez-en plus via le march\u00e9 des cadrans de montre), a cadran personnalis\u00e9 qui permet de s\u00e9lectionner et tu de changer de cadran en tournant un bouton. La montre fitness dot\u00e9e d&#8217;app &#8211; Da Fit, compatible avec Android 5.0+ et iOS 9.0+.<br \/>\n&#8211; Appel par Bluetooth &amp; Rappel de Message de Texte: Avec un microphone et un haut-parleur int\u00e9gr\u00e9s, vous pouvez passer des appels ou recevoir des appels \u00e0 travers la smartwatch apr\u00e8s avoir connect\u00e9 le Bluetooth. La montre intelligente prend \u00e9galement en charge les rappels d&#8217;informations et les notifications des r\u00e9seaux sociaux, telles que Facebook, WhatsApp, Twitter, etc. Vous ne manquez aucune information importante, que vous exercez ou conduisez. Excellent cadeau pour vous-m\u00eame, famille et amis.<br \/>\n&#8211; 123 modes de sport et Etanche IP68: La montre fitness homme dispose 123 modes de sport tels que marche,course,v\u00e9lo,football,yoga,etc.En m\u00eame temps,le montre connect\u00e9e homme sport suit donn\u00e9es quotidiennes,y compris les pas,temps,distance et les calories.Pour vous aider \u00e0 entra\u00eener de mani\u00e8re scientifique et \u00e0 atteindre vos objectifs de forme.Etanche IP68,la smart watch homme elle peut \u00eatre port\u00e9e pour laver les mains ou sous la pluie,mais ne pas utiliser avec de l&#8217;eau chaude ou de l&#8217;eau de mer.<br \/>\n&#8211; Moniteur de Fr\u00e9quence Cardiaque et de Sommeil 24\/7: la montre intelligente homme dispose d&#8217;une capteur de haute pr\u00e9cision int\u00e9gr\u00e9e. Elle offre 24 heures sur 24,7 jours sur 7 une surveillance en temps r\u00e9el, y compris l&#8217;oxyg\u00e8ne sanguin, la fr\u00e9quence cardiaque et tension art\u00e9rielle,peut-aider \u00e0 comprendre votre condition physique. La montre connect\u00e9 homme suit \u00e9galement vos patrons de sommeil, fournissant une \u00e9valuation approfondie de la qualit\u00e9 du sommeil pour aider \u00e0 obtenir un meilleur sommeil.<br \/>\n&#8211; Fonctions Pratiques &amp; Longue Durabilit\u00e9 de la Batterie: Cette montre intelligente pour hommes, \u00e9quip\u00e9e d&#8217;une batterie de 250mAh, offre une autonomie prolong\u00e9e. Tech de charge rapide et magn\u00e9tique, elle n\u00e9cessite une seule charge de 2 \u00e0 2,5 heures pour fonctionner pendant 4 \u00e0 6 jours. La montre hommes sport dot\u00e9e de fonctionnalit\u00e9s pratiques telles que le r\u00e9glage de la luminosit\u00e9 de l&#8217;\u00e9cran, contr\u00f4le de la musique, rappel de s\u00e9dentarit\u00e9, r\u00e9veil, chronom\u00e8tre, les pr\u00e9visions m\u00e9t\u00e9orologiques.<\/p>\n","protected":false},"excerpt":{"rendered":"<p>publicit\u00e9<br \/>\nMontre Connect\u00e9e Homme Smartwatch Sport: 1.43&#8243; AMOLED HD Ronde Smart Watch Appel Bluetooth Etanche IP68 avec Moniteur de Sommeil SpO2 Fr\u00e9quence Cardiaque Podometre 112 Modes Sportifs pour Android iOS<\/p>\n","protected":false},"featured_media":746,"comment_status":"open","ping_status":"closed","template":"","meta":[],"product_cat":[15],"product_tag":[],"class_list":{"0":"post-747","1":"product","2":"type-product","3":"status-publish","4":"has-post-thumbnail","6":"product_cat-sin-categorizar","7":"nodate","8":"item-wrap","10":"first","11":"instock","12":"shipping-taxable","13":"product-type-external"},"_links":{"self":[{"href":"https:\/\/lofimusic.com.es\/index.php\/wp-json\/wp\/v2\/product\/747","targetHints":{"allow":["GET"]}}],"collection":[{"href":"https:\/\/lofimusic.com.es\/index.php\/wp-json\/wp\/v2\/product"}],"about":[{"href":"https:\/\/lofimusic.com.es\/index.php\/wp-json\/wp\/v2\/types\/product"}],"replies":[{"embeddable":true,"href":"https:\/\/lofimusic.com.es\/index.php\/wp-json\/wp\/v2\/comments?post=747"}],"wp:featuredmedia":[{"embeddable":true,"href":"https:\/\/lofimusic.com.es\/index.php\/wp-json\/wp\/v2\/media\/746"}],"wp:attachment":[{"href":"https:\/\/lofimusic.com.es\/index.php\/wp-json\/wp\/v2\/media?parent=747"}],"wp:term":[{"taxonomy":"product_cat","embeddable":true,"href":"https:\/\/lofimusic.com.es\/index.php\/wp-json\/wp\/v2\/product_cat?post=747"},{"taxonomy":"product_tag","embeddable":true,"href":"https:\/\/lofimusic.com.es\/index.php\/wp-json\/wp\/v2\/product_tag?post=747"}],"curies":[{"name":"wp","href":"https:\/\/api.w.org\/{rel}","templated":true}]}}