{"id":7448,"date":"2024-12-21T11:42:54","date_gmt":"2024-12-21T11:42:54","guid":{"rendered":"https:\/\/lofimusic.com.es\/index.php\/producto\/b0dbr2gzjh_es-2\/"},"modified":"2024-12-21T11:42:54","modified_gmt":"2024-12-21T11:42:54","slug":"b0dbr2gzjh_es-2","status":"publish","type":"product","link":"https:\/\/lofimusic.com.es\/index.php\/producto\/b0dbr2gzjh_es-2\/","title":{"rendered":"B0DBR2GZJH_ES"},"content":{"rendered":"<p>&#8211; \ud83c\udf3f\ud83d\udc07 Calidad Excepcional y Completa: El pack de cuidado del tatuaje Veinktattoo proporciona una soluci\u00f3n completa para el cuidado de tu tatuaje. Desde el gel calmante reparador para conseguir m\u00e1xima higiene hasta la crema para el cuidado del tatuaje, cada elemento est\u00e1 cuidadosamente dise\u00f1ado para mantener la frescura y vitalidad de tu tatuaje con el paso del tiempo.<br \/>\n&#8211; \ud83c\udf3f\ud83d\udc07 Formato Pr\u00e1ctico con Dosificador para M\u00e1xima Higiene y Facilidad de Uso: Los botes de ambos productos cuentan con un dosificador que garantiza una extracci\u00f3n precisa de la crema, promoviendo la m\u00e1xima higiene y facilitando su aplicaci\u00f3n.<br \/>\n&#8211; \ud83c\udf3f\ud83d\udc07 Productos Naturales y Veganos para Todo Tipo de Piel: Veinktattoo se enorgullece de ofrecer productos naturales y veganos dise\u00f1ados para adaptarse a todas las pieles, incluso las m\u00e1s sensibles. Nuestra f\u00f3rmula \u00fanica, elaborada con ingredientes bot\u00e1nicos de alta calidad, es suave pero efectiva, proporcionando un cuidado \u00f3ptimo sin comprometer tus valores \u00e9ticos, sin olvidar el aroma a chicle de mel\u00f3n haciendo esta crema \u00fanica.<br \/>\n&#8211; \ud83c\udf3f\ud83d\udc07 Compromiso con el Bienestar Animal: En Veinktattoo, no solo nos preocupamos por el cuidado de tu piel, sino tambi\u00e9n por el bienestar animal. Todos nuestros productos son 100% libres de crueldad animal, lo que significa que puedes disfrutar de una piel radiante con la tranquilidad de saber que ning\u00fan animal fue da\u00f1ado en el proceso de fabricaci\u00f3n.<br \/>\n&#8211; \ud83c\udf3f\ud83d\udc07 Curaci\u00f3n Perfecta para Tus Tatuajes con una Cicatrizaci\u00f3n M\u00e1s R\u00e1pida y Sana: Con el uso constante de nuestros productos para el cuidado del tatuaje experimentar\u00e1s una curaci\u00f3n perfecta. Notar\u00e1s una cicatrizaci\u00f3n m\u00e1s r\u00e1pida y sana sin olvidar lo que nos piden nuestros clientes , que la crema no sea grasa y f\u00e1cil de aplicar. Gracias a la combinaci\u00f3n de ingredientes naturales y nutritivos que promueven la regeneraci\u00f3n celular y la protecci\u00f3n de la piel.<\/p>\n","protected":false},"excerpt":{"rendered":"<p>Publicidad Crema para tatuajes &#8211; Curaci\u00f3n Tattoo &#8211; Cicatriza y Conserva tus tatuajes &#8211; Cuidado Tattoo &#8211; Tattoo Aftercare (Crema Tatuajes 60 ML + Gel Reparador 60 ML)<\/p>\n","protected":false},"featured_media":7447,"comment_status":"open","ping_status":"closed","template":"","meta":[],"product_cat":[15],"product_tag":[],"class_list":{"0":"post-7448","1":"product","2":"type-product","3":"status-publish","4":"has-post-thumbnail","6":"product_cat-sin-categorizar","7":"nodate","8":"item-wrap","10":"first","11":"instock","12":"shipping-taxable","13":"product-type-external"},"_links":{"self":[{"href":"https:\/\/lofimusic.com.es\/index.php\/wp-json\/wp\/v2\/product\/7448","targetHints":{"allow":["GET"]}}],"collection":[{"href":"https:\/\/lofimusic.com.es\/index.php\/wp-json\/wp\/v2\/product"}],"about":[{"href":"https:\/\/lofimusic.com.es\/index.php\/wp-json\/wp\/v2\/types\/product"}],"replies":[{"embeddable":true,"href":"https:\/\/lofimusic.com.es\/index.php\/wp-json\/wp\/v2\/comments?post=7448"}],"wp:featuredmedia":[{"embeddable":true,"href":"https:\/\/lofimusic.com.es\/index.php\/wp-json\/wp\/v2\/media\/7447"}],"wp:attachment":[{"href":"https:\/\/lofimusic.com.es\/index.php\/wp-json\/wp\/v2\/media?parent=7448"}],"wp:term":[{"taxonomy":"product_cat","embeddable":true,"href":"https:\/\/lofimusic.com.es\/index.php\/wp-json\/wp\/v2\/product_cat?post=7448"},{"taxonomy":"product_tag","embeddable":true,"href":"https:\/\/lofimusic.com.es\/index.php\/wp-json\/wp\/v2\/product_tag?post=7448"}],"curies":[{"name":"wp","href":"https:\/\/api.w.org\/{rel}","templated":true}]}}