{"id":743,"date":"2024-09-13T23:45:04","date_gmt":"2024-09-13T23:45:04","guid":{"rendered":"https:\/\/lofimusic.com.es\/index.php\/producto\/b0d9w9cys1_fr\/"},"modified":"2024-09-13T23:45:04","modified_gmt":"2024-09-13T23:45:04","slug":"b0d9w9cys1_fr","status":"publish","type":"product","link":"https:\/\/lofimusic.com.es\/index.php\/producto\/b0d9w9cys1_fr\/","title":{"rendered":"B0D9W9CYS1_FR"},"content":{"rendered":"<p>&#8211; FULL HD 1080P &amp; 36 MP CAM\u00c9RA VID\u00c9O : Ce cam\u00e9scope cam\u00e9ra vid\u00e9o prend en charge la prise de vue de la vid\u00e9o FHD 1080P et de la r\u00e9solution d\u2019image 36MP, \u00e9cran IPS de 3,0 pouces, et supporte une rotation de 270\u00b0 avec un zoom num\u00e9rique 16X. Ce cam\u00e9scope est petit et l\u00e9ger, il peut vous aider \u00e0 capturer et enregistrer de grands moments avec des photos ou des vid\u00e9os de haute qualit\u00e9. Cette cam\u00e9ra vlogging est un cadeau parfait pour les enfants, les adolescents, les amateurs et les d\u00e9butants<br \/>\n&#8211; CAM\u00c9SCOPE MULTIFONCTION : La cam\u00e9ra vlogging a de nombreuses fonctions, D\u00e9tection de mouvement\/Ralenti\/Enregistrement en acc\u00e9l\u00e9r\u00e9\/Prise de vue continue\/D\u00e9tection de visage\/Beaut\u00e9 Visage\/Fonction pause\/Fonction Anti-Shake\/Modes de lecture, etc. Cette cam\u00e9ra vid\u00e9o prend \u00e9galement en charge le tr\u00e9pied et le microphone externe (NON INCLUS), il vous permet de capturer une exposition plus longue en utilisant une vitesse d\u2019obturation plus lente pouvant aller jusqu\u2019\u00e0 plusieurs secondes<br \/>\n&#8211; SORTIE WEBCAM &amp; HDMI : La cam\u00e9ra vid\u00e9o prend en charge la fonction webcam, connecter le PC avec un c\u00e2ble USB, vous pouvez transf\u00e9rer le fichier en utilisant le mode \u00abMSDC\u00bb ou l\u2019utiliser comme une webcam pour les flux en direct en utilisant le mode \u00abPC CAM\u00bb (T\u00e9l\u00e9charger le logiciel \u201cAMCAP \u201d avant d\u2019utiliser la fonction \u00ab PC CAM \u00bb et entrer dans l\u2019interface vid\u00e9o). Et vous pouvez connecter le cam\u00e9scope \u00e0 des t\u00e9l\u00e9viseurs ou d\u2019autres appareils HDMI \u00e0 l\u2019aide d\u2019un c\u00e2ble HDMI<br \/>\n&#8211; IR NIGHT VISION: \u00c9quip\u00e9 de la fonction IR Night Vision, le cam\u00e9scope de la cam\u00e9ra peut enregistrer des images et des vid\u00e9os en haute r\u00e9solution et en noir et blanc dans l\u2019obscurit\u00e9. Et le design de la chaussure chaude sur ce cam\u00e9scope de cam\u00e9ra vid\u00e9o, vous pouvez fixer un flash et d\u2019autres accessoires compatibles, par exemple, le microphone externe (am\u00e9liorer la qualit\u00e9 audio de vos vid\u00e9os) et la lumi\u00e8re de remplissage LED (vous aider \u00e0 prendre des photos de haute qualit\u00e9 dans l\u2019obscurit\u00e9)<br \/>\n&#8211; ENREGISTREMENT PENDANT LA CHARGE : Le cam\u00e9scope de la cam\u00e9ra vid\u00e9o est livr\u00e9 avec 2 piles qui peuvent enregistrer environ 60 \u00e0 90 minutes quand il est compl\u00e8tement charg\u00e9, et le cam\u00e9scope prend \u00e9galement en charge l\u2019enregistrement pendant la charge, vous n\u2019avez pas \u00e0 vous soucier de batterie faible. Notre magasin offre un service apr\u00e8s-vente amical \u00e0 vie, si vous rencontrez des probl\u00e8mes lors de l\u2019utilisation de cette cam\u00e9ra vid\u00e9o num\u00e9rique, n\u2019h\u00e9sitez pas \u00e0 nous contacter<\/p>\n","protected":false},"excerpt":{"rendered":"<p>publicit\u00e9<br \/>\nIXNAIQY Cam\u00e9scope Cam\u00e9ra Vid\u00e9o 1080P 30FPS 36MP Camescope pour Youtube, Cam\u00e9ra Num\u00e9rique avec IR Vision Nocturne, 16X Zoom Num\u00e9rique, 3.0\u00bb LCD 270 Degr\u00e9s Ecran Rotatif Vlog Cam\u00e9ra, 2 Piles<\/p>\n","protected":false},"featured_media":742,"comment_status":"open","ping_status":"closed","template":"","meta":[],"product_cat":[15],"product_tag":[],"class_list":{"0":"post-743","1":"product","2":"type-product","3":"status-publish","4":"has-post-thumbnail","6":"product_cat-sin-categorizar","7":"nodate","8":"item-wrap","10":"first","11":"instock","12":"shipping-taxable","13":"product-type-external"},"_links":{"self":[{"href":"https:\/\/lofimusic.com.es\/index.php\/wp-json\/wp\/v2\/product\/743","targetHints":{"allow":["GET"]}}],"collection":[{"href":"https:\/\/lofimusic.com.es\/index.php\/wp-json\/wp\/v2\/product"}],"about":[{"href":"https:\/\/lofimusic.com.es\/index.php\/wp-json\/wp\/v2\/types\/product"}],"replies":[{"embeddable":true,"href":"https:\/\/lofimusic.com.es\/index.php\/wp-json\/wp\/v2\/comments?post=743"}],"wp:featuredmedia":[{"embeddable":true,"href":"https:\/\/lofimusic.com.es\/index.php\/wp-json\/wp\/v2\/media\/742"}],"wp:attachment":[{"href":"https:\/\/lofimusic.com.es\/index.php\/wp-json\/wp\/v2\/media?parent=743"}],"wp:term":[{"taxonomy":"product_cat","embeddable":true,"href":"https:\/\/lofimusic.com.es\/index.php\/wp-json\/wp\/v2\/product_cat?post=743"},{"taxonomy":"product_tag","embeddable":true,"href":"https:\/\/lofimusic.com.es\/index.php\/wp-json\/wp\/v2\/product_tag?post=743"}],"curies":[{"name":"wp","href":"https:\/\/api.w.org\/{rel}","templated":true}]}}