{"id":737,"date":"2024-09-13T23:41:03","date_gmt":"2024-09-13T23:41:03","guid":{"rendered":"https:\/\/lofimusic.com.es\/index.php\/producto\/b0d1g6wcw1_fr\/"},"modified":"2024-09-13T23:41:03","modified_gmt":"2024-09-13T23:41:03","slug":"b0d1g6wcw1_fr","status":"publish","type":"product","link":"https:\/\/lofimusic.com.es\/index.php\/producto\/b0d1g6wcw1_fr\/","title":{"rendered":"B0D1G6WCW1_FR"},"content":{"rendered":"<p>&#8211; REMARQUE IMPORTANTE&#8211;ce produit est livr\u00e9 avec une prise am\u00e9ricaine standard. Pour votre commodit\u00e9, nous fournissons un adaptateur de prise am\u00e9ricaine vers europ\u00e9enne (mod\u00e8le B0D9M838T5). Nous vous recommandons d&#8217;utiliser cet adaptateur ou votre propre chargeur.<br \/>\n&#8211; Son classique sans perte&#8211;ce microphone sans fil de haute qualit\u00e9 est con\u00e7u avec une directivit\u00e9 cardio\u00efde et une technologie de r\u00e9duction du bruit DSP, qui peuvent minimiser le bruit de fond et capter clairement les voix humaines, en se concentrant sur la source sonore cible, fournissant un son chaud, clair et net. qui captive votre public.<br \/>\n&#8211; Saut de fr\u00e9quence flexible&#8211;contrairement \u00e0 la plupart des microphones \u00e0 fr\u00e9quence fixe, ce microphone est \u00e9quip\u00e9 d&#8217;un processeur audio professionnel et dispose de 15 canaux haut et bas r\u00e9glables UHF, ce qui peut r\u00e9duire efficacement l&#8217;impact des ondes \u00e9lectromagn\u00e9tiques externes sur le signal, garantissant une qualit\u00e9 sonore stable et une transmission efficace.Tr\u00e8s appropri\u00e9 pour le karaok\u00e9 \u00e0 domicile, l&#8217;\u00e9glise, le mariage, la conf\u00e9rence et la repr\u00e9sentation sur sc\u00e8ne.<br \/>\n&#8211; Stabilit\u00e9 am\u00e9lior\u00e9e du signal&#8211;avec un r\u00e9cepteur double fr\u00e9quence, il peut recevoir des signaux de deux fr\u00e9quences diff\u00e9rentes en m\u00eame temps. Cela \u00e9limine efficacement l&#8217;effet multitrajet pendant la transmission du signal, am\u00e9liore la pr\u00e9cision de la r\u00e9ception, r\u00e9duit les interf\u00e9rences et \u00e9tend la port\u00e9e du signal \u00e0 240 pieds, permettant des pr\u00e9sentations illimit\u00e9es en int\u00e9rieur et en ext\u00e9rieur.<br \/>\n&#8211; Chantez toute la nuit&#8211;le microphone sans fil est \u00e9quip\u00e9 d&#8217;une batterie de 1 200 mAh qui peut fonctionner pendant 40 heures. Que vous organisiez une f\u00eate toute la nuit, un pique-nique toute la journ\u00e9e ou tout autre \u00e9v\u00e9nement, cette performance durable garantit votre f\u00eate. est rempli de tonnes de plaisir. Le microphone sans fil utilise des ports de chargement USB-C, qui peuvent \u00eatre compl\u00e8tement charg\u00e9s en seulement 3 \u00e0 4 heures.<br \/>\n&#8211; Op\u00e9ration simple&#8211;ouvrez le r\u00e9cepteur et le microphone de karaok\u00e9 se connectera et s&#8217;adaptera automatiquement, le r\u00e9cepteur et le port \u00e0 transmettre peuvent \u00eatre connect\u00e9s pour \u00eatre utilis\u00e9s. Remarque : les microfonos inalambricos professionnels ne prennent pas en charge les t\u00e9l\u00e9phones mobiles, ordinateurs portables, tablettes Bluetooth.<br \/>\n&#8211; Service apr\u00e8s-vente&#8211;veuillez lire attentivement les instructions avant d&#8217;utiliser le produit. Si vous avez des questions, n&#8217;h\u00e9sitez pas \u00e0 contacter notre service client en ligne 7 x 24. Nos microphones b\u00e9n\u00e9ficient d&#8217;une garantie de remplacement gratuite d&#8217;un semestre.<\/p>\n","protected":false},"excerpt":{"rendered":"<p>publicit\u00e9<br \/>\nMicrophones sans fil, double syst\u00e8me de microphone portable sans fil UHF, qualit\u00e9 sonore HD, microphone dynamique pour chanter karaok\u00e9, haut-parleur, conf\u00e9rences, mariage, \u00e9glise(Chargeur US)<\/p>\n","protected":false},"featured_media":736,"comment_status":"open","ping_status":"closed","template":"","meta":[],"product_cat":[15],"product_tag":[],"class_list":{"0":"post-737","1":"product","2":"type-product","3":"status-publish","4":"has-post-thumbnail","6":"product_cat-sin-categorizar","7":"nodate","8":"item-wrap","10":"first","11":"instock","12":"shipping-taxable","13":"product-type-external"},"_links":{"self":[{"href":"https:\/\/lofimusic.com.es\/index.php\/wp-json\/wp\/v2\/product\/737","targetHints":{"allow":["GET"]}}],"collection":[{"href":"https:\/\/lofimusic.com.es\/index.php\/wp-json\/wp\/v2\/product"}],"about":[{"href":"https:\/\/lofimusic.com.es\/index.php\/wp-json\/wp\/v2\/types\/product"}],"replies":[{"embeddable":true,"href":"https:\/\/lofimusic.com.es\/index.php\/wp-json\/wp\/v2\/comments?post=737"}],"wp:featuredmedia":[{"embeddable":true,"href":"https:\/\/lofimusic.com.es\/index.php\/wp-json\/wp\/v2\/media\/736"}],"wp:attachment":[{"href":"https:\/\/lofimusic.com.es\/index.php\/wp-json\/wp\/v2\/media?parent=737"}],"wp:term":[{"taxonomy":"product_cat","embeddable":true,"href":"https:\/\/lofimusic.com.es\/index.php\/wp-json\/wp\/v2\/product_cat?post=737"},{"taxonomy":"product_tag","embeddable":true,"href":"https:\/\/lofimusic.com.es\/index.php\/wp-json\/wp\/v2\/product_tag?post=737"}],"curies":[{"name":"wp","href":"https:\/\/api.w.org\/{rel}","templated":true}]}}