{"id":733,"date":"2024-09-13T23:39:04","date_gmt":"2024-09-13T23:39:04","guid":{"rendered":"https:\/\/lofimusic.com.es\/index.php\/producto\/b0d9nfl381_de\/"},"modified":"2024-09-13T23:39:04","modified_gmt":"2024-09-13T23:39:04","slug":"b0d9nfl381_de","status":"publish","type":"product","link":"https:\/\/lofimusic.com.es\/index.php\/producto\/b0d9nfl381_de\/","title":{"rendered":"B0D9NFL381_DE"},"content":{"rendered":"<p>&#8211; \u3010Schnellladeger\u00e4t f\u00fcr iPhone 14\u3011 Das USB C Ladeger\u00e4t der mit 2M langem USB-C to Lightning iPhone Ladekabel erm\u00f6glicht Hochgesch wind igkeitsladen f\u00fcr die iPhone 14\/14 Pro Max-Serie. Sie k\u00f6nnen das iPhone 14 Pro Max in nur 30 Minuten von 0 % auf 50 % aufladen Laden Sie Ihr iPad Pro 12.9 in nur 2,5 Stunden vollst\u00e4ndig auf. Dadurch haben Sie mehr Zeit, Ihr Ger\u00e4t zu genie\u00dfen, und m\u00fcssen weniger auf das Aufladen warten.<br \/>\n&#8211; \u3010Sicheres effizientes Schnellladeger\u00e4t\u3011kompakt und leicht zu tragen,Hitzebest\u00e4ndiges und Anti-Wurf-Design,bequemer Griff,Ladeger\u00e4t verf\u00fcgt \u00fcber einen integrierten Smart-Chip,\u00dcberhitzung und \u00dcberladung sch\u00fctzen kann.Sicher aufzuladen und die Akkulaufzeit zu maximieren.<br \/>\n&#8211; \u3010Breite Kompatibilit\u00e4t\u3011: USB-C Schnelles Aufladen f\u00fcr iPhone 14\/14 Plus\/14 Pro\/14 Pro Max; iPhone 13\/13 Plus\/13 Pro\/13 Pro Max; iPad Pro 12.9 inch 6th\/5th\/4th\/3th Generation (2022\/2021\/2020\/2018), iPad Pro 11 inch 3rd\/2rd\/1rd Generation (2021\/2020\/2018), iPad Air 5th generation (2022), iPad Air 4th generation (2020), iPad Mini 6th Generation (2021),iPad 10th generation (2022).<br \/>\n&#8211; \u3010Lange Lebensdauer und Haltbarkeit\u3011USB C zu Lighnting h\u00e4lt 25.000 Biegungen stand und erm\u00f6glicht gleichzeitig eine effiziente Datensynchronisierung mit 480 Mbit\/s.Mit einer L\u00e4nge von 2M eignen sich f\u00fcr jeden Anlass, zu Hause, im B\u00fcro, im Auto und f\u00fcr verschiedene t\u00e4gliche Verbindungsbed\u00fcrfnisse.<br \/>\n&#8211; \u3010Was erhalten Sie\u3011 1 * 20W USB C Ladeger\u00e4t und MFi-zertifiziertes 1 * 2M langem USB-C zu Lightning ,lebenslange Garantie und 24\/7 Kundendienst! Wenn Sie Fragen zu unseren Produkten haben, kontaktieren Sie uns bitte. Wir werden Ihnen innerhalb von 24 Stunden eine zufriedenstellende Antwort geben.<\/p>\n","protected":false},"excerpt":{"rendered":"<p>Werbung<br \/>\niPhone 14 Schnellladeger\u00e4t, 20W USB C Ladeger\u00e4t mit Ladekabel original 2M Lightning to USB C Kabel f\u00fcr Apple iPhone 14 Pro\/14 Pro Max\/14 Plus\/13 Pro\/12 Mini\/11\/XS\/iPad Netzteil Stecker Apple Adapter<\/p>\n","protected":false},"featured_media":732,"comment_status":"open","ping_status":"closed","template":"","meta":[],"product_cat":[15],"product_tag":[],"class_list":{"0":"post-733","1":"product","2":"type-product","3":"status-publish","4":"has-post-thumbnail","6":"product_cat-sin-categorizar","7":"nodate","8":"item-wrap","10":"first","11":"instock","12":"shipping-taxable","13":"product-type-external"},"_links":{"self":[{"href":"https:\/\/lofimusic.com.es\/index.php\/wp-json\/wp\/v2\/product\/733","targetHints":{"allow":["GET"]}}],"collection":[{"href":"https:\/\/lofimusic.com.es\/index.php\/wp-json\/wp\/v2\/product"}],"about":[{"href":"https:\/\/lofimusic.com.es\/index.php\/wp-json\/wp\/v2\/types\/product"}],"replies":[{"embeddable":true,"href":"https:\/\/lofimusic.com.es\/index.php\/wp-json\/wp\/v2\/comments?post=733"}],"wp:featuredmedia":[{"embeddable":true,"href":"https:\/\/lofimusic.com.es\/index.php\/wp-json\/wp\/v2\/media\/732"}],"wp:attachment":[{"href":"https:\/\/lofimusic.com.es\/index.php\/wp-json\/wp\/v2\/media?parent=733"}],"wp:term":[{"taxonomy":"product_cat","embeddable":true,"href":"https:\/\/lofimusic.com.es\/index.php\/wp-json\/wp\/v2\/product_cat?post=733"},{"taxonomy":"product_tag","embeddable":true,"href":"https:\/\/lofimusic.com.es\/index.php\/wp-json\/wp\/v2\/product_tag?post=733"}],"curies":[{"name":"wp","href":"https:\/\/api.w.org\/{rel}","templated":true}]}}