{"id":731,"date":"2024-09-13T23:37:03","date_gmt":"2024-09-13T23:37:03","guid":{"rendered":"https:\/\/lofimusic.com.es\/index.php\/producto\/b0d5qzbdrx_fr\/"},"modified":"2024-09-13T23:37:03","modified_gmt":"2024-09-13T23:37:03","slug":"b0d5qzbdrx_fr","status":"publish","type":"product","link":"https:\/\/lofimusic.com.es\/index.php\/producto\/b0d5qzbdrx_fr\/","title":{"rendered":"B0D5QZBDRX_FR"},"content":{"rendered":"<p>&#8211; [\u00c9cran IPS HD 4,3&#8243; 1920P] Camera endoscopique fournit des images HD en r\u00e9solution 1920*1080P sans d\u00e9lai, avec un \u00e9cran IPS de 4,3 pouces qui garantit la clart\u00e9 de l&#8217;image en cas de secousses, et une plage de distances focales de 0,8-4 pouces(2-10cm) pour un angle de vue plus large et davantage de sc\u00e9narios d&#8217;utilisation.<br \/>\n&#8211; [Conception Portable] Pas n\u00e9cessaire de connecter votre t\u00e9l\u00e9phone portable au r\u00e9seau WiFi, ni de t\u00e9l\u00e9charger un logiciel, vous pouvez l&#8217;utiliser apr\u00e8s l&#8217;avoir allum\u00e9. Batterie int\u00e9gr\u00e9e de 3000mAh, l&#8217;endoscope peut \u00eatre transport\u00e9 en d\u00e9placement. Conception ergonomique, prise en main confortable, l\u00e9g\u00e8re et pratique.<br \/>\n&#8211; [5M C\u00e2ble&amp;Lentille Rotative] C\u00e2ble semi-rigide de 5 m\u00e8tres est dot\u00e9 d&#8217;une \u00e2me supraconductrice en cuivre pur qui se plie et conserve sa forme dans une vari\u00e9t\u00e9 d&#8217;endroits \u00e9troits. La cam\u00e9ra d&#8217;inspection miniature a un grossissement de 1,0-1,5-2,0 et un objectif qui peut \u00eatre tourn\u00e9 \u00e0 180\u00b0 pour localiser rapidement les probl\u00e8mes.<br \/>\n&#8211; [8 LED R\u00e9glables] Cam\u00e9ra endoscopique \u00e9quip\u00e9 de 8 lampes LED avec 4 niveaux de luminosit\u00e9 r\u00e9glables pour travailler sous l&#8217;eau et dans des environnements peu \u00e9clair\u00e9s. Il peut \u00eatre utilis\u00e9 en toute s\u00e9curit\u00e9 pour l&#8217;inspection des \u00e9gouts, des baignoires et des aquariums, ainsi que dans d&#8217;autres environnements humides et sombres.<br \/>\n&#8211; [Vari\u00e9t\u00e9 D&#8217;applications] Ennovor endoscope industriel est id\u00e9al pour inspecter les tuyaux ou les zones qui ne sont pas visibles \u00e0 l&#8217;\u0153il nu. Ce que vous recevez : support 16.4ft c\u00e2ble semi-rigide avec \u00e9cran cam\u00e9ra endoscopique *1, 5m c\u00e2ble. Accessoires *6, c\u00e2ble de charge USB, manuel *1<\/p>\n","protected":false},"excerpt":{"rendered":"<p>publicit\u00e9<br \/>\nCamera Endoscopique avec \u00c9cran et Lumi\u00e8re, Ennovor 1920P HD Cam\u00e9ra d&#8217;inspection Industrielle, \u00c9cran IPS 4,3 Pouces et 8 LED R\u00e9glables, No App No WiFi Camera C\u00e2ble Semi-Rigide(16,5 FT\/5M)<\/p>\n","protected":false},"featured_media":730,"comment_status":"open","ping_status":"closed","template":"","meta":[],"product_cat":[15],"product_tag":[],"class_list":{"0":"post-731","1":"product","2":"type-product","3":"status-publish","4":"has-post-thumbnail","6":"product_cat-sin-categorizar","7":"nodate","8":"item-wrap","10":"first","11":"instock","12":"shipping-taxable","13":"product-type-external"},"_links":{"self":[{"href":"https:\/\/lofimusic.com.es\/index.php\/wp-json\/wp\/v2\/product\/731","targetHints":{"allow":["GET"]}}],"collection":[{"href":"https:\/\/lofimusic.com.es\/index.php\/wp-json\/wp\/v2\/product"}],"about":[{"href":"https:\/\/lofimusic.com.es\/index.php\/wp-json\/wp\/v2\/types\/product"}],"replies":[{"embeddable":true,"href":"https:\/\/lofimusic.com.es\/index.php\/wp-json\/wp\/v2\/comments?post=731"}],"wp:featuredmedia":[{"embeddable":true,"href":"https:\/\/lofimusic.com.es\/index.php\/wp-json\/wp\/v2\/media\/730"}],"wp:attachment":[{"href":"https:\/\/lofimusic.com.es\/index.php\/wp-json\/wp\/v2\/media?parent=731"}],"wp:term":[{"taxonomy":"product_cat","embeddable":true,"href":"https:\/\/lofimusic.com.es\/index.php\/wp-json\/wp\/v2\/product_cat?post=731"},{"taxonomy":"product_tag","embeddable":true,"href":"https:\/\/lofimusic.com.es\/index.php\/wp-json\/wp\/v2\/product_tag?post=731"}],"curies":[{"name":"wp","href":"https:\/\/api.w.org\/{rel}","templated":true}]}}