{"id":727,"date":"2024-09-13T23:34:03","date_gmt":"2024-09-13T23:34:03","guid":{"rendered":"https:\/\/lofimusic.com.es\/index.php\/producto\/b0d3gk1zs8_de\/"},"modified":"2024-09-13T23:34:03","modified_gmt":"2024-09-13T23:34:03","slug":"b0d3gk1zs8_de","status":"publish","type":"product","link":"https:\/\/lofimusic.com.es\/index.php\/producto\/b0d3gk1zs8_de\/","title":{"rendered":"B0D3GK1ZS8_DE"},"content":{"rendered":"<p>&#8211; \u00dcberhaupt keine Batterie erforderlich:Sie m\u00fcssen sich nicht mehr m\u00fchsam Batterien wechseln und der Sender wird nicht mehr \u00abtot\u00bb wie die batteriebetriebenen.Daher ist die Installation viel einfacher, Empf\u00e4nger in Steckdose, Sender an die Wand,die T\u00fcrklingel beginnt zu arbeiten Insgesamt weniger als zwei Minuten<br \/>\n&#8211; 0dB-110dB,4 Stufen Lautst\u00e4rke:Nicht nur ein \u00abextra lauter Junge\u00bb, sondern auch ein \u00abstiller M\u00e4dchen\u00bb. So laut wie 110 dB, auch wenn Sie Musik mit hoher Lautst\u00e4rke h\u00f6ren, verpassen Sie nie den Klang. Im Gegenteil, wenn Sie m\u00fcde sind, stellen Sie einfach die Lautst\u00e4rke auf Stille ein, dann k\u00f6nnen Sie einen ganzen Tag ohne Glockenton bei sich bleiben<br \/>\n&#8211; Super LED blinkt:Das LED-Signal der T\u00fcrklingel wurde nach Kundenvorschl\u00e4gen erweitert und aufgehellt,um sicherzustellen,dass die LED-Blitze Sie aus gro\u00dfer Entfernung warnen k\u00f6nnen<br \/>\n&#8211; \u00dcber 500 m Reichweite im Freiraum: Egal,ob Sie im Obergeschoss, im Garten oder an der Hintert\u00fcr sind,halten Sie einfach einen Empf\u00e4nger an einem Ort in Ihrer N\u00e4he,der Alarmton wird Ihre Aufmerksamkeit erfolgreich erregen<br \/>\n&#8211; IP44 wasserdicht:Funktioniert gut bei nassen und trockenen Bedingungen,Kinderleicht zu installieren.Wenn Besucher die T\u00fcrklingeltaste dr\u00fccken,leuchtet sie auf und gibt ihnen die R\u00fcckmeldung,dass es geklingelt hat<br \/>\n&#8211; 58 Klingelt\u00f6ne und 1 Jahr Service:58 aktualisierte Klingelt\u00f6ne nach Ihrem Geschmack. Klarer und lauter Klang,Was nicht passieren wird, ist, dass die Taste h\u00e4ngen bleibt und entweder nicht klingelt oder klingelt,wenn niemand sie dr\u00fcckt. Au\u00dferdem bietet Yabife 1 Jahr Garantie auf jede Bestellung,egal welches Problem auftritt. Kontaktieren Sie Yabife bitte \u00fcber \u00abVerk\u00e4ufer kontaktieren\u00bb,um eine perfekte L\u00f6sung zu erhalten<\/p>\n","protected":false},"excerpt":{"rendered":"<p>Werbung<br \/>\nFunk Turklingel Batterielose,IP44 Funkklingel Aussen Wasserdicht,Schnurlose T\u00fcrklingeln zum Einstecken,1000 Fu\u00df Reichweite Elektrisch Haust\u00fcrklingel,58 Klingelt\u00f6nen 5 Stufiger Lautst\u00e4r Batteriefrei<\/p>\n","protected":false},"featured_media":726,"comment_status":"open","ping_status":"closed","template":"","meta":[],"product_cat":[15],"product_tag":[],"class_list":{"0":"post-727","1":"product","2":"type-product","3":"status-publish","4":"has-post-thumbnail","6":"product_cat-sin-categorizar","7":"nodate","8":"item-wrap","10":"first","11":"instock","12":"shipping-taxable","13":"product-type-external"},"_links":{"self":[{"href":"https:\/\/lofimusic.com.es\/index.php\/wp-json\/wp\/v2\/product\/727","targetHints":{"allow":["GET"]}}],"collection":[{"href":"https:\/\/lofimusic.com.es\/index.php\/wp-json\/wp\/v2\/product"}],"about":[{"href":"https:\/\/lofimusic.com.es\/index.php\/wp-json\/wp\/v2\/types\/product"}],"replies":[{"embeddable":true,"href":"https:\/\/lofimusic.com.es\/index.php\/wp-json\/wp\/v2\/comments?post=727"}],"wp:featuredmedia":[{"embeddable":true,"href":"https:\/\/lofimusic.com.es\/index.php\/wp-json\/wp\/v2\/media\/726"}],"wp:attachment":[{"href":"https:\/\/lofimusic.com.es\/index.php\/wp-json\/wp\/v2\/media?parent=727"}],"wp:term":[{"taxonomy":"product_cat","embeddable":true,"href":"https:\/\/lofimusic.com.es\/index.php\/wp-json\/wp\/v2\/product_cat?post=727"},{"taxonomy":"product_tag","embeddable":true,"href":"https:\/\/lofimusic.com.es\/index.php\/wp-json\/wp\/v2\/product_tag?post=727"}],"curies":[{"name":"wp","href":"https:\/\/api.w.org\/{rel}","templated":true}]}}