{"id":725,"date":"2024-09-13T23:33:04","date_gmt":"2024-09-13T23:33:04","guid":{"rendered":"https:\/\/lofimusic.com.es\/index.php\/producto\/b0dcbkmvcm_fr\/"},"modified":"2024-09-13T23:33:04","modified_gmt":"2024-09-13T23:33:04","slug":"b0dcbkmvcm_fr","status":"publish","type":"product","link":"https:\/\/lofimusic.com.es\/index.php\/producto\/b0dcbkmvcm_fr\/","title":{"rendered":"B0DCBKMVCM_FR"},"content":{"rendered":"<p>&#8211; Appel Bluetooth et Notifications Intelligentes: Cette montre connect\u00e9e prend en charge les appels Bluetooth. Vous pouvez passer et recevoir des appels directement via la montre sans sortir votre t\u00e9l\u00e9phone. Vous pouvez \u00e9galement synchroniser les contacts et afficher l&#8217;historique des appels. De plus, la montre connect\u00e9e homme peut recevoir des notifications en temps r\u00e9el des r\u00e9seaux sociaux (comme Facebook, WhatsApp, Instagram et Twitter) et vibrer pour vous le rappeler.<br \/>\n&#8211; \u00c9cran de 1,95 Pouces et Cadran Personnalisable: Notre montre intelligente est \u00e9quip\u00e9e d&#8217;un \u00e9cran couleur tactile haute d\u00e9finition de 1,95 pouces, offrant d&#8217;excellents effets visuels et une exp\u00e9rience de fonctionnement fluide. Avec l&#8217;application Watch, vous pouvez choisir parmi plus de 200 cadrans personnalis\u00e9s et m\u00eame cr\u00e9er un cadran unique avec vos photos pr\u00e9f\u00e9r\u00e9es pour donner \u00e0 votre montre une personnalit\u00e9 unique.<\/p>\n","protected":false},"excerpt":{"rendered":"<p>publicit\u00e9<br \/>\nMontre Connect\u00e9e Homme Femme avec Appel Bluetooth, 1.85&#8243; HD Smartwatch avec 100+ Modes Sportifs, Montre Connectee Sport Etanche IP68 avec Podometre\/Sommeil\/Cardiofrequencemetre pour Android iOS, Blanc<\/p>\n","protected":false},"featured_media":724,"comment_status":"open","ping_status":"closed","template":"","meta":[],"product_cat":[15],"product_tag":[],"class_list":{"0":"post-725","1":"product","2":"type-product","3":"status-publish","4":"has-post-thumbnail","6":"product_cat-sin-categorizar","7":"nodate","8":"item-wrap","10":"first","11":"instock","12":"shipping-taxable","13":"product-type-external"},"_links":{"self":[{"href":"https:\/\/lofimusic.com.es\/index.php\/wp-json\/wp\/v2\/product\/725","targetHints":{"allow":["GET"]}}],"collection":[{"href":"https:\/\/lofimusic.com.es\/index.php\/wp-json\/wp\/v2\/product"}],"about":[{"href":"https:\/\/lofimusic.com.es\/index.php\/wp-json\/wp\/v2\/types\/product"}],"replies":[{"embeddable":true,"href":"https:\/\/lofimusic.com.es\/index.php\/wp-json\/wp\/v2\/comments?post=725"}],"wp:featuredmedia":[{"embeddable":true,"href":"https:\/\/lofimusic.com.es\/index.php\/wp-json\/wp\/v2\/media\/724"}],"wp:attachment":[{"href":"https:\/\/lofimusic.com.es\/index.php\/wp-json\/wp\/v2\/media?parent=725"}],"wp:term":[{"taxonomy":"product_cat","embeddable":true,"href":"https:\/\/lofimusic.com.es\/index.php\/wp-json\/wp\/v2\/product_cat?post=725"},{"taxonomy":"product_tag","embeddable":true,"href":"https:\/\/lofimusic.com.es\/index.php\/wp-json\/wp\/v2\/product_tag?post=725"}],"curies":[{"name":"wp","href":"https:\/\/api.w.org\/{rel}","templated":true}]}}