{"id":715,"date":"2024-09-13T23:25:13","date_gmt":"2024-09-13T23:25:13","guid":{"rendered":"https:\/\/lofimusic.com.es\/index.php\/producto\/b0crrc6lw7_fr\/"},"modified":"2024-09-13T23:25:13","modified_gmt":"2024-09-13T23:25:13","slug":"b0crrc6lw7_fr","status":"publish","type":"product","link":"https:\/\/lofimusic.com.es\/index.php\/producto\/b0crrc6lw7_fr\/","title":{"rendered":"B0CRRC6LW7_FR"},"content":{"rendered":"<p>&#8211; \ud83c\udfe0Paravent mobile avec roues : Notre s\u00e9parateur de pi\u00e8ce est \u00e9quip\u00e9 des roues universelles lisses avec freins, ce qui vous permet de le d\u00e9placer facilement et avec peu de bruit, vous aider \u00e0 cr\u00e9er un espace priv\u00e9 \u00e0 tout moment.<br \/>\n&#8211; \ud83c\udfe0S\u00e9parateur pliable : Notre s\u00e9parateur adopte un design pliable pour \u00e9conomiser de l&#8217;espace, vous pouvez le replier rapidement et le ranger facilememt en configurant les 3 panneaux dans diff\u00e9rentes formes, telles que la forme en W ou en L.<br \/>\n&#8211; \ud83c\udfe0Paravent moderne : Avec un aspect simple moderne, notre paravent peut \u00eatre utilis\u00e9 comme d\u00e9cor de chambre \u00e0 l&#8217;int\u00e9rieur ou l&#8217;ext\u00e9rieur et vous offrir une protection de la vie priv\u00e9e, vous pouvez le placer dans votre bureau, chambre ou salon.<br \/>\n&#8211; \ud83c\udfe0Paravent robuste : Fabriqu\u00e9 en tissu polyester durable, notre paravent est assez robuste. En outre, la base en m\u00e9tal antirouille et les connexions m\u00e9talliques assurent une bonne stabilit\u00e9, ce qui le rend moins susceptible de vaciller.<br \/>\n&#8211; \ud83c\udfe0Assemblage et nettoyage facile : La construction simple de ce paravent vous permet de l&#8217;installer facilement en suivant les instructions. En outre, le paravent a une surface qui est facile \u00e0 nettoyer, ce qui facilite votre utilisation.<\/p>\n","protected":false},"excerpt":{"rendered":"<p>publicit\u00e9<br \/>\nGOPLUS Paravent Pliant 3 Panneaux avec Roues, Brise Vue Int\u00e9rieure et Ext\u00e9rieure avec Support en M\u00e9tal,Paravent de Chambre Retractable 262x180CM, pour Salon, Chambre, H\u00f4pital(Blanc)<\/p>\n","protected":false},"featured_media":714,"comment_status":"open","ping_status":"closed","template":"","meta":[],"product_cat":[15],"product_tag":[],"class_list":{"0":"post-715","1":"product","2":"type-product","3":"status-publish","4":"has-post-thumbnail","6":"product_cat-sin-categorizar","7":"nodate","8":"item-wrap","10":"first","11":"instock","12":"shipping-taxable","13":"product-type-external"},"_links":{"self":[{"href":"https:\/\/lofimusic.com.es\/index.php\/wp-json\/wp\/v2\/product\/715","targetHints":{"allow":["GET"]}}],"collection":[{"href":"https:\/\/lofimusic.com.es\/index.php\/wp-json\/wp\/v2\/product"}],"about":[{"href":"https:\/\/lofimusic.com.es\/index.php\/wp-json\/wp\/v2\/types\/product"}],"replies":[{"embeddable":true,"href":"https:\/\/lofimusic.com.es\/index.php\/wp-json\/wp\/v2\/comments?post=715"}],"wp:featuredmedia":[{"embeddable":true,"href":"https:\/\/lofimusic.com.es\/index.php\/wp-json\/wp\/v2\/media\/714"}],"wp:attachment":[{"href":"https:\/\/lofimusic.com.es\/index.php\/wp-json\/wp\/v2\/media?parent=715"}],"wp:term":[{"taxonomy":"product_cat","embeddable":true,"href":"https:\/\/lofimusic.com.es\/index.php\/wp-json\/wp\/v2\/product_cat?post=715"},{"taxonomy":"product_tag","embeddable":true,"href":"https:\/\/lofimusic.com.es\/index.php\/wp-json\/wp\/v2\/product_tag?post=715"}],"curies":[{"name":"wp","href":"https:\/\/api.w.org\/{rel}","templated":true}]}}