{"id":709,"date":"2024-09-13T23:21:03","date_gmt":"2024-09-13T23:21:03","guid":{"rendered":"https:\/\/lofimusic.com.es\/index.php\/producto\/b0d1vc39k8_fr\/"},"modified":"2024-09-13T23:21:03","modified_gmt":"2024-09-13T23:21:03","slug":"b0d1vc39k8_fr","status":"publish","type":"product","link":"https:\/\/lofimusic.com.es\/index.php\/producto\/b0d1vc39k8_fr\/","title":{"rendered":"B0D1VC39K8_FR"},"content":{"rendered":"<p>&#8211; \u3010Plusieurs Zones de Repos\u3011L\u2019arbre \u00e0 chat \u00e0 4 niveaux offre une vari\u00e9t\u00e9 d&#8217;endroits de repos, comme un perchoir sup\u00e9rieur confortable et un condo priv\u00e9 avec 2 entr\u00e9es, offrant \u00e0 vos amis f\u00e9lins le paradis ultime de d\u00e9tente. Et il existe des plateformes spacieuses pour sauter et se reposer, r\u00e9pondant \u00e0 leur instinct naturel.<br \/>\n&#8211; \u3010Design Amusant\u3011Le support d&#8217;escalade pour chat est \u00e9quip\u00e9 de griffoirs durables envelopp\u00e9s dans des cordes de jute douces, qui peuvent prot\u00e9ger vos meubles tout en aidant les chats \u00e0 aiguiser leurs griffes. De plus, il y a une planche \u00e0 gratter en sisal et une boule de jute suspendue, ajoutant plus de plaisir aux loisirs.<br \/>\n&#8211; \u3010Structure Robuste et Stable\u3011L&#8217;arbre \u00e0 chat est soutenu par un cadre en m\u00e9tal \u00e0 rev\u00eatement antirouille, offrant une excellente robustesse et durabilit\u00e9. En outre, il est \u00e9quip\u00e9 de repose-pieds r\u00e9glables, gardant le meuble stable m\u00eame sur un sol in\u00e9gal.<br \/>\n&#8211; \u3010Exp\u00e9rience de Couchage Confortable\u3011Le perchoir sup\u00e9rieur est dot\u00e9 d&#8217;un lit doux et adapt\u00e9 aux animaux de compagnie, offrant des surfaces chaudes et accueillantes sur lesquelles ils peuvent se reposer. Et ses bords protecteurs sur\u00e9lev\u00e9s procurent un sentiment de s\u00e9curit\u00e9. De plus, le lit pour chat est \u00e9galement amovible.<br \/>\n&#8211; \u3010Apparence \u00c9l\u00e9gante et Assemblage Facile\u3011Alliant esth\u00e9tique et praticit\u00e9, la magnifique et attrayante tour \u00e0 chat se fondra parfaitement dans votre d\u00e9coration d&#8217;int\u00e9rieur comme un meuble moderne. Avec des illustrations claires et toutes les pi\u00e8ces num\u00e9rot\u00e9es dans le manuel d\u2019utilisation, il est simple de l\u2019installer.<\/p>\n","protected":false},"excerpt":{"rendered":"<p>publicit\u00e9<br \/>\nCOSTWAY Arbre \u00e0 Chat avec Cadre en M\u00e9tal, Tour \u00e0 Chat de 118 CM avec Condo en Bois, Centre d&#8217;Activit\u00e9s pour Chaton avec Griffoir en Jute Et Boule Suspendue, Charge 20 KG Chaque Couche (Noir)<\/p>\n","protected":false},"featured_media":708,"comment_status":"open","ping_status":"closed","template":"","meta":[],"product_cat":[15],"product_tag":[],"class_list":{"0":"post-709","1":"product","2":"type-product","3":"status-publish","4":"has-post-thumbnail","6":"product_cat-sin-categorizar","7":"nodate","8":"item-wrap","10":"first","11":"instock","12":"shipping-taxable","13":"product-type-external"},"_links":{"self":[{"href":"https:\/\/lofimusic.com.es\/index.php\/wp-json\/wp\/v2\/product\/709","targetHints":{"allow":["GET"]}}],"collection":[{"href":"https:\/\/lofimusic.com.es\/index.php\/wp-json\/wp\/v2\/product"}],"about":[{"href":"https:\/\/lofimusic.com.es\/index.php\/wp-json\/wp\/v2\/types\/product"}],"replies":[{"embeddable":true,"href":"https:\/\/lofimusic.com.es\/index.php\/wp-json\/wp\/v2\/comments?post=709"}],"wp:featuredmedia":[{"embeddable":true,"href":"https:\/\/lofimusic.com.es\/index.php\/wp-json\/wp\/v2\/media\/708"}],"wp:attachment":[{"href":"https:\/\/lofimusic.com.es\/index.php\/wp-json\/wp\/v2\/media?parent=709"}],"wp:term":[{"taxonomy":"product_cat","embeddable":true,"href":"https:\/\/lofimusic.com.es\/index.php\/wp-json\/wp\/v2\/product_cat?post=709"},{"taxonomy":"product_tag","embeddable":true,"href":"https:\/\/lofimusic.com.es\/index.php\/wp-json\/wp\/v2\/product_tag?post=709"}],"curies":[{"name":"wp","href":"https:\/\/api.w.org\/{rel}","templated":true}]}}