{"id":705,"date":"2024-09-13T23:19:03","date_gmt":"2024-09-13T23:19:03","guid":{"rendered":"https:\/\/lofimusic.com.es\/index.php\/producto\/b0d33mvtwt_de\/"},"modified":"2024-09-13T23:19:03","modified_gmt":"2024-09-13T23:19:03","slug":"b0d33mvtwt_de","status":"publish","type":"product","link":"https:\/\/lofimusic.com.es\/index.php\/producto\/b0d33mvtwt_de\/","title":{"rendered":"B0D33MVTWT_DE"},"content":{"rendered":"<p>&#8211; Keine Batterien erforderlich:Der Sender verwendet Piezoelektrizit\u00e4t. Dies bedeutet,dass die Energie zum \u00dcbertragen des Signals,Jemand ist an der T\u00fcr,durch das tats\u00e4chliche Dr\u00fccken der T\u00fcrklingel erzeugt wird. Sie m\u00fcssen den Klingelknopf nicht regelm\u00e4\u00dfig \u00f6ffnen,um zu pr\u00fcfen,ob die Batterie noch Strom liefert<br \/>\n&#8211; LED Blinkanzeige:Der steckbare T\u00fcrklingelempf\u00e4nger verf\u00fcgt \u00fcber eine 6-farbige LED-Anzeige,die blinkt,wenn der Sender gedr\u00fcckt wird und ein Signal empfangen wird.Die Empf\u00e4ngeroberfl\u00e4che ist konvex gestaltet und der Sichtbereich des LED-Lichts ist 30\u00b0 breiter als bei herk\u00f6mmlichen T\u00fcrklingeln.genau richtig f\u00fcr \u00e4ltere Menschen mit Seh- oder H\u00f6rbehinderung<br \/>\n&#8211; 38 Melodien: da ist f\u00fcr jeden Geschmack und jede Jahreszeit etwas dabei.4 Lautst\u00e4rkestufen (25-85 dB) Die Lautst\u00e4rke l\u00e4sst sich je nach Bedarf leiser oder lauter ver\u00e4ndern.25dB wird Ihr Kind nicht im Ruhezustand und Sie sehen dank des Blinksignals trotzdem,wenn jemand an der T\u00fcr klingelt<br \/>\n&#8211; 300 m\/1000 Fu\u00df Funkreichweite:CE-EMC zertifiziert,funktioniert auch \u00fcber gro\u00dfe Entfernungen hinweg sehr gut.Es klingelt nicht grundlos und st\u00f6rt auch keine anderen Ger\u00e4te in Ihrem Zuhause.Damit verpassen Sie keinen Besucher mehr,egal wo Sie sind<br \/>\n&#8211; Die T\u00fcrklingel mit IP44 Schutzklasse : hochwertig konstruiert,wasserdicht und langlebig und h\u00e4lt auch den h\u00e4rtesten Wetterbedingungen (-22 \u00b0F bis 158 \u00b0F) stand.Sie hat bei starkem Regen, Sturm,Schnee und eisigen Temperaturen hervorragende Arbeit geleistet<br \/>\n&#8211; Einfach zu installieren und funktioniert direkt aus der Box:Sie m\u00fcssen nicht einmal die mitgelieferten Schrauben verwenden,Ziehen Sie einfach den Klingelknopf ab,kleben Sie ihn am T\u00fcrrahmen fest und schlie\u00dfen Sie den Empf\u00e4nger an eine Steckdose an.Ein Kind k\u00f6nnte ihn leicht installieren<br \/>\n&#8211; Sicher und energiesparend:Der Plug-in-T\u00fcrklingelempf\u00e4nger besteht aus ABS-Material, Er erw\u00e4rmt sich nicht, wenn er l\u00e4ngere Zeit eingeschaltet ist (Betriebsspannung 240 V). Er verbraucht nur weniger als 2 EUR Strom pro Jahr,Sein stilvolles Design f\u00fcgt sich nahtlos in Ihre Inneneinrichtung ein<\/p>\n","protected":false},"excerpt":{"rendered":"<p>Werbung<br \/>\nFunkturklingel T\u00fcrklingel Batterielose,IP44 Funk Klingel Set Aussen Wasserdicht,Funktioniert auf 1000 Fu\u00df Reichweite Mit 38 Glockenspielen 4 Lautst\u00e4rkepegel Funk Turklingel B111-Silvery<\/p>\n","protected":false},"featured_media":704,"comment_status":"open","ping_status":"closed","template":"","meta":[],"product_cat":[15],"product_tag":[],"class_list":{"0":"post-705","1":"product","2":"type-product","3":"status-publish","4":"has-post-thumbnail","6":"product_cat-sin-categorizar","7":"nodate","8":"item-wrap","10":"first","11":"instock","12":"shipping-taxable","13":"product-type-external"},"_links":{"self":[{"href":"https:\/\/lofimusic.com.es\/index.php\/wp-json\/wp\/v2\/product\/705","targetHints":{"allow":["GET"]}}],"collection":[{"href":"https:\/\/lofimusic.com.es\/index.php\/wp-json\/wp\/v2\/product"}],"about":[{"href":"https:\/\/lofimusic.com.es\/index.php\/wp-json\/wp\/v2\/types\/product"}],"replies":[{"embeddable":true,"href":"https:\/\/lofimusic.com.es\/index.php\/wp-json\/wp\/v2\/comments?post=705"}],"wp:featuredmedia":[{"embeddable":true,"href":"https:\/\/lofimusic.com.es\/index.php\/wp-json\/wp\/v2\/media\/704"}],"wp:attachment":[{"href":"https:\/\/lofimusic.com.es\/index.php\/wp-json\/wp\/v2\/media?parent=705"}],"wp:term":[{"taxonomy":"product_cat","embeddable":true,"href":"https:\/\/lofimusic.com.es\/index.php\/wp-json\/wp\/v2\/product_cat?post=705"},{"taxonomy":"product_tag","embeddable":true,"href":"https:\/\/lofimusic.com.es\/index.php\/wp-json\/wp\/v2\/product_tag?post=705"}],"curies":[{"name":"wp","href":"https:\/\/api.w.org\/{rel}","templated":true}]}}